{"id":916,"date":"2024-07-18T16:59:08","date_gmt":"2024-07-18T14:59:08","guid":{"rendered":"https:\/\/inside-toulouse.com\/?page_id=916"},"modified":"2024-08-05T12:47:13","modified_gmt":"2024-08-05T10:47:13","slug":"design-despace-mobilier-sur-mesure","status":"publish","type":"page","link":"https:\/\/inside-toulouse.com\/index.php\/design-despace-mobilier-sur-mesure\/","title":{"rendered":"Design d\u2019Espace \u2013 Mobilier sur mesure"},"content":{"rendered":"\t\t<div data-elementor-type=\"wp-page\" data-elementor-id=\"916\" class=\"elementor elementor-916\">\n\t\t\t\t<div class=\"elementor-element elementor-element-66d05336 e-con-full e-flex e-con e-parent\" data-id=\"66d05336\" data-element_type=\"container\" data-e-type=\"container\" data-settings=\"{&quot;background_background&quot;:&quot;classic&quot;}\">\n\t\t<div class=\"elementor-element elementor-element-174fe934 e-con-full e-flex e-con e-child\" data-id=\"174fe934\" data-element_type=\"container\" data-e-type=\"container\">\n\t\t\t\t<div class=\"elementor-element elementor-element-22087e2a elementor-widget elementor-widget-image\" data-id=\"22087e2a\" data-element_type=\"widget\" data-e-type=\"widget\" data-widget_type=\"image.default\">\n\t\t\t\t<div class=\"elementor-widget-container\">\n\t\t\t\t\t\t\t\t\t\t\t\t\t\t\t\t<a href=\"https:\/\/inside-toulouse.com\/\">\n\t\t\t\t\t\t\t<img decoding=\"async\" width=\"70\" height=\"32\" src=\"https:\/\/inside-toulouse.com\/wp-content\/uploads\/2024\/05\/logo-inside.svg\" class=\"attachment-large size-large wp-image-32\" alt=\"\" \/>\t\t\t\t\t\t\t\t<\/a>\n\t\t\t\t\t\t\t\t\t\t\t\t\t\t\t<\/div>\n\t\t\t\t<\/div>\n\t\t\t\t<\/div>\n\t\t<div class=\"elementor-element elementor-element-1415555e e-con-full e-flex e-con e-child\" data-id=\"1415555e\" data-element_type=\"container\" data-e-type=\"container\">\n\t\t\t\t<div class=\"elementor-element elementor-element-6a7472c2 elementor-widget elementor-widget-heading\" data-id=\"6a7472c2\" data-element_type=\"widget\" data-e-type=\"widget\" data-widget_type=\"heading.default\">\n\t\t\t\t<div class=\"elementor-widget-container\">\n\t\t\t\t\t<h2 class=\"elementor-heading-title elementor-size-default\"><a href=\"https:\/\/inside-toulouse.com\/#studio\">LE STUDIO<\/a><\/h2>\t\t\t\t<\/div>\n\t\t\t\t<\/div>\n\t\t\t\t<div class=\"elementor-element elementor-element-4d417ae5 elementor-widget elementor-widget-heading\" data-id=\"4d417ae5\" data-element_type=\"widget\" data-e-type=\"widget\" data-widget_type=\"heading.default\">\n\t\t\t\t<div class=\"elementor-widget-container\">\n\t\t\t\t\t<h2 class=\"elementor-heading-title elementor-size-default\"><a href=\"https:\/\/inside-toulouse.com\/#design-graphique\">DESIGN GRAPHIQUE<\/a><\/h2>\t\t\t\t<\/div>\n\t\t\t\t<\/div>\n\t\t\t\t<div class=\"elementor-element elementor-element-62f83bf8 elementor-widget elementor-widget-heading\" data-id=\"62f83bf8\" data-element_type=\"widget\" data-e-type=\"widget\" data-widget_type=\"heading.default\">\n\t\t\t\t<div class=\"elementor-widget-container\">\n\t\t\t\t\t<h2 class=\"elementor-heading-title elementor-size-default\"><a href=\"https:\/\/inside-toulouse.com\/#design-espace\">DESIGN D'ESPACE<\/a><\/h2>\t\t\t\t<\/div>\n\t\t\t\t<\/div>\n\t\t\t\t<div class=\"elementor-element elementor-element-5800fbf2 elementor-widget elementor-widget-heading\" data-id=\"5800fbf2\" data-element_type=\"widget\" data-e-type=\"widget\" data-widget_type=\"heading.default\">\n\t\t\t\t<div class=\"elementor-widget-container\">\n\t\t\t\t\t<h2 class=\"elementor-heading-title elementor-size-default\"><a href=\"https:\/\/inside-toulouse.com\/#equipe\">L'EQUIPE<\/a><\/h2>\t\t\t\t<\/div>\n\t\t\t\t<\/div>\n\t\t\t\t<div class=\"elementor-element elementor-element-4d0ca5d8 elementor-widget elementor-widget-heading\" data-id=\"4d0ca5d8\" data-element_type=\"widget\" data-e-type=\"widget\" data-widget_type=\"heading.default\">\n\t\t\t\t<div class=\"elementor-widget-container\">\n\t\t\t\t\t<h2 class=\"elementor-heading-title elementor-size-default\"><a href=\"https:\/\/inside-toulouse.com\/#stmxinside\">STM X INSIDE<\/a><\/h2>\t\t\t\t<\/div>\n\t\t\t\t<\/div>\n\t\t\t\t<div class=\"elementor-element elementor-element-4bfdb166 elementor-widget elementor-widget-heading\" data-id=\"4bfdb166\" data-element_type=\"widget\" data-e-type=\"widget\" data-widget_type=\"heading.default\">\n\t\t\t\t<div class=\"elementor-widget-container\">\n\t\t\t\t\t<h2 class=\"elementor-heading-title elementor-size-default\"><a href=\"https:\/\/inside-toulouse.com\/#contact\">CONTACT<\/a><\/h2>\t\t\t\t<\/div>\n\t\t\t\t<\/div>\n\t\t\t\t<\/div>\n\t\t<div class=\"elementor-element elementor-element-1c4ff039 e-con-full e-flex e-con e-child\" data-id=\"1c4ff039\" data-element_type=\"container\" data-e-type=\"container\">\n\t\t\t\t<div class=\"elementor-element elementor-element-47e1c051 elementor-widget elementor-widget-image\" data-id=\"47e1c051\" data-element_type=\"widget\" data-e-type=\"widget\" data-widget_type=\"image.default\">\n\t\t\t\t<div class=\"elementor-widget-container\">\n\t\t\t\t\t\t\t\t\t\t\t\t\t\t\t\t<a href=\"https:\/\/stm31.com\" target=\"_blank\">\n\t\t\t\t\t\t\t<img decoding=\"async\" width=\"31\" height=\"31\" src=\"https:\/\/inside-toulouse.com\/wp-content\/uploads\/2024\/06\/STM.svg\" class=\"attachment-large size-large wp-image-272\" alt=\"\" \/>\t\t\t\t\t\t\t\t<\/a>\n\t\t\t\t\t\t\t\t\t\t\t\t\t\t\t<\/div>\n\t\t\t\t<\/div>\n\t\t\t\t<div class=\"elementor-element elementor-element-1c9705fb elementor-widget elementor-widget-image\" data-id=\"1c9705fb\" data-element_type=\"widget\" data-e-type=\"widget\" data-widget_type=\"image.default\">\n\t\t\t\t<div class=\"elementor-widget-container\">\n\t\t\t\t\t\t\t\t\t\t\t\t\t\t\t\t<a href=\"https:\/\/www.instagram.com\/stmtoulouse\/\" target=\"_blank\">\n\t\t\t\t\t\t\t<img decoding=\"async\" width=\"31\" height=\"31\" src=\"https:\/\/inside-toulouse.com\/wp-content\/uploads\/2024\/06\/insta.svg\" class=\"attachment-large size-large wp-image-271\" alt=\"\" \/>\t\t\t\t\t\t\t\t<\/a>\n\t\t\t\t\t\t\t\t\t\t\t\t\t\t\t<\/div>\n\t\t\t\t<\/div>\n\t\t\t\t<div class=\"elementor-element elementor-element-543f6947 elementor-widget elementor-widget-image\" data-id=\"543f6947\" data-element_type=\"widget\" data-e-type=\"widget\" data-widget_type=\"image.default\">\n\t\t\t\t<div class=\"elementor-widget-container\">\n\t\t\t\t\t\t\t\t\t\t\t\t\t\t\t\t<a href=\"https:\/\/www.pinterest.fr\/stmtoulouse\/\">\n\t\t\t\t\t\t\t<img loading=\"lazy\" decoding=\"async\" width=\"31\" height=\"31\" src=\"https:\/\/inside-toulouse.com\/wp-content\/uploads\/2024\/06\/PINTEREST.svg\" class=\"attachment-large size-large wp-image-270\" alt=\"\" \/>\t\t\t\t\t\t\t\t<\/a>\n\t\t\t\t\t\t\t\t\t\t\t\t\t\t\t<\/div>\n\t\t\t\t<\/div>\n\t\t\t\t<\/div>\n\t\t\t\t<\/div>\n\t\t<div class=\"elementor-element elementor-element-316b96cd e-con-full e-flex e-con e-parent\" data-id=\"316b96cd\" data-element_type=\"container\" data-e-type=\"container\" data-settings=\"{&quot;background_background&quot;:&quot;classic&quot;}\">\n\t\t<div class=\"elementor-element elementor-element-40c33cea e-con-full e-flex e-con e-child\" data-id=\"40c33cea\" data-element_type=\"container\" data-e-type=\"container\">\n\t\t\t\t<div class=\"elementor-element elementor-element-50b1178f elementor-widget elementor-widget-heading\" data-id=\"50b1178f\" data-element_type=\"widget\" data-e-type=\"widget\" data-widget_type=\"heading.default\">\n\t\t\t\t<div class=\"elementor-widget-container\">\n\t\t\t\t\t<h2 class=\"elementor-heading-title elementor-size-default\">Design<br>d'espace<\/h2>\t\t\t\t<\/div>\n\t\t\t\t<\/div>\n\t\t\t\t<\/div>\n\t\t<div class=\"elementor-element elementor-element-55c37a1b e-con-full e-flex e-con e-child\" data-id=\"55c37a1b\" data-element_type=\"container\" data-e-type=\"container\" data-settings=\"{&quot;background_background&quot;:&quot;classic&quot;}\">\n\t\t\t\t<\/div>\n\t\t\t\t<\/div>\n\t\t<div class=\"elementor-element elementor-element-52ae1359 e-con-full e-flex e-con e-parent\" data-id=\"52ae1359\" data-element_type=\"container\" data-e-type=\"container\" data-settings=\"{&quot;background_background&quot;:&quot;gradient&quot;}\">\n\t\t\t\t<\/div>\n\t\t<div class=\"elementor-element elementor-element-556cbe19 e-con-full e-flex e-con e-parent\" data-id=\"556cbe19\" data-element_type=\"container\" data-e-type=\"container\" data-settings=\"{&quot;background_background&quot;:&quot;classic&quot;}\">\n\t\t<div class=\"elementor-element elementor-element-2e1581d7 e-flex e-con-boxed e-con e-child\" data-id=\"2e1581d7\" data-element_type=\"container\" data-e-type=\"container\">\n\t\t\t\t\t<div class=\"e-con-inner\">\n\t\t\t\t<div class=\"elementor-element elementor-element-d3256b7 elementor-widget elementor-widget-heading\" data-id=\"d3256b7\" data-element_type=\"widget\" data-e-type=\"widget\" data-widget_type=\"heading.default\">\n\t\t\t\t<div class=\"elementor-widget-container\">\n\t\t\t\t\t<h2 class=\"elementor-heading-title elementor-size-default\">Mobilier sur mesure<\/h2>\t\t\t\t<\/div>\n\t\t\t\t<\/div>\n\t\t\t\t<div class=\"elementor-element elementor-element-7e207913 elementor-widget elementor-widget-text-editor\" data-id=\"7e207913\" data-element_type=\"widget\" data-e-type=\"widget\" data-widget_type=\"text-editor.default\">\n\t\t\t\t<div class=\"elementor-widget-container\">\n\t\t\t\t\t\t\t\t\t<p>La conception de mobilier sur mesure allie cr\u00e9ativit\u00e9 et expertise pour cr\u00e9er des tables, bureaux, biblioth\u00e8ques, suspensions et claustras uniques. Chaque pi\u00e8ce est adapt\u00e9e \u00e0 vos besoins et utilise des mat\u00e9riaux de haute qualit\u00e9 pour garantir esth\u00e9tique et durabilit\u00e9. Ajoutez une touche d&#8217;\u00e9l\u00e9gance et de fonctionnalit\u00e9 \u00e0 votre espace avec notre mobilier personnalis\u00e9.<\/p>\t\t\t\t\t\t\t\t<\/div>\n\t\t\t\t<\/div>\n\t\t<div class=\"elementor-element elementor-element-13ab6f4f e-grid e-con-full e-con e-child\" data-id=\"13ab6f4f\" data-element_type=\"container\" data-e-type=\"container\" data-settings=\"{&quot;background_background&quot;:&quot;classic&quot;}\">\n\t\t\t\t<div class=\"elementor-element elementor-element-6e13f4d3 elementor-widget elementor-widget-image\" data-id=\"6e13f4d3\" data-element_type=\"widget\" data-e-type=\"widget\" data-widget_type=\"image.default\">\n\t\t\t\t<div class=\"elementor-widget-container\">\n\t\t\t\t\t\t\t\t\t\t\t\t\t\t\t<img loading=\"lazy\" decoding=\"async\" width=\"800\" height=\"800\" src=\"https:\/\/i0.wp.com\/inside-toulouse.com\/wp-content\/uploads\/2024\/07\/BIBLIOTHEQUE3.png?fit=800%2C800&amp;ssl=1\" class=\"attachment-large size-large wp-image-924\" alt=\"\" srcset=\"https:\/\/i0.wp.com\/inside-toulouse.com\/wp-content\/uploads\/2024\/07\/BIBLIOTHEQUE3.png?w=1920&amp;ssl=1 1920w, https:\/\/i0.wp.com\/inside-toulouse.com\/wp-content\/uploads\/2024\/07\/BIBLIOTHEQUE3.png?resize=300%2C300&amp;ssl=1 300w, https:\/\/i0.wp.com\/inside-toulouse.com\/wp-content\/uploads\/2024\/07\/BIBLIOTHEQUE3.png?resize=1024%2C1024&amp;ssl=1 1024w, https:\/\/i0.wp.com\/inside-toulouse.com\/wp-content\/uploads\/2024\/07\/BIBLIOTHEQUE3.png?resize=150%2C150&amp;ssl=1 150w, https:\/\/i0.wp.com\/inside-toulouse.com\/wp-content\/uploads\/2024\/07\/BIBLIOTHEQUE3.png?resize=768%2C768&amp;ssl=1 768w, https:\/\/i0.wp.com\/inside-toulouse.com\/wp-content\/uploads\/2024\/07\/BIBLIOTHEQUE3.png?resize=1536%2C1536&amp;ssl=1 1536w, https:\/\/i0.wp.com\/inside-toulouse.com\/wp-content\/uploads\/2024\/07\/BIBLIOTHEQUE3.png?w=1600 1600w\" sizes=\"(max-width: 800px) 100vw, 800px\" \/>\t\t\t\t\t\t\t\t\t\t\t\t\t\t\t<\/div>\n\t\t\t\t<\/div>\n\t\t\t\t<div class=\"elementor-element elementor-element-43667ee3 elementor-widget elementor-widget-image\" data-id=\"43667ee3\" data-element_type=\"widget\" data-e-type=\"widget\" data-widget_type=\"image.default\">\n\t\t\t\t<div class=\"elementor-widget-container\">\n\t\t\t\t\t\t\t\t\t\t\t\t\t\t\t<img loading=\"lazy\" decoding=\"async\" width=\"800\" height=\"800\" src=\"https:\/\/i0.wp.com\/inside-toulouse.com\/wp-content\/uploads\/2024\/07\/BIBLIOTHEQUE2.png?fit=800%2C800&amp;ssl=1\" class=\"attachment-large size-large wp-image-922\" alt=\"\" srcset=\"https:\/\/i0.wp.com\/inside-toulouse.com\/wp-content\/uploads\/2024\/07\/BIBLIOTHEQUE2.png?w=1920&amp;ssl=1 1920w, https:\/\/i0.wp.com\/inside-toulouse.com\/wp-content\/uploads\/2024\/07\/BIBLIOTHEQUE2.png?resize=300%2C300&amp;ssl=1 300w, https:\/\/i0.wp.com\/inside-toulouse.com\/wp-content\/uploads\/2024\/07\/BIBLIOTHEQUE2.png?resize=1024%2C1024&amp;ssl=1 1024w, https:\/\/i0.wp.com\/inside-toulouse.com\/wp-content\/uploads\/2024\/07\/BIBLIOTHEQUE2.png?resize=150%2C150&amp;ssl=1 150w, https:\/\/i0.wp.com\/inside-toulouse.com\/wp-content\/uploads\/2024\/07\/BIBLIOTHEQUE2.png?resize=768%2C768&amp;ssl=1 768w, https:\/\/i0.wp.com\/inside-toulouse.com\/wp-content\/uploads\/2024\/07\/BIBLIOTHEQUE2.png?resize=1536%2C1536&amp;ssl=1 1536w, https:\/\/i0.wp.com\/inside-toulouse.com\/wp-content\/uploads\/2024\/07\/BIBLIOTHEQUE2.png?w=1600 1600w\" sizes=\"(max-width: 800px) 100vw, 800px\" \/>\t\t\t\t\t\t\t\t\t\t\t\t\t\t\t<\/div>\n\t\t\t\t<\/div>\n\t\t\t\t<\/div>\n\t\t<div class=\"elementor-element elementor-element-3a8cf379 e-grid e-con-full e-con e-child\" data-id=\"3a8cf379\" data-element_type=\"container\" data-e-type=\"container\" data-settings=\"{&quot;background_background&quot;:&quot;classic&quot;}\">\n\t\t\t\t<div class=\"elementor-element elementor-element-2c026935 elementor-widget elementor-widget-image\" data-id=\"2c026935\" data-element_type=\"widget\" data-e-type=\"widget\" data-widget_type=\"image.default\">\n\t\t\t\t<div class=\"elementor-widget-container\">\n\t\t\t\t\t\t\t\t\t\t\t\t\t\t\t<img loading=\"lazy\" decoding=\"async\" width=\"800\" height=\"450\" src=\"https:\/\/i0.wp.com\/inside-toulouse.com\/wp-content\/uploads\/2024\/07\/BIBLIOTHEQUE4.png?fit=800%2C450&amp;ssl=1\" class=\"attachment-large size-large wp-image-925\" alt=\"\" srcset=\"https:\/\/i0.wp.com\/inside-toulouse.com\/wp-content\/uploads\/2024\/07\/BIBLIOTHEQUE4.png?w=1920&amp;ssl=1 1920w, https:\/\/i0.wp.com\/inside-toulouse.com\/wp-content\/uploads\/2024\/07\/BIBLIOTHEQUE4.png?resize=300%2C169&amp;ssl=1 300w, https:\/\/i0.wp.com\/inside-toulouse.com\/wp-content\/uploads\/2024\/07\/BIBLIOTHEQUE4.png?resize=1024%2C576&amp;ssl=1 1024w, https:\/\/i0.wp.com\/inside-toulouse.com\/wp-content\/uploads\/2024\/07\/BIBLIOTHEQUE4.png?resize=768%2C432&amp;ssl=1 768w, https:\/\/i0.wp.com\/inside-toulouse.com\/wp-content\/uploads\/2024\/07\/BIBLIOTHEQUE4.png?resize=1536%2C864&amp;ssl=1 1536w, https:\/\/i0.wp.com\/inside-toulouse.com\/wp-content\/uploads\/2024\/07\/BIBLIOTHEQUE4.png?w=1600 1600w\" sizes=\"(max-width: 800px) 100vw, 800px\" \/>\t\t\t\t\t\t\t\t\t\t\t\t\t\t\t<\/div>\n\t\t\t\t<\/div>\n\t\t\t\t<\/div>\n\t\t<div class=\"elementor-element elementor-element-1f39423f e-grid e-con-full e-con e-child\" data-id=\"1f39423f\" data-element_type=\"container\" data-e-type=\"container\" data-settings=\"{&quot;background_background&quot;:&quot;classic&quot;}\">\n\t\t\t\t<div class=\"elementor-element elementor-element-765a15d5 elementor-widget elementor-widget-image\" data-id=\"765a15d5\" data-element_type=\"widget\" data-e-type=\"widget\" data-widget_type=\"image.default\">\n\t\t\t\t<div class=\"elementor-widget-container\">\n\t\t\t\t\t\t\t\t\t\t\t\t\t\t\t<img loading=\"lazy\" decoding=\"async\" width=\"800\" height=\"800\" src=\"https:\/\/i0.wp.com\/inside-toulouse.com\/wp-content\/uploads\/2024\/07\/BIBLIO-METAL3.png?fit=800%2C800&amp;ssl=1\" class=\"attachment-large size-large wp-image-929\" alt=\"\" srcset=\"https:\/\/i0.wp.com\/inside-toulouse.com\/wp-content\/uploads\/2024\/07\/BIBLIO-METAL3.png?w=1920&amp;ssl=1 1920w, https:\/\/i0.wp.com\/inside-toulouse.com\/wp-content\/uploads\/2024\/07\/BIBLIO-METAL3.png?resize=300%2C300&amp;ssl=1 300w, https:\/\/i0.wp.com\/inside-toulouse.com\/wp-content\/uploads\/2024\/07\/BIBLIO-METAL3.png?resize=1024%2C1024&amp;ssl=1 1024w, https:\/\/i0.wp.com\/inside-toulouse.com\/wp-content\/uploads\/2024\/07\/BIBLIO-METAL3.png?resize=150%2C150&amp;ssl=1 150w, https:\/\/i0.wp.com\/inside-toulouse.com\/wp-content\/uploads\/2024\/07\/BIBLIO-METAL3.png?resize=768%2C768&amp;ssl=1 768w, https:\/\/i0.wp.com\/inside-toulouse.com\/wp-content\/uploads\/2024\/07\/BIBLIO-METAL3.png?resize=1536%2C1536&amp;ssl=1 1536w, https:\/\/i0.wp.com\/inside-toulouse.com\/wp-content\/uploads\/2024\/07\/BIBLIO-METAL3.png?w=1600 1600w\" sizes=\"(max-width: 800px) 100vw, 800px\" \/>\t\t\t\t\t\t\t\t\t\t\t\t\t\t\t<\/div>\n\t\t\t\t<\/div>\n\t\t\t\t<div class=\"elementor-element elementor-element-7cc23198 elementor-widget elementor-widget-image\" data-id=\"7cc23198\" data-element_type=\"widget\" data-e-type=\"widget\" data-widget_type=\"image.default\">\n\t\t\t\t<div class=\"elementor-widget-container\">\n\t\t\t\t\t\t\t\t\t\t\t\t\t\t\t<img loading=\"lazy\" decoding=\"async\" width=\"800\" height=\"800\" src=\"https:\/\/i0.wp.com\/inside-toulouse.com\/wp-content\/uploads\/2024\/07\/BIBLIO-METAL2.png?fit=800%2C800&amp;ssl=1\" class=\"attachment-large size-large wp-image-930\" alt=\"\" srcset=\"https:\/\/i0.wp.com\/inside-toulouse.com\/wp-content\/uploads\/2024\/07\/BIBLIO-METAL2.png?w=1920&amp;ssl=1 1920w, https:\/\/i0.wp.com\/inside-toulouse.com\/wp-content\/uploads\/2024\/07\/BIBLIO-METAL2.png?resize=300%2C300&amp;ssl=1 300w, https:\/\/i0.wp.com\/inside-toulouse.com\/wp-content\/uploads\/2024\/07\/BIBLIO-METAL2.png?resize=1024%2C1024&amp;ssl=1 1024w, https:\/\/i0.wp.com\/inside-toulouse.com\/wp-content\/uploads\/2024\/07\/BIBLIO-METAL2.png?resize=150%2C150&amp;ssl=1 150w, https:\/\/i0.wp.com\/inside-toulouse.com\/wp-content\/uploads\/2024\/07\/BIBLIO-METAL2.png?resize=768%2C768&amp;ssl=1 768w, https:\/\/i0.wp.com\/inside-toulouse.com\/wp-content\/uploads\/2024\/07\/BIBLIO-METAL2.png?resize=1536%2C1536&amp;ssl=1 1536w, https:\/\/i0.wp.com\/inside-toulouse.com\/wp-content\/uploads\/2024\/07\/BIBLIO-METAL2.png?w=1600 1600w\" sizes=\"(max-width: 800px) 100vw, 800px\" \/>\t\t\t\t\t\t\t\t\t\t\t\t\t\t\t<\/div>\n\t\t\t\t<\/div>\n\t\t\t\t<\/div>\n\t\t<div class=\"elementor-element elementor-element-2c3a9644 e-grid e-con-full e-con e-child\" data-id=\"2c3a9644\" data-element_type=\"container\" data-e-type=\"container\" data-settings=\"{&quot;background_background&quot;:&quot;classic&quot;}\">\n\t\t\t\t<div class=\"elementor-element elementor-element-1b3661d elementor-widget elementor-widget-image\" data-id=\"1b3661d\" data-element_type=\"widget\" data-e-type=\"widget\" data-widget_type=\"image.default\">\n\t\t\t\t<div class=\"elementor-widget-container\">\n\t\t\t\t\t\t\t\t\t\t\t\t\t\t\t<img loading=\"lazy\" decoding=\"async\" width=\"800\" height=\"450\" src=\"https:\/\/i0.wp.com\/inside-toulouse.com\/wp-content\/uploads\/2024\/07\/BIBLIO-METAL1-1.png?fit=800%2C450&amp;ssl=1\" class=\"attachment-large size-large wp-image-933\" alt=\"\" srcset=\"https:\/\/i0.wp.com\/inside-toulouse.com\/wp-content\/uploads\/2024\/07\/BIBLIO-METAL1-1.png?w=1920&amp;ssl=1 1920w, https:\/\/i0.wp.com\/inside-toulouse.com\/wp-content\/uploads\/2024\/07\/BIBLIO-METAL1-1.png?resize=300%2C169&amp;ssl=1 300w, https:\/\/i0.wp.com\/inside-toulouse.com\/wp-content\/uploads\/2024\/07\/BIBLIO-METAL1-1.png?resize=1024%2C576&amp;ssl=1 1024w, https:\/\/i0.wp.com\/inside-toulouse.com\/wp-content\/uploads\/2024\/07\/BIBLIO-METAL1-1.png?resize=768%2C432&amp;ssl=1 768w, https:\/\/i0.wp.com\/inside-toulouse.com\/wp-content\/uploads\/2024\/07\/BIBLIO-METAL1-1.png?resize=1536%2C864&amp;ssl=1 1536w, https:\/\/i0.wp.com\/inside-toulouse.com\/wp-content\/uploads\/2024\/07\/BIBLIO-METAL1-1.png?w=1600 1600w\" sizes=\"(max-width: 800px) 100vw, 800px\" \/>\t\t\t\t\t\t\t\t\t\t\t\t\t\t\t<\/div>\n\t\t\t\t<\/div>\n\t\t\t\t<\/div>\n\t\t\t\t\t<\/div>\n\t\t\t\t<\/div>\n\t\t\t\t<\/div>\n\t\t<div class=\"elementor-element elementor-element-679bb73b e-flex e-con-boxed e-con e-parent\" data-id=\"679bb73b\" data-element_type=\"container\" data-e-type=\"container\" data-settings=\"{&quot;background_background&quot;:&quot;classic&quot;}\">\n\t\t\t\t\t<div class=\"e-con-inner\">\n\t\t\t\t<div class=\"elementor-element elementor-element-12017011 elementor-align-center elementor-widget elementor-widget-button\" data-id=\"12017011\" data-element_type=\"widget\" data-e-type=\"widget\" data-widget_type=\"button.default\">\n\t\t\t\t<div class=\"elementor-widget-container\">\n\t\t\t\t\t\t\t\t\t<div class=\"elementor-button-wrapper\">\n\t\t\t\t\t<a class=\"elementor-button elementor-button-link elementor-size-sm elementor-animation-grow\" href=\"https:\/\/inside-toulouse.com\/\">\n\t\t\t\t\t\t<span class=\"elementor-button-content-wrapper\">\n\t\t\t\t\t\t\t\t\t<span class=\"elementor-button-text\">Retour<\/span>\n\t\t\t\t\t<\/span>\n\t\t\t\t\t<\/a>\n\t\t\t\t<\/div>\n\t\t\t\t\t\t\t\t<\/div>\n\t\t\t\t<\/div>\n\t\t\t\t\t<\/div>\n\t\t\t\t<\/div>\n\t\t<div class=\"elementor-element elementor-element-2557c46d e-flex e-con-boxed e-con e-parent\" data-id=\"2557c46d\" data-element_type=\"container\" data-e-type=\"container\" data-settings=\"{&quot;background_background&quot;:&quot;gradient&quot;}\">\n\t\t\t\t\t<div class=\"e-con-inner\">\n\t\t<div class=\"elementor-element elementor-element-71336e96 e-con-full e-flex e-con e-child\" data-id=\"71336e96\" data-element_type=\"container\" data-e-type=\"container\">\n\t\t<div class=\"elementor-element elementor-element-7dfd870d e-con-full e-flex e-con e-child\" data-id=\"7dfd870d\" data-element_type=\"container\" data-e-type=\"container\">\n\t\t\t\t<div class=\"elementor-element elementor-element-40b02f74 elementor-widget elementor-widget-image\" data-id=\"40b02f74\" data-element_type=\"widget\" data-e-type=\"widget\" data-widget_type=\"image.default\">\n\t\t\t\t<div class=\"elementor-widget-container\">\n\t\t\t\t\t\t\t\t\t\t\t\t\t\t\t<img loading=\"lazy\" decoding=\"async\" width=\"81\" height=\"81\" src=\"https:\/\/inside-toulouse.com\/wp-content\/uploads\/2024\/06\/ESPACE-BLANC.svg\" class=\"attachment-large size-large wp-image-231\" alt=\"\" \/>\t\t\t\t\t\t\t\t\t\t\t\t\t\t\t<\/div>\n\t\t\t\t<\/div>\n\t\t\t\t<div class=\"elementor-element elementor-element-5a1c63b7 elementor-widget elementor-widget-image\" data-id=\"5a1c63b7\" data-element_type=\"widget\" data-e-type=\"widget\" data-widget_type=\"image.default\">\n\t\t\t\t<div class=\"elementor-widget-container\">\n\t\t\t\t\t\t\t\t\t\t\t\t\t\t\t<img loading=\"lazy\" decoding=\"async\" width=\"81\" height=\"81\" src=\"https:\/\/inside-toulouse.com\/wp-content\/uploads\/2024\/06\/GRAPHIQUE-BLANC.svg\" class=\"attachment-large size-large wp-image-230\" alt=\"\" \/>\t\t\t\t\t\t\t\t\t\t\t\t\t\t\t<\/div>\n\t\t\t\t<\/div>\n\t\t\t\t<\/div>\n\t\t<div class=\"elementor-element elementor-element-2696844 e-con-full e-flex e-con e-child\" data-id=\"2696844\" data-element_type=\"container\" data-e-type=\"container\">\n\t\t\t\t<div class=\"elementor-element elementor-element-34145c95 elementor-widget elementor-widget-text-editor\" data-id=\"34145c95\" data-element_type=\"widget\" data-e-type=\"widget\" data-widget_type=\"text-editor.default\">\n\t\t\t\t<div class=\"elementor-widget-container\">\n\t\t\t\t\t\t\t\t\t<p>Du Lundi au Vendredi<br \/>09h00 \u00e0 19h00<br \/>(18h00 le vendredi)<\/p>\t\t\t\t\t\t\t\t<\/div>\n\t\t\t\t<\/div>\n\t\t\t\t<\/div>\n\t\t<div class=\"elementor-element elementor-element-6b038828 e-con-full e-flex e-con e-child\" data-id=\"6b038828\" data-element_type=\"container\" data-e-type=\"container\">\n\t\t\t\t<div class=\"elementor-element elementor-element-4ec5f7e4 elementor-widget elementor-widget-text-editor\" data-id=\"4ec5f7e4\" data-element_type=\"widget\" data-e-type=\"widget\" data-widget_type=\"text-editor.default\">\n\t\t\t\t<div class=\"elementor-widget-container\">\n\t\t\t\t\t\t\t\t\t<p>4 bis all\u00e9e de Longueterre<br \/>31850 Montrab\u00e9<br \/>05 34 67 12 89<\/p>\t\t\t\t\t\t\t\t<\/div>\n\t\t\t\t<\/div>\n\t\t\t\t<\/div>\n\t\t<div class=\"elementor-element elementor-element-202d2200 e-con-full e-flex e-con e-child\" data-id=\"202d2200\" data-element_type=\"container\" data-e-type=\"container\">\n\t\t\t\t<div class=\"elementor-element elementor-element-34f71598 elementor-widget elementor-widget-text-editor\" data-id=\"34f71598\" data-element_type=\"widget\" data-e-type=\"widget\" data-widget_type=\"text-editor.default\">\n\t\t\t\t<div class=\"elementor-widget-container\">\n\t\t\t\t\t\t\t\t\t<p><a href=\"#\">D\u00e9marche RSE<\/a><br \/><a href=\"#\">Mentions l\u00e9gales<\/a><br \/><a href=\"#\">CGV<\/a><\/p>\t\t\t\t\t\t\t\t<\/div>\n\t\t\t\t<\/div>\n\t\t\t\t<\/div>\n\t\t\t\t<\/div>\n\t\t<div class=\"elementor-element elementor-element-3998c9f0 e-con-full e-flex e-con e-child\" data-id=\"3998c9f0\" data-element_type=\"container\" data-e-type=\"container\">\n\t\t\t\t<div class=\"elementor-element elementor-element-6d5903ab elementor-widget elementor-widget-image\" data-id=\"6d5903ab\" data-element_type=\"widget\" data-e-type=\"widget\" data-widget_type=\"image.default\">\n\t\t\t\t<div class=\"elementor-widget-container\">\n\t\t\t\t\t\t\t\t\t\t\t\t\t\t\t<img decoding=\"async\" width=\"70\" height=\"32\" src=\"https:\/\/inside-toulouse.com\/wp-content\/uploads\/2024\/05\/logo-inside.svg\" class=\"attachment-large size-large wp-image-32\" alt=\"\" \/>\t\t\t\t\t\t\t\t\t\t\t\t\t\t\t<\/div>\n\t\t\t\t<\/div>\n\t\t\t\t<\/div>\n\t\t\t\t\t<\/div>\n\t\t\t\t<\/div>\n\t\t\t\t<\/div>\n\t\t","protected":false},"excerpt":{"rendered":"<p>LE STUDIO DESIGN GRAPHIQUE DESIGN D&#8217;ESPACE L&#8217;EQUIPE STM X INSIDE CONTACT Designd&#8217;espace Mobilier sur mesure La conception de mobilier sur mesure allie cr\u00e9ativit\u00e9 et expertise pour cr\u00e9er des tables, bureaux, biblioth\u00e8ques, suspensions et claustras uniques. Chaque pi\u00e8ce est adapt\u00e9e \u00e0 vos besoins et utilise des mat\u00e9riaux de haute qualit\u00e9 pour garantir esth\u00e9tique et durabilit\u00e9. Ajoutez [&hellip;]<\/p>\n","protected":false},"author":1,"featured_media":0,"parent":0,"menu_order":0,"comment_status":"closed","ping_status":"closed","template":"","meta":{"footnotes":""},"class_list":["post-916","page","type-page","status-publish","hentry"],"jetpack-related-posts":[],"jetpack_sharing_enabled":true,"_links":{"self":[{"href":"https:\/\/inside-toulouse.com\/index.php\/wp-json\/wp\/v2\/pages\/916","targetHints":{"allow":["GET"]}}],"collection":[{"href":"https:\/\/inside-toulouse.com\/index.php\/wp-json\/wp\/v2\/pages"}],"about":[{"href":"https:\/\/inside-toulouse.com\/index.php\/wp-json\/wp\/v2\/types\/page"}],"author":[{"embeddable":true,"href":"https:\/\/inside-toulouse.com\/index.php\/wp-json\/wp\/v2\/users\/1"}],"replies":[{"embeddable":true,"href":"https:\/\/inside-toulouse.com\/index.php\/wp-json\/wp\/v2\/comments?post=916"}],"version-history":[{"count":28,"href":"https:\/\/inside-toulouse.com\/index.php\/wp-json\/wp\/v2\/pages\/916\/revisions"}],"predecessor-version":[{"id":1120,"href":"https:\/\/inside-toulouse.com\/index.php\/wp-json\/wp\/v2\/pages\/916\/revisions\/1120"}],"wp:attachment":[{"href":"https:\/\/inside-toulouse.com\/index.php\/wp-json\/wp\/v2\/media?parent=916"}],"curies":[{"name":"wp","href":"https:\/\/api.w.org\/{rel}","templated":true}]}}