{"id":887,"date":"2024-07-15T18:19:05","date_gmt":"2024-07-15T16:19:05","guid":{"rendered":"https:\/\/inside-toulouse.com\/?page_id=887"},"modified":"2025-09-01T18:32:24","modified_gmt":"2025-09-01T16:32:24","slug":"design-graphique-projet-centre-ceor","status":"publish","type":"page","link":"https:\/\/inside-toulouse.com\/index.php\/design-graphique-projet-centre-ceor\/","title":{"rendered":"Design Graphique \u2013 Projet Centre Ceor"},"content":{"rendered":"\t\t<div data-elementor-type=\"wp-page\" data-elementor-id=\"887\" class=\"elementor elementor-887\">\n\t\t\t\t<div class=\"elementor-element elementor-element-26cb1305 e-con-full e-flex e-con e-parent\" data-id=\"26cb1305\" data-element_type=\"container\" data-e-type=\"container\" data-settings=\"{&quot;background_background&quot;:&quot;classic&quot;}\">\n\t\t<div class=\"elementor-element elementor-element-5aba3e7c e-con-full e-flex e-con e-child\" data-id=\"5aba3e7c\" data-element_type=\"container\" data-e-type=\"container\">\n\t\t\t\t<div class=\"elementor-element elementor-element-2db94f01 elementor-widget elementor-widget-image\" data-id=\"2db94f01\" data-element_type=\"widget\" data-e-type=\"widget\" data-widget_type=\"image.default\">\n\t\t\t\t<div class=\"elementor-widget-container\">\n\t\t\t\t\t\t\t\t\t\t\t\t\t\t\t\t<a href=\"https:\/\/inside-toulouse.com\/\">\n\t\t\t\t\t\t\t<img decoding=\"async\" width=\"70\" height=\"32\" src=\"https:\/\/inside-toulouse.com\/wp-content\/uploads\/2024\/05\/logo-inside.svg\" class=\"attachment-large size-large wp-image-32\" alt=\"\" \/>\t\t\t\t\t\t\t\t<\/a>\n\t\t\t\t\t\t\t\t\t\t\t\t\t\t\t<\/div>\n\t\t\t\t<\/div>\n\t\t\t\t<\/div>\n\t\t<div class=\"elementor-element elementor-element-4084da0b e-con-full e-flex e-con e-child\" data-id=\"4084da0b\" data-element_type=\"container\" data-e-type=\"container\">\n\t\t\t\t<div class=\"elementor-element elementor-element-507d023e elementor-widget elementor-widget-heading\" data-id=\"507d023e\" data-element_type=\"widget\" data-e-type=\"widget\" data-widget_type=\"heading.default\">\n\t\t\t\t<div class=\"elementor-widget-container\">\n\t\t\t\t\t<h2 class=\"elementor-heading-title elementor-size-default\"><a href=\"http:\/\/www.inside-toulouse.com#studio\">LE STUDIO<\/a><\/h2>\t\t\t\t<\/div>\n\t\t\t\t<\/div>\n\t\t\t\t<div class=\"elementor-element elementor-element-32268d2d elementor-widget elementor-widget-heading\" data-id=\"32268d2d\" data-element_type=\"widget\" data-e-type=\"widget\" data-widget_type=\"heading.default\">\n\t\t\t\t<div class=\"elementor-widget-container\">\n\t\t\t\t\t<h2 class=\"elementor-heading-title elementor-size-default\"><a href=\"http:\/\/www.inside-toulouse.com#design-graphique\">DESIGN GRAPHIQUE<\/a><\/h2>\t\t\t\t<\/div>\n\t\t\t\t<\/div>\n\t\t\t\t<div class=\"elementor-element elementor-element-21a45cc1 elementor-widget elementor-widget-heading\" data-id=\"21a45cc1\" data-element_type=\"widget\" data-e-type=\"widget\" data-widget_type=\"heading.default\">\n\t\t\t\t<div class=\"elementor-widget-container\">\n\t\t\t\t\t<h2 class=\"elementor-heading-title elementor-size-default\"><a href=\"http:\/\/www.inside-toulouse.com#design-espace\">DESIGN D'ESPACE<\/a><\/h2>\t\t\t\t<\/div>\n\t\t\t\t<\/div>\n\t\t\t\t<div class=\"elementor-element elementor-element-4275236a elementor-widget elementor-widget-heading\" data-id=\"4275236a\" data-element_type=\"widget\" data-e-type=\"widget\" data-widget_type=\"heading.default\">\n\t\t\t\t<div class=\"elementor-widget-container\">\n\t\t\t\t\t<h2 class=\"elementor-heading-title elementor-size-default\"><a href=\"http:\/\/www.inside-toulouse.com#equipe\">L'EQUIPE<\/a><\/h2>\t\t\t\t<\/div>\n\t\t\t\t<\/div>\n\t\t\t\t<div class=\"elementor-element elementor-element-47767728 elementor-widget elementor-widget-heading\" data-id=\"47767728\" data-element_type=\"widget\" data-e-type=\"widget\" data-widget_type=\"heading.default\">\n\t\t\t\t<div class=\"elementor-widget-container\">\n\t\t\t\t\t<h2 class=\"elementor-heading-title elementor-size-default\"><a href=\"http:\/\/www.inside-toulouse.com#stmxinside\">STM X INSIDE<\/a><\/h2>\t\t\t\t<\/div>\n\t\t\t\t<\/div>\n\t\t\t\t<div class=\"elementor-element elementor-element-309ca456 elementor-widget elementor-widget-heading\" data-id=\"309ca456\" data-element_type=\"widget\" data-e-type=\"widget\" data-widget_type=\"heading.default\">\n\t\t\t\t<div class=\"elementor-widget-container\">\n\t\t\t\t\t<h2 class=\"elementor-heading-title elementor-size-default\"><a href=\"http:\/\/www.inside-toulouse.com#contact\">CONTACT<\/a><\/h2>\t\t\t\t<\/div>\n\t\t\t\t<\/div>\n\t\t\t\t<\/div>\n\t\t<div class=\"elementor-element elementor-element-5de45507 e-con-full e-flex e-con e-child\" data-id=\"5de45507\" data-element_type=\"container\" data-e-type=\"container\">\n\t\t\t\t<div class=\"elementor-element elementor-element-3a632262 elementor-widget elementor-widget-image\" data-id=\"3a632262\" data-element_type=\"widget\" data-e-type=\"widget\" data-widget_type=\"image.default\">\n\t\t\t\t<div class=\"elementor-widget-container\">\n\t\t\t\t\t\t\t\t\t\t\t\t\t\t\t\t<a href=\"https:\/\/stm31.com\" target=\"_blank\">\n\t\t\t\t\t\t\t<img decoding=\"async\" width=\"31\" height=\"31\" src=\"https:\/\/inside-toulouse.com\/wp-content\/uploads\/2024\/06\/STM.svg\" class=\"attachment-large size-large wp-image-272\" alt=\"\" \/>\t\t\t\t\t\t\t\t<\/a>\n\t\t\t\t\t\t\t\t\t\t\t\t\t\t\t<\/div>\n\t\t\t\t<\/div>\n\t\t\t\t<div class=\"elementor-element elementor-element-4eb14926 elementor-widget elementor-widget-image\" data-id=\"4eb14926\" data-element_type=\"widget\" data-e-type=\"widget\" data-widget_type=\"image.default\">\n\t\t\t\t<div class=\"elementor-widget-container\">\n\t\t\t\t\t\t\t\t\t\t\t\t\t\t\t\t<a href=\"https:\/\/www.instagram.com\/stmtoulouse\/\" target=\"_blank\">\n\t\t\t\t\t\t\t<img decoding=\"async\" width=\"31\" height=\"31\" src=\"https:\/\/inside-toulouse.com\/wp-content\/uploads\/2024\/06\/insta.svg\" class=\"attachment-large size-large wp-image-271\" alt=\"\" \/>\t\t\t\t\t\t\t\t<\/a>\n\t\t\t\t\t\t\t\t\t\t\t\t\t\t\t<\/div>\n\t\t\t\t<\/div>\n\t\t\t\t<div class=\"elementor-element elementor-element-176d551f elementor-widget elementor-widget-image\" data-id=\"176d551f\" data-element_type=\"widget\" data-e-type=\"widget\" data-widget_type=\"image.default\">\n\t\t\t\t<div class=\"elementor-widget-container\">\n\t\t\t\t\t\t\t\t\t\t\t\t\t\t\t\t<a href=\"https:\/\/www.pinterest.fr\/stmtoulouse\/\">\n\t\t\t\t\t\t\t<img loading=\"lazy\" decoding=\"async\" width=\"31\" height=\"31\" src=\"https:\/\/inside-toulouse.com\/wp-content\/uploads\/2024\/06\/PINTEREST.svg\" class=\"attachment-large size-large wp-image-270\" alt=\"\" \/>\t\t\t\t\t\t\t\t<\/a>\n\t\t\t\t\t\t\t\t\t\t\t\t\t\t\t<\/div>\n\t\t\t\t<\/div>\n\t\t\t\t<\/div>\n\t\t\t\t<\/div>\n\t\t<div class=\"elementor-element elementor-element-136923a e-con-full e-flex e-con e-parent\" data-id=\"136923a\" data-element_type=\"container\" data-e-type=\"container\" data-settings=\"{&quot;background_background&quot;:&quot;classic&quot;}\">\n\t\t<div class=\"elementor-element elementor-element-768e59e4 e-con-full e-flex e-con e-child\" data-id=\"768e59e4\" data-element_type=\"container\" data-e-type=\"container\">\n\t\t\t\t<div class=\"elementor-element elementor-element-2a1989a0 elementor-widget elementor-widget-heading\" data-id=\"2a1989a0\" data-element_type=\"widget\" data-e-type=\"widget\" data-widget_type=\"heading.default\">\n\t\t\t\t<div class=\"elementor-widget-container\">\n\t\t\t\t\t<h2 class=\"elementor-heading-title elementor-size-default\">Design<br>graphique<\/h2>\t\t\t\t<\/div>\n\t\t\t\t<\/div>\n\t\t\t\t<\/div>\n\t\t<div class=\"elementor-element elementor-element-774a5e3f e-con-full e-flex e-con e-child\" data-id=\"774a5e3f\" data-element_type=\"container\" data-e-type=\"container\" data-settings=\"{&quot;background_background&quot;:&quot;classic&quot;}\">\n\t\t\t\t<\/div>\n\t\t\t\t<\/div>\n\t\t<div class=\"elementor-element elementor-element-19d3617a e-con-full e-flex e-con e-parent\" data-id=\"19d3617a\" data-element_type=\"container\" data-e-type=\"container\" data-settings=\"{&quot;background_background&quot;:&quot;gradient&quot;}\">\n\t\t\t\t<\/div>\n\t\t<div class=\"elementor-element elementor-element-2419c110 e-con-full e-flex e-con e-parent\" data-id=\"2419c110\" data-element_type=\"container\" data-e-type=\"container\" data-settings=\"{&quot;background_background&quot;:&quot;classic&quot;}\">\n\t\t<div class=\"elementor-element elementor-element-d5a3de0 e-flex e-con-boxed e-con e-child\" data-id=\"d5a3de0\" data-element_type=\"container\" data-e-type=\"container\">\n\t\t\t\t\t<div class=\"e-con-inner\">\n\t\t\t\t<div class=\"elementor-element elementor-element-4321ec28 elementor-widget elementor-widget-heading\" data-id=\"4321ec28\" data-element_type=\"widget\" data-e-type=\"widget\" data-widget_type=\"heading.default\">\n\t\t\t\t<div class=\"elementor-widget-container\">\n\t\t\t\t\t<h2 class=\"elementor-heading-title elementor-size-default\"><img decoding=\"async\" src=\"image\/png;base64,iVBORw0KGgoAAAANSUhEUgAAAOsAAAAtCAYAAABPu5x8AAAACXBIWXMAAAsSAAALEgHS3X78AAACq0lEQVR4nO2by3LAIAhFk07\/\/5fTVTttakQIqOg5axW9AR8Rz+u6DgCYn4\/RHQCANghWgCQQrABJIFgBkkCwAiThU1m+9dfxqe0ILA1+40BrsGrvd77LI\/7e4DeOSMH69hL2OtYXvqTR6mOWwG8CqJ1ZvbIlyLrYC\/wmiKdg9RYK4fcAvwmktA2WBKptT57qsqVZH\/wmGO3VjSTeWShjFfw6+s2ss8\/glv711E9iNb\/pqeuPrfOWyF\/rhFY87U8C79\/70o8f60pg\/VD39iz9s6xOmjasrOQ3Vhtv+yx++9aV1TLQCMG1ZZ\/qt7QxalWyrAw99dOQ3W8038JjRa+28XErWCL63GAVsZetnvTSwlOHVf2mt4+J9UanG75xmh6Bt2Jwe9QdTfS4PVZId6SkiMjZUTsjl8pbL89Ldaxnn15JES12a7Y99ZPI7Dfa8\/dTeU9tz+PQ5wZHUxvcefjMWE82ntofkU1jtddDvxmJHrfU\/uFgQ7Q1ahtsXY3erIgtNma412vpwyj9RhM97tFJHdWxjD6zwl9mmCzgL63f5O23E+vPtA3ONMPPyK76bTNuVlaAJEjBus2sBa7gNwGwsgIk4feZdfTVBT9X3jFKP\/ymE9ErK9shsIDfFLgHq+dLk8hkdPjPSP1W9htNIn8ompVV81ol+vnZ7oGdSb9MfmNtv8tjhtI9q5SeZZn5tM+eWkQbkQaYgVH6re43T\/W6TXz3x+eRnYgaqGY2jEjl62WntQ0t3hNedr8Z1b74HWrbYO9ZN9rGjsyo3wp+E546aEE6s3p0Oip5vqXtHZhRvxX8JuLl0ytacoMtT4C0HdbYIED\/M6N+K\/jNVLrWzqwAMBGkGwIkgWAFSALBCpAEghUgCQQrQBIIVoAkEKwASSBYAZJAsAIkgWAFSMIXtB3FQvusb7EAAAAASUVORK5CYIIA\" alt=\"\"><\/h2>\t\t\t\t<\/div>\n\t\t\t\t<\/div>\n\t\t\t\t<div class=\"elementor-element elementor-element-32912e54 elementor-widget elementor-widget-text-editor\" data-id=\"32912e54\" data-element_type=\"widget\" data-e-type=\"widget\" data-widget_type=\"text-editor.default\">\n\t\t\t\t<div class=\"elementor-widget-container\">\n\t\t\t\t\t\t\t\t\t<p>Aurore &amp; C\u00e9cile vous accueillent dans leur cabinet au c\u0153ur de Muret.<\/p><p>Ces deux infirmi\u00e8res sont sp\u00e9cialis\u00e9es dans l\u2019\u00e9pilation laser et les soins technico-esth\u00e9tiques.<\/p><p>Gr\u00e2ce \u00e0 leur savoir-faire, elles proposent des soins de qualit\u00e9 et mettent l&#8217;accent sur la mise en confiance et le bien-\u00eatre du client en lui proposant un cadre intimiste et chaleureux.<\/p><p>Elles mettent \u00e9galement en avant le savoir-faire Fran\u00e7ais \u00e0 travers le mat\u00e9riel qu&#8217;elles utilisent au quotidien pour r\u00e9aliser leurs prestations.<\/p><p>Il est temps de vous d\u00e9tendre en faisant appel \u00e0 l&#8217;expertise de ces deux praticiennes du soins !<\/p>\t\t\t\t\t\t\t\t<\/div>\n\t\t\t\t<\/div>\n\t\t\t\t<div class=\"elementor-element elementor-element-24730258 elementor-widget elementor-widget-image\" data-id=\"24730258\" data-element_type=\"widget\" data-e-type=\"widget\" data-widget_type=\"image.default\">\n\t\t\t\t<div class=\"elementor-widget-container\">\n\t\t\t\t\t\t\t\t\t\t\t\t\t\t\t<img loading=\"lazy\" decoding=\"async\" width=\"800\" height=\"375\" src=\"https:\/\/i0.wp.com\/inside-toulouse.com\/wp-content\/uploads\/2025\/08\/CEOR_1.jpg?fit=800%2C375&amp;ssl=1\" class=\"attachment-large size-large wp-image-1272\" alt=\"\" srcset=\"https:\/\/i0.wp.com\/inside-toulouse.com\/wp-content\/uploads\/2025\/08\/CEOR_1.jpg?w=900&amp;ssl=1 900w, https:\/\/i0.wp.com\/inside-toulouse.com\/wp-content\/uploads\/2025\/08\/CEOR_1.jpg?resize=300%2C141&amp;ssl=1 300w, https:\/\/i0.wp.com\/inside-toulouse.com\/wp-content\/uploads\/2025\/08\/CEOR_1.jpg?resize=768%2C360&amp;ssl=1 768w\" sizes=\"(max-width: 800px) 100vw, 800px\" \/>\t\t\t\t\t\t\t\t\t\t\t\t\t\t\t<\/div>\n\t\t\t\t<\/div>\n\t\t\t\t<div class=\"elementor-element elementor-element-2a9987ca elementor-widget elementor-widget-image\" data-id=\"2a9987ca\" data-element_type=\"widget\" data-e-type=\"widget\" data-widget_type=\"image.default\">\n\t\t\t\t<div class=\"elementor-widget-container\">\n\t\t\t\t\t\t\t\t\t\t\t\t\t\t\t<img loading=\"lazy\" decoding=\"async\" width=\"800\" height=\"266\" src=\"https:\/\/i0.wp.com\/inside-toulouse.com\/wp-content\/uploads\/2025\/08\/CEOR_2.jpg?fit=800%2C266&amp;ssl=1\" class=\"attachment-large size-large wp-image-1273\" alt=\"\" srcset=\"https:\/\/i0.wp.com\/inside-toulouse.com\/wp-content\/uploads\/2025\/08\/CEOR_2.jpg?w=900&amp;ssl=1 900w, https:\/\/i0.wp.com\/inside-toulouse.com\/wp-content\/uploads\/2025\/08\/CEOR_2.jpg?resize=300%2C100&amp;ssl=1 300w, https:\/\/i0.wp.com\/inside-toulouse.com\/wp-content\/uploads\/2025\/08\/CEOR_2.jpg?resize=768%2C255&amp;ssl=1 768w\" sizes=\"(max-width: 800px) 100vw, 800px\" \/>\t\t\t\t\t\t\t\t\t\t\t\t\t\t\t<\/div>\n\t\t\t\t<\/div>\n\t\t\t\t<div class=\"elementor-element elementor-element-42c9585e elementor-widget elementor-widget-image\" data-id=\"42c9585e\" data-element_type=\"widget\" data-e-type=\"widget\" data-widget_type=\"image.default\">\n\t\t\t\t<div class=\"elementor-widget-container\">\n\t\t\t\t\t\t\t\t\t\t\t\t\t\t\t<img loading=\"lazy\" decoding=\"async\" width=\"800\" height=\"540\" src=\"https:\/\/i0.wp.com\/inside-toulouse.com\/wp-content\/uploads\/2025\/08\/CEOR_3.jpg?fit=800%2C540&amp;ssl=1\" class=\"attachment-large size-large wp-image-1274\" alt=\"\" srcset=\"https:\/\/i0.wp.com\/inside-toulouse.com\/wp-content\/uploads\/2025\/08\/CEOR_3.jpg?w=900&amp;ssl=1 900w, https:\/\/i0.wp.com\/inside-toulouse.com\/wp-content\/uploads\/2025\/08\/CEOR_3.jpg?resize=300%2C202&amp;ssl=1 300w, https:\/\/i0.wp.com\/inside-toulouse.com\/wp-content\/uploads\/2025\/08\/CEOR_3.jpg?resize=768%2C518&amp;ssl=1 768w\" sizes=\"(max-width: 800px) 100vw, 800px\" \/>\t\t\t\t\t\t\t\t\t\t\t\t\t\t\t<\/div>\n\t\t\t\t<\/div>\n\t\t\t\t<div class=\"elementor-element elementor-element-732402e elementor-widget elementor-widget-image\" data-id=\"732402e\" data-element_type=\"widget\" data-e-type=\"widget\" data-widget_type=\"image.default\">\n\t\t\t\t<div class=\"elementor-widget-container\">\n\t\t\t\t\t\t\t\t\t\t\t\t\t\t\t<img loading=\"lazy\" decoding=\"async\" width=\"800\" height=\"471\" src=\"https:\/\/i0.wp.com\/inside-toulouse.com\/wp-content\/uploads\/2025\/08\/CEOR_4.jpg?fit=800%2C471&amp;ssl=1\" class=\"attachment-large size-large wp-image-1286\" alt=\"\" srcset=\"https:\/\/i0.wp.com\/inside-toulouse.com\/wp-content\/uploads\/2025\/08\/CEOR_4.jpg?w=900&amp;ssl=1 900w, https:\/\/i0.wp.com\/inside-toulouse.com\/wp-content\/uploads\/2025\/08\/CEOR_4.jpg?resize=300%2C177&amp;ssl=1 300w, https:\/\/i0.wp.com\/inside-toulouse.com\/wp-content\/uploads\/2025\/08\/CEOR_4.jpg?resize=768%2C452&amp;ssl=1 768w\" sizes=\"(max-width: 800px) 100vw, 800px\" \/>\t\t\t\t\t\t\t\t\t\t\t\t\t\t\t<\/div>\n\t\t\t\t<\/div>\n\t\t\t\t<div class=\"elementor-element elementor-element-7f2a8d5 elementor-widget elementor-widget-image\" data-id=\"7f2a8d5\" data-element_type=\"widget\" data-e-type=\"widget\" data-widget_type=\"image.default\">\n\t\t\t\t<div class=\"elementor-widget-container\">\n\t\t\t\t\t\t\t\t\t\t\t\t\t\t\t<img loading=\"lazy\" decoding=\"async\" width=\"800\" height=\"489\" src=\"https:\/\/i0.wp.com\/inside-toulouse.com\/wp-content\/uploads\/2025\/08\/CEOR_5.jpg?fit=800%2C489&amp;ssl=1\" class=\"attachment-large size-large wp-image-1276\" alt=\"\" srcset=\"https:\/\/i0.wp.com\/inside-toulouse.com\/wp-content\/uploads\/2025\/08\/CEOR_5.jpg?w=900&amp;ssl=1 900w, https:\/\/i0.wp.com\/inside-toulouse.com\/wp-content\/uploads\/2025\/08\/CEOR_5.jpg?resize=300%2C183&amp;ssl=1 300w, https:\/\/i0.wp.com\/inside-toulouse.com\/wp-content\/uploads\/2025\/08\/CEOR_5.jpg?resize=768%2C469&amp;ssl=1 768w\" sizes=\"(max-width: 800px) 100vw, 800px\" \/>\t\t\t\t\t\t\t\t\t\t\t\t\t\t\t<\/div>\n\t\t\t\t<\/div>\n\t\t\t\t<div class=\"elementor-element elementor-element-75fc30b elementor-widget elementor-widget-image\" data-id=\"75fc30b\" data-element_type=\"widget\" data-e-type=\"widget\" data-widget_type=\"image.default\">\n\t\t\t\t<div class=\"elementor-widget-container\">\n\t\t\t\t\t\t\t\t\t\t\t\t\t\t\t<img loading=\"lazy\" decoding=\"async\" width=\"800\" height=\"471\" src=\"https:\/\/i0.wp.com\/inside-toulouse.com\/wp-content\/uploads\/2025\/08\/CEOR_6.jpg?fit=800%2C471&amp;ssl=1\" class=\"attachment-large size-large wp-image-1284\" alt=\"\" srcset=\"https:\/\/i0.wp.com\/inside-toulouse.com\/wp-content\/uploads\/2025\/08\/CEOR_6.jpg?w=900&amp;ssl=1 900w, https:\/\/i0.wp.com\/inside-toulouse.com\/wp-content\/uploads\/2025\/08\/CEOR_6.jpg?resize=300%2C177&amp;ssl=1 300w, https:\/\/i0.wp.com\/inside-toulouse.com\/wp-content\/uploads\/2025\/08\/CEOR_6.jpg?resize=768%2C452&amp;ssl=1 768w\" sizes=\"(max-width: 800px) 100vw, 800px\" \/>\t\t\t\t\t\t\t\t\t\t\t\t\t\t\t<\/div>\n\t\t\t\t<\/div>\n\t\t\t\t<div class=\"elementor-element elementor-element-f3b71e9 elementor-widget elementor-widget-image\" data-id=\"f3b71e9\" data-element_type=\"widget\" data-e-type=\"widget\" data-widget_type=\"image.default\">\n\t\t\t\t<div class=\"elementor-widget-container\">\n\t\t\t\t\t\t\t\t\t\t\t\t\t\t\t<img loading=\"lazy\" decoding=\"async\" width=\"800\" height=\"489\" src=\"https:\/\/i0.wp.com\/inside-toulouse.com\/wp-content\/uploads\/2025\/08\/CEOR_77.jpg?fit=800%2C489&amp;ssl=1\" class=\"attachment-large size-large wp-image-1280\" alt=\"\" srcset=\"https:\/\/i0.wp.com\/inside-toulouse.com\/wp-content\/uploads\/2025\/08\/CEOR_77.jpg?w=900&amp;ssl=1 900w, https:\/\/i0.wp.com\/inside-toulouse.com\/wp-content\/uploads\/2025\/08\/CEOR_77.jpg?resize=300%2C183&amp;ssl=1 300w, https:\/\/i0.wp.com\/inside-toulouse.com\/wp-content\/uploads\/2025\/08\/CEOR_77.jpg?resize=768%2C469&amp;ssl=1 768w\" sizes=\"(max-width: 800px) 100vw, 800px\" \/>\t\t\t\t\t\t\t\t\t\t\t\t\t\t\t<\/div>\n\t\t\t\t<\/div>\n\t\t\t\t\t<\/div>\n\t\t\t\t<\/div>\n\t\t\t\t<\/div>\n\t\t<div class=\"elementor-element elementor-element-7b31c308 e-flex e-con-boxed e-con e-parent\" data-id=\"7b31c308\" data-element_type=\"container\" data-e-type=\"container\" data-settings=\"{&quot;background_background&quot;:&quot;classic&quot;}\">\n\t\t\t\t\t<div class=\"e-con-inner\">\n\t\t\t\t<div class=\"elementor-element elementor-element-283fa84a elementor-align-center elementor-widget elementor-widget-button\" data-id=\"283fa84a\" data-element_type=\"widget\" data-e-type=\"widget\" data-widget_type=\"button.default\">\n\t\t\t\t<div class=\"elementor-widget-container\">\n\t\t\t\t\t\t\t\t\t<div class=\"elementor-button-wrapper\">\n\t\t\t\t\t<a class=\"elementor-button elementor-button-link elementor-size-sm elementor-animation-grow\" href=\"https:\/\/inside-toulouse.com\/\">\n\t\t\t\t\t\t<span class=\"elementor-button-content-wrapper\">\n\t\t\t\t\t\t\t\t\t<span class=\"elementor-button-text\">Retour<\/span>\n\t\t\t\t\t<\/span>\n\t\t\t\t\t<\/a>\n\t\t\t\t<\/div>\n\t\t\t\t\t\t\t\t<\/div>\n\t\t\t\t<\/div>\n\t\t\t\t\t<\/div>\n\t\t\t\t<\/div>\n\t\t<div class=\"elementor-element elementor-element-5d4a8c93 e-flex e-con-boxed e-con e-parent\" data-id=\"5d4a8c93\" data-element_type=\"container\" data-e-type=\"container\" data-settings=\"{&quot;background_background&quot;:&quot;gradient&quot;}\">\n\t\t\t\t\t<div class=\"e-con-inner\">\n\t\t<div class=\"elementor-element elementor-element-3021221a e-con-full e-flex e-con e-child\" data-id=\"3021221a\" data-element_type=\"container\" data-e-type=\"container\">\n\t\t<div class=\"elementor-element elementor-element-75e13861 e-con-full e-flex e-con e-child\" data-id=\"75e13861\" data-element_type=\"container\" data-e-type=\"container\">\n\t\t\t\t<div class=\"elementor-element elementor-element-25b0d467 elementor-widget elementor-widget-image\" data-id=\"25b0d467\" data-element_type=\"widget\" data-e-type=\"widget\" data-widget_type=\"image.default\">\n\t\t\t\t<div class=\"elementor-widget-container\">\n\t\t\t\t\t\t\t\t\t\t\t\t\t\t\t<img loading=\"lazy\" decoding=\"async\" width=\"81\" height=\"81\" src=\"https:\/\/inside-toulouse.com\/wp-content\/uploads\/2024\/06\/ESPACE-BLANC.svg\" class=\"attachment-large size-large wp-image-231\" alt=\"\" \/>\t\t\t\t\t\t\t\t\t\t\t\t\t\t\t<\/div>\n\t\t\t\t<\/div>\n\t\t\t\t<div class=\"elementor-element elementor-element-5faefd82 elementor-widget elementor-widget-image\" data-id=\"5faefd82\" data-element_type=\"widget\" data-e-type=\"widget\" data-widget_type=\"image.default\">\n\t\t\t\t<div class=\"elementor-widget-container\">\n\t\t\t\t\t\t\t\t\t\t\t\t\t\t\t<img loading=\"lazy\" decoding=\"async\" width=\"81\" height=\"81\" src=\"https:\/\/inside-toulouse.com\/wp-content\/uploads\/2024\/06\/GRAPHIQUE-BLANC.svg\" class=\"attachment-large size-large wp-image-230\" alt=\"\" \/>\t\t\t\t\t\t\t\t\t\t\t\t\t\t\t<\/div>\n\t\t\t\t<\/div>\n\t\t\t\t<\/div>\n\t\t<div class=\"elementor-element elementor-element-1412d69f e-con-full e-flex e-con e-child\" data-id=\"1412d69f\" data-element_type=\"container\" data-e-type=\"container\">\n\t\t\t\t<div class=\"elementor-element elementor-element-167c5cba elementor-widget elementor-widget-text-editor\" data-id=\"167c5cba\" data-element_type=\"widget\" data-e-type=\"widget\" data-widget_type=\"text-editor.default\">\n\t\t\t\t<div class=\"elementor-widget-container\">\n\t\t\t\t\t\t\t\t\t<p>Du Lundi au Vendredi<br \/>09h00 \u00e0 19h00<br \/>(18h00 le vendredi)<\/p>\t\t\t\t\t\t\t\t<\/div>\n\t\t\t\t<\/div>\n\t\t\t\t<\/div>\n\t\t<div class=\"elementor-element elementor-element-6a4db481 e-con-full e-flex e-con e-child\" data-id=\"6a4db481\" data-element_type=\"container\" data-e-type=\"container\">\n\t\t\t\t<div class=\"elementor-element elementor-element-37a8f041 elementor-widget elementor-widget-text-editor\" data-id=\"37a8f041\" data-element_type=\"widget\" data-e-type=\"widget\" data-widget_type=\"text-editor.default\">\n\t\t\t\t<div class=\"elementor-widget-container\">\n\t\t\t\t\t\t\t\t\t<p>4 bis all\u00e9e de Longueterre<br \/>31850 Montrab\u00e9<br \/>05 34 67 12 89<\/p>\t\t\t\t\t\t\t\t<\/div>\n\t\t\t\t<\/div>\n\t\t\t\t<\/div>\n\t\t<div class=\"elementor-element elementor-element-70566303 e-con-full e-flex e-con e-child\" data-id=\"70566303\" data-element_type=\"container\" data-e-type=\"container\">\n\t\t\t\t<div class=\"elementor-element elementor-element-5c6734c3 elementor-widget elementor-widget-text-editor\" data-id=\"5c6734c3\" data-element_type=\"widget\" data-e-type=\"widget\" data-widget_type=\"text-editor.default\">\n\t\t\t\t<div class=\"elementor-widget-container\">\n\t\t\t\t\t\t\t\t\t<p><a href=\"https:\/\/inside-toulouse.com\/index.php\/demarche-rse\/\" target=\"_blank\" rel=\"noopener\">D\u00e9marche RSE<\/a><br \/><a href=\"https:\/\/inside-toulouse.com\/index.php\/mentions-legales\/\" target=\"_blank\" rel=\"noopener\">Mentions l\u00e9gales<\/a><br \/><a href=\"https:\/\/inside-toulouse.com\/index.php\/conditions-generales-de-ventes\/\" target=\"_blank\" rel=\"noopener\">CGV<\/a><\/p>\t\t\t\t\t\t\t\t<\/div>\n\t\t\t\t<\/div>\n\t\t\t\t<\/div>\n\t\t\t\t<\/div>\n\t\t<div class=\"elementor-element elementor-element-35179f48 e-con-full e-flex e-con e-child\" data-id=\"35179f48\" data-element_type=\"container\" data-e-type=\"container\">\n\t\t\t\t<div class=\"elementor-element elementor-element-5bf0e4e2 elementor-widget elementor-widget-image\" data-id=\"5bf0e4e2\" data-element_type=\"widget\" data-e-type=\"widget\" data-widget_type=\"image.default\">\n\t\t\t\t<div class=\"elementor-widget-container\">\n\t\t\t\t\t\t\t\t\t\t\t\t\t\t\t\t<a href=\"https:\/\/inside-toulouse.com\/\">\n\t\t\t\t\t\t\t<img decoding=\"async\" width=\"70\" height=\"32\" src=\"https:\/\/inside-toulouse.com\/wp-content\/uploads\/2024\/05\/logo-inside.svg\" class=\"attachment-large size-large wp-image-32\" alt=\"\" \/>\t\t\t\t\t\t\t\t<\/a>\n\t\t\t\t\t\t\t\t\t\t\t\t\t\t\t<\/div>\n\t\t\t\t<\/div>\n\t\t\t\t<\/div>\n\t\t\t\t\t<\/div>\n\t\t\t\t<\/div>\n\t\t\t\t<\/div>\n\t\t","protected":false},"excerpt":{"rendered":"<p>LE STUDIO DESIGN GRAPHIQUE DESIGN D&#8217;ESPACE L&#8217;EQUIPE STM X INSIDE CONTACT Designgraphique Aurore &amp; C\u00e9cile vous accueillent dans leur cabinet au c\u0153ur de Muret. Ces deux infirmi\u00e8res sont sp\u00e9cialis\u00e9es dans l\u2019\u00e9pilation laser et les soins technico-esth\u00e9tiques. Gr\u00e2ce \u00e0 leur savoir-faire, elles proposent des soins de qualit\u00e9 et mettent l&#8217;accent sur la mise en confiance et [&hellip;]<\/p>\n","protected":false},"author":1,"featured_media":0,"parent":0,"menu_order":0,"comment_status":"closed","ping_status":"closed","template":"","meta":{"footnotes":""},"class_list":["post-887","page","type-page","status-publish","hentry"],"jetpack-related-posts":[],"jetpack_sharing_enabled":true,"_links":{"self":[{"href":"https:\/\/inside-toulouse.com\/index.php\/wp-json\/wp\/v2\/pages\/887","targetHints":{"allow":["GET"]}}],"collection":[{"href":"https:\/\/inside-toulouse.com\/index.php\/wp-json\/wp\/v2\/pages"}],"about":[{"href":"https:\/\/inside-toulouse.com\/index.php\/wp-json\/wp\/v2\/types\/page"}],"author":[{"embeddable":true,"href":"https:\/\/inside-toulouse.com\/index.php\/wp-json\/wp\/v2\/users\/1"}],"replies":[{"embeddable":true,"href":"https:\/\/inside-toulouse.com\/index.php\/wp-json\/wp\/v2\/comments?post=887"}],"version-history":[{"count":23,"href":"https:\/\/inside-toulouse.com\/index.php\/wp-json\/wp\/v2\/pages\/887\/revisions"}],"predecessor-version":[{"id":1375,"href":"https:\/\/inside-toulouse.com\/index.php\/wp-json\/wp\/v2\/pages\/887\/revisions\/1375"}],"wp:attachment":[{"href":"https:\/\/inside-toulouse.com\/index.php\/wp-json\/wp\/v2\/media?parent=887"}],"curies":[{"name":"wp","href":"https:\/\/api.w.org\/{rel}","templated":true}]}}