{"id":795,"date":"2024-07-15T16:46:56","date_gmt":"2024-07-15T14:46:56","guid":{"rendered":"https:\/\/inside-toulouse.com\/?page_id=795"},"modified":"2025-09-02T09:11:56","modified_gmt":"2025-09-02T07:11:56","slug":"design-graphique-projet-secret-des-sens","status":"publish","type":"page","link":"https:\/\/inside-toulouse.com\/index.php\/design-graphique-projet-secret-des-sens\/","title":{"rendered":"Design Graphique \u2013 Projet Secret des Sens"},"content":{"rendered":"\t\t<div data-elementor-type=\"wp-page\" data-elementor-id=\"795\" class=\"elementor elementor-795\">\n\t\t\t\t<div class=\"elementor-element elementor-element-1cc46a52 e-con-full e-flex e-con e-parent\" data-id=\"1cc46a52\" data-element_type=\"container\" data-e-type=\"container\" data-settings=\"{&quot;background_background&quot;:&quot;classic&quot;}\">\n\t\t<div class=\"elementor-element elementor-element-37ee8ecf e-con-full e-flex e-con e-child\" data-id=\"37ee8ecf\" data-element_type=\"container\" data-e-type=\"container\">\n\t\t\t\t<div class=\"elementor-element elementor-element-1c79e229 elementor-widget elementor-widget-image\" data-id=\"1c79e229\" data-element_type=\"widget\" data-e-type=\"widget\" data-widget_type=\"image.default\">\n\t\t\t\t<div class=\"elementor-widget-container\">\n\t\t\t\t\t\t\t\t\t\t\t\t\t\t\t\t<a href=\"https:\/\/inside-toulouse.com\/\">\n\t\t\t\t\t\t\t<img decoding=\"async\" width=\"70\" height=\"32\" src=\"https:\/\/inside-toulouse.com\/wp-content\/uploads\/2024\/05\/logo-inside.svg\" class=\"attachment-large size-large wp-image-32\" alt=\"\" \/>\t\t\t\t\t\t\t\t<\/a>\n\t\t\t\t\t\t\t\t\t\t\t\t\t\t\t<\/div>\n\t\t\t\t<\/div>\n\t\t\t\t<\/div>\n\t\t<div class=\"elementor-element elementor-element-728bba3e e-con-full e-flex e-con e-child\" data-id=\"728bba3e\" data-element_type=\"container\" data-e-type=\"container\">\n\t\t\t\t<div class=\"elementor-element elementor-element-7354e20b elementor-widget elementor-widget-heading\" data-id=\"7354e20b\" data-element_type=\"widget\" data-e-type=\"widget\" data-widget_type=\"heading.default\">\n\t\t\t\t<div class=\"elementor-widget-container\">\n\t\t\t\t\t<h2 class=\"elementor-heading-title elementor-size-default\"><a href=\"http:\/\/www.inside-toulouse.com#studio\">LE STUDIO<\/a><\/h2>\t\t\t\t<\/div>\n\t\t\t\t<\/div>\n\t\t\t\t<div class=\"elementor-element elementor-element-c8de084 elementor-widget elementor-widget-heading\" data-id=\"c8de084\" data-element_type=\"widget\" data-e-type=\"widget\" data-widget_type=\"heading.default\">\n\t\t\t\t<div class=\"elementor-widget-container\">\n\t\t\t\t\t<h2 class=\"elementor-heading-title elementor-size-default\"><a href=\"http:\/\/www.inside-toulouse.com#design-graphique\">DESIGN GRAPHIQUE<\/a><\/h2>\t\t\t\t<\/div>\n\t\t\t\t<\/div>\n\t\t\t\t<div class=\"elementor-element elementor-element-5b85d7f8 elementor-widget elementor-widget-heading\" data-id=\"5b85d7f8\" data-element_type=\"widget\" data-e-type=\"widget\" data-widget_type=\"heading.default\">\n\t\t\t\t<div class=\"elementor-widget-container\">\n\t\t\t\t\t<h2 class=\"elementor-heading-title elementor-size-default\"><a href=\"http:\/\/www.inside-toulouse.com#design-espace\">DESIGN D'ESPACE<\/a><\/h2>\t\t\t\t<\/div>\n\t\t\t\t<\/div>\n\t\t\t\t<div class=\"elementor-element elementor-element-37bdc73f elementor-widget elementor-widget-heading\" data-id=\"37bdc73f\" data-element_type=\"widget\" data-e-type=\"widget\" data-widget_type=\"heading.default\">\n\t\t\t\t<div class=\"elementor-widget-container\">\n\t\t\t\t\t<h2 class=\"elementor-heading-title elementor-size-default\"><a href=\"http:\/\/www.inside-toulouse.com#equipe\">L'EQUIPE<\/a><\/h2>\t\t\t\t<\/div>\n\t\t\t\t<\/div>\n\t\t\t\t<div class=\"elementor-element elementor-element-bba5eb3 elementor-widget elementor-widget-heading\" data-id=\"bba5eb3\" data-element_type=\"widget\" data-e-type=\"widget\" data-widget_type=\"heading.default\">\n\t\t\t\t<div class=\"elementor-widget-container\">\n\t\t\t\t\t<h2 class=\"elementor-heading-title elementor-size-default\"><a href=\"http:\/\/www.inside-toulouse.com#stmxinside\">STM X INSIDE<\/a><\/h2>\t\t\t\t<\/div>\n\t\t\t\t<\/div>\n\t\t\t\t<div class=\"elementor-element elementor-element-39247c16 elementor-widget elementor-widget-heading\" data-id=\"39247c16\" data-element_type=\"widget\" data-e-type=\"widget\" data-widget_type=\"heading.default\">\n\t\t\t\t<div class=\"elementor-widget-container\">\n\t\t\t\t\t<h2 class=\"elementor-heading-title elementor-size-default\"><a href=\"http:\/\/www.inside-toulouse.com#contact\">CONTACT<\/a><\/h2>\t\t\t\t<\/div>\n\t\t\t\t<\/div>\n\t\t\t\t<\/div>\n\t\t<div class=\"elementor-element elementor-element-45fd2715 e-con-full e-flex e-con e-child\" data-id=\"45fd2715\" data-element_type=\"container\" data-e-type=\"container\">\n\t\t\t\t<div class=\"elementor-element elementor-element-65b25313 elementor-widget elementor-widget-image\" data-id=\"65b25313\" data-element_type=\"widget\" data-e-type=\"widget\" data-widget_type=\"image.default\">\n\t\t\t\t<div class=\"elementor-widget-container\">\n\t\t\t\t\t\t\t\t\t\t\t\t\t\t\t\t<a href=\"https:\/\/stm31.com\" target=\"_blank\">\n\t\t\t\t\t\t\t<img decoding=\"async\" width=\"31\" height=\"31\" src=\"https:\/\/inside-toulouse.com\/wp-content\/uploads\/2024\/06\/STM.svg\" class=\"attachment-large size-large wp-image-272\" alt=\"\" \/>\t\t\t\t\t\t\t\t<\/a>\n\t\t\t\t\t\t\t\t\t\t\t\t\t\t\t<\/div>\n\t\t\t\t<\/div>\n\t\t\t\t<div class=\"elementor-element elementor-element-13db5014 elementor-widget elementor-widget-image\" data-id=\"13db5014\" data-element_type=\"widget\" data-e-type=\"widget\" data-widget_type=\"image.default\">\n\t\t\t\t<div class=\"elementor-widget-container\">\n\t\t\t\t\t\t\t\t\t\t\t\t\t\t\t\t<a href=\"https:\/\/www.instagram.com\/stmtoulouse\/\" target=\"_blank\">\n\t\t\t\t\t\t\t<img decoding=\"async\" width=\"31\" height=\"31\" src=\"https:\/\/inside-toulouse.com\/wp-content\/uploads\/2024\/06\/insta.svg\" class=\"attachment-large size-large wp-image-271\" alt=\"\" \/>\t\t\t\t\t\t\t\t<\/a>\n\t\t\t\t\t\t\t\t\t\t\t\t\t\t\t<\/div>\n\t\t\t\t<\/div>\n\t\t\t\t<div class=\"elementor-element elementor-element-11f83779 elementor-widget elementor-widget-image\" data-id=\"11f83779\" data-element_type=\"widget\" data-e-type=\"widget\" data-widget_type=\"image.default\">\n\t\t\t\t<div class=\"elementor-widget-container\">\n\t\t\t\t\t\t\t\t\t\t\t\t\t\t\t\t<a href=\"https:\/\/www.pinterest.fr\/stmtoulouse\/\" target=\"_blank\">\n\t\t\t\t\t\t\t<img loading=\"lazy\" decoding=\"async\" width=\"31\" height=\"31\" src=\"https:\/\/inside-toulouse.com\/wp-content\/uploads\/2024\/06\/PINTEREST.svg\" class=\"attachment-large size-large wp-image-270\" alt=\"\" \/>\t\t\t\t\t\t\t\t<\/a>\n\t\t\t\t\t\t\t\t\t\t\t\t\t\t\t<\/div>\n\t\t\t\t<\/div>\n\t\t\t\t<\/div>\n\t\t\t\t<\/div>\n\t\t<div class=\"elementor-element elementor-element-6fef140 e-con-full e-flex e-con e-parent\" data-id=\"6fef140\" data-element_type=\"container\" data-e-type=\"container\">\n\t\t<div class=\"elementor-element elementor-element-ad20819 e-con-full e-flex e-con e-child\" data-id=\"ad20819\" data-element_type=\"container\" data-e-type=\"container\" data-settings=\"{&quot;background_background&quot;:&quot;classic&quot;}\">\n\t\t<div class=\"elementor-element elementor-element-88a1b65 e-con-full e-flex e-con e-child\" data-id=\"88a1b65\" data-element_type=\"container\" data-e-type=\"container\">\n\t\t\t\t<div class=\"elementor-element elementor-element-dd2bdbf elementor-widget elementor-widget-heading\" data-id=\"dd2bdbf\" data-element_type=\"widget\" data-e-type=\"widget\" data-widget_type=\"heading.default\">\n\t\t\t\t<div class=\"elementor-widget-container\">\n\t\t\t\t\t<h2 class=\"elementor-heading-title elementor-size-default\">Design<br>graphique<\/h2>\t\t\t\t<\/div>\n\t\t\t\t<\/div>\n\t\t\t\t<\/div>\n\t\t<div class=\"elementor-element elementor-element-d5bfdf0 e-con-full e-flex e-con e-child\" data-id=\"d5bfdf0\" data-element_type=\"container\" data-e-type=\"container\" data-settings=\"{&quot;background_background&quot;:&quot;classic&quot;}\">\n\t\t\t\t<\/div>\n\t\t\t\t<\/div>\n\t\t\t\t<\/div>\n\t\t<div class=\"elementor-element elementor-element-4e1a0a33 e-con-full e-flex e-con e-parent\" data-id=\"4e1a0a33\" data-element_type=\"container\" data-e-type=\"container\" data-settings=\"{&quot;background_background&quot;:&quot;gradient&quot;}\">\n\t\t\t\t<\/div>\n\t\t<div class=\"elementor-element elementor-element-59f8c0a4 e-con-full e-flex e-con e-parent\" data-id=\"59f8c0a4\" data-element_type=\"container\" data-e-type=\"container\" data-settings=\"{&quot;background_background&quot;:&quot;classic&quot;}\">\n\t\t<div class=\"elementor-element elementor-element-187250a1 e-flex e-con-boxed e-con e-child\" data-id=\"187250a1\" data-element_type=\"container\" data-e-type=\"container\">\n\t\t\t\t\t<div class=\"e-con-inner\">\n\t\t\t\t<div class=\"elementor-element elementor-element-a257396 elementor-widget elementor-widget-heading\" data-id=\"a257396\" data-element_type=\"widget\" data-e-type=\"widget\" data-widget_type=\"heading.default\">\n\t\t\t\t<div class=\"elementor-widget-container\">\n\t\t\t\t\t<h2 class=\"elementor-heading-title elementor-size-default\">Secret des Sens<\/h2>\t\t\t\t<\/div>\n\t\t\t\t<\/div>\n\t\t\t\t<div class=\"elementor-element elementor-element-5e81ac5d elementor-widget elementor-widget-text-editor\" data-id=\"5e81ac5d\" data-element_type=\"widget\" data-e-type=\"widget\" data-widget_type=\"text-editor.default\">\n\t\t\t\t<div class=\"elementor-widget-container\">\n\t\t\t\t\t\t\t\t\t<p>Secret des sens est un centre de d\u00e9tente et de soins sur-mesure qui invite \u00e0 la d\u00e9tente et la s\u00e9r\u00e9nit\u00e9. Sa propri\u00e9taire Anabell mets un point d\u2019honneur \u00e0 mettre en avant la qualit\u00e9 et la diversit\u00e9 des soins qu\u2019elle propose \u00e0 travers des techniques sp\u00e9cifiques adapt\u00e9es au besoin de chacun.<\/p>\t\t\t\t\t\t\t\t<\/div>\n\t\t\t\t<\/div>\n\t\t<div class=\"elementor-element elementor-element-3a940db7 e-grid e-con-full e-con e-child\" data-id=\"3a940db7\" data-element_type=\"container\" data-e-type=\"container\" data-settings=\"{&quot;background_background&quot;:&quot;classic&quot;}\">\n\t\t\t\t<div class=\"elementor-element elementor-element-1a6a9127 elementor-widget elementor-widget-image\" data-id=\"1a6a9127\" data-element_type=\"widget\" data-e-type=\"widget\" data-widget_type=\"image.default\">\n\t\t\t\t<div class=\"elementor-widget-container\">\n\t\t\t\t\t\t\t\t\t\t\t\t\t\t\t<img loading=\"lazy\" decoding=\"async\" width=\"800\" height=\"804\" src=\"https:\/\/i0.wp.com\/inside-toulouse.com\/wp-content\/uploads\/2025\/09\/SECRET_DES_SENS_1.jpg?fit=800%2C804&amp;ssl=1\" class=\"attachment-large size-large wp-image-1386\" alt=\"\" srcset=\"https:\/\/i0.wp.com\/inside-toulouse.com\/wp-content\/uploads\/2025\/09\/SECRET_DES_SENS_1.jpg?w=900&amp;ssl=1 900w, https:\/\/i0.wp.com\/inside-toulouse.com\/wp-content\/uploads\/2025\/09\/SECRET_DES_SENS_1.jpg?resize=298%2C300&amp;ssl=1 298w, https:\/\/i0.wp.com\/inside-toulouse.com\/wp-content\/uploads\/2025\/09\/SECRET_DES_SENS_1.jpg?resize=150%2C150&amp;ssl=1 150w, https:\/\/i0.wp.com\/inside-toulouse.com\/wp-content\/uploads\/2025\/09\/SECRET_DES_SENS_1.jpg?resize=768%2C772&amp;ssl=1 768w\" sizes=\"(max-width: 800px) 100vw, 800px\" \/>\t\t\t\t\t\t\t\t\t\t\t\t\t\t\t<\/div>\n\t\t\t\t<\/div>\n\t\t\t\t<\/div>\n\t\t<div class=\"elementor-element elementor-element-34d1253e e-grid e-con-full e-con e-child\" data-id=\"34d1253e\" data-element_type=\"container\" data-e-type=\"container\" data-settings=\"{&quot;background_background&quot;:&quot;classic&quot;}\">\n\t\t\t\t<div class=\"elementor-element elementor-element-31111f7c elementor-widget elementor-widget-image\" data-id=\"31111f7c\" data-element_type=\"widget\" data-e-type=\"widget\" data-widget_type=\"image.default\">\n\t\t\t\t<div class=\"elementor-widget-container\">\n\t\t\t\t\t\t\t\t\t\t\t\t\t\t\t<img loading=\"lazy\" decoding=\"async\" width=\"800\" height=\"403\" src=\"https:\/\/i0.wp.com\/inside-toulouse.com\/wp-content\/uploads\/2025\/09\/SECRET_DES_SENS_2.jpg?fit=800%2C403&amp;ssl=1\" class=\"attachment-large size-large wp-image-1387\" alt=\"\" srcset=\"https:\/\/i0.wp.com\/inside-toulouse.com\/wp-content\/uploads\/2025\/09\/SECRET_DES_SENS_2.jpg?w=900&amp;ssl=1 900w, https:\/\/i0.wp.com\/inside-toulouse.com\/wp-content\/uploads\/2025\/09\/SECRET_DES_SENS_2.jpg?resize=300%2C151&amp;ssl=1 300w, https:\/\/i0.wp.com\/inside-toulouse.com\/wp-content\/uploads\/2025\/09\/SECRET_DES_SENS_2.jpg?resize=768%2C387&amp;ssl=1 768w\" sizes=\"(max-width: 800px) 100vw, 800px\" \/>\t\t\t\t\t\t\t\t\t\t\t\t\t\t\t<\/div>\n\t\t\t\t<\/div>\n\t\t\t\t<div class=\"elementor-element elementor-element-3c75b0c elementor-widget elementor-widget-image\" data-id=\"3c75b0c\" data-element_type=\"widget\" data-e-type=\"widget\" data-widget_type=\"image.default\">\n\t\t\t\t<div class=\"elementor-widget-container\">\n\t\t\t\t\t\t\t\t\t\t\t\t\t\t\t<img loading=\"lazy\" decoding=\"async\" width=\"800\" height=\"800\" src=\"https:\/\/i0.wp.com\/inside-toulouse.com\/wp-content\/uploads\/2025\/09\/SECRET_DES_SENS_3.jpg?fit=800%2C800&amp;ssl=1\" class=\"attachment-large size-large wp-image-1388\" alt=\"\" srcset=\"https:\/\/i0.wp.com\/inside-toulouse.com\/wp-content\/uploads\/2025\/09\/SECRET_DES_SENS_3.jpg?w=900&amp;ssl=1 900w, https:\/\/i0.wp.com\/inside-toulouse.com\/wp-content\/uploads\/2025\/09\/SECRET_DES_SENS_3.jpg?resize=300%2C300&amp;ssl=1 300w, https:\/\/i0.wp.com\/inside-toulouse.com\/wp-content\/uploads\/2025\/09\/SECRET_DES_SENS_3.jpg?resize=150%2C150&amp;ssl=1 150w, https:\/\/i0.wp.com\/inside-toulouse.com\/wp-content\/uploads\/2025\/09\/SECRET_DES_SENS_3.jpg?resize=768%2C768&amp;ssl=1 768w\" sizes=\"(max-width: 800px) 100vw, 800px\" \/>\t\t\t\t\t\t\t\t\t\t\t\t\t\t\t<\/div>\n\t\t\t\t<\/div>\n\t\t\t\t<\/div>\n\t\t<div class=\"elementor-element elementor-element-ca0e2fb e-grid e-con-full e-con e-child\" data-id=\"ca0e2fb\" data-element_type=\"container\" data-e-type=\"container\" data-settings=\"{&quot;background_background&quot;:&quot;classic&quot;}\">\n\t\t\t\t<div class=\"elementor-element elementor-element-d62d00f elementor-widget elementor-widget-image\" data-id=\"d62d00f\" data-element_type=\"widget\" data-e-type=\"widget\" data-widget_type=\"image.default\">\n\t\t\t\t<div class=\"elementor-widget-container\">\n\t\t\t\t\t\t\t\t\t\t\t\t\t\t\t<img loading=\"lazy\" decoding=\"async\" width=\"800\" height=\"609\" src=\"https:\/\/i0.wp.com\/inside-toulouse.com\/wp-content\/uploads\/2025\/09\/SECRET_DES_SENS_40.jpg?fit=800%2C609&amp;ssl=1\" class=\"attachment-large size-large wp-image-1393\" alt=\"\" srcset=\"https:\/\/i0.wp.com\/inside-toulouse.com\/wp-content\/uploads\/2025\/09\/SECRET_DES_SENS_40.jpg?w=900&amp;ssl=1 900w, https:\/\/i0.wp.com\/inside-toulouse.com\/wp-content\/uploads\/2025\/09\/SECRET_DES_SENS_40.jpg?resize=300%2C228&amp;ssl=1 300w, https:\/\/i0.wp.com\/inside-toulouse.com\/wp-content\/uploads\/2025\/09\/SECRET_DES_SENS_40.jpg?resize=768%2C585&amp;ssl=1 768w\" sizes=\"(max-width: 800px) 100vw, 800px\" \/>\t\t\t\t\t\t\t\t\t\t\t\t\t\t\t<\/div>\n\t\t\t\t<\/div>\n\t\t\t\t<\/div>\n\t\t<div class=\"elementor-element elementor-element-6489db0 e-grid e-con-full e-con e-child\" data-id=\"6489db0\" data-element_type=\"container\" data-e-type=\"container\" data-settings=\"{&quot;background_background&quot;:&quot;classic&quot;}\">\n\t\t\t\t<div class=\"elementor-element elementor-element-e87a867 elementor-widget elementor-widget-image\" data-id=\"e87a867\" data-element_type=\"widget\" data-e-type=\"widget\" data-widget_type=\"image.default\">\n\t\t\t\t<div class=\"elementor-widget-container\">\n\t\t\t\t\t\t\t\t\t\t\t\t\t\t\t<img loading=\"lazy\" decoding=\"async\" width=\"800\" height=\"793\" src=\"https:\/\/i0.wp.com\/inside-toulouse.com\/wp-content\/uploads\/2025\/09\/SECRET_DES_SENS_5.jpg?fit=800%2C793&amp;ssl=1\" class=\"attachment-large size-large wp-image-1390\" alt=\"\" srcset=\"https:\/\/i0.wp.com\/inside-toulouse.com\/wp-content\/uploads\/2025\/09\/SECRET_DES_SENS_5.jpg?w=900&amp;ssl=1 900w, https:\/\/i0.wp.com\/inside-toulouse.com\/wp-content\/uploads\/2025\/09\/SECRET_DES_SENS_5.jpg?resize=300%2C297&amp;ssl=1 300w, https:\/\/i0.wp.com\/inside-toulouse.com\/wp-content\/uploads\/2025\/09\/SECRET_DES_SENS_5.jpg?resize=150%2C150&amp;ssl=1 150w, https:\/\/i0.wp.com\/inside-toulouse.com\/wp-content\/uploads\/2025\/09\/SECRET_DES_SENS_5.jpg?resize=768%2C761&amp;ssl=1 768w\" sizes=\"(max-width: 800px) 100vw, 800px\" \/>\t\t\t\t\t\t\t\t\t\t\t\t\t\t\t<\/div>\n\t\t\t\t<\/div>\n\t\t\t\t<\/div>\n\t\t\t\t\t<\/div>\n\t\t\t\t<\/div>\n\t\t\t\t<\/div>\n\t\t<div class=\"elementor-element elementor-element-422724dc e-flex e-con-boxed e-con e-parent\" data-id=\"422724dc\" data-element_type=\"container\" data-e-type=\"container\" data-settings=\"{&quot;background_background&quot;:&quot;classic&quot;}\">\n\t\t\t\t\t<div class=\"e-con-inner\">\n\t\t\t\t<div class=\"elementor-element elementor-element-53e5944d elementor-align-center elementor-widget elementor-widget-button\" data-id=\"53e5944d\" data-element_type=\"widget\" data-e-type=\"widget\" data-widget_type=\"button.default\">\n\t\t\t\t<div class=\"elementor-widget-container\">\n\t\t\t\t\t\t\t\t\t<div class=\"elementor-button-wrapper\">\n\t\t\t\t\t<a class=\"elementor-button elementor-button-link elementor-size-sm elementor-animation-grow\" href=\"https:\/\/inside-toulouse.com\/\">\n\t\t\t\t\t\t<span class=\"elementor-button-content-wrapper\">\n\t\t\t\t\t\t\t\t\t<span class=\"elementor-button-text\">Retour<\/span>\n\t\t\t\t\t<\/span>\n\t\t\t\t\t<\/a>\n\t\t\t\t<\/div>\n\t\t\t\t\t\t\t\t<\/div>\n\t\t\t\t<\/div>\n\t\t\t\t\t<\/div>\n\t\t\t\t<\/div>\n\t\t<div class=\"elementor-element elementor-element-2f61b23a e-flex e-con-boxed e-con e-parent\" data-id=\"2f61b23a\" data-element_type=\"container\" data-e-type=\"container\" data-settings=\"{&quot;background_background&quot;:&quot;gradient&quot;}\">\n\t\t\t\t\t<div class=\"e-con-inner\">\n\t\t<div class=\"elementor-element elementor-element-65e41723 e-con-full e-flex e-con e-child\" data-id=\"65e41723\" data-element_type=\"container\" data-e-type=\"container\">\n\t\t<div class=\"elementor-element elementor-element-546056f3 e-con-full e-flex e-con e-child\" data-id=\"546056f3\" data-element_type=\"container\" data-e-type=\"container\">\n\t\t\t\t<div class=\"elementor-element elementor-element-1c7da741 elementor-widget elementor-widget-image\" data-id=\"1c7da741\" data-element_type=\"widget\" data-e-type=\"widget\" data-widget_type=\"image.default\">\n\t\t\t\t<div class=\"elementor-widget-container\">\n\t\t\t\t\t\t\t\t\t\t\t\t\t\t\t<img loading=\"lazy\" decoding=\"async\" width=\"81\" height=\"81\" src=\"https:\/\/inside-toulouse.com\/wp-content\/uploads\/2024\/06\/ESPACE-BLANC.svg\" class=\"attachment-large size-large wp-image-231\" alt=\"\" \/>\t\t\t\t\t\t\t\t\t\t\t\t\t\t\t<\/div>\n\t\t\t\t<\/div>\n\t\t\t\t<div class=\"elementor-element elementor-element-6cc706c1 elementor-widget elementor-widget-image\" data-id=\"6cc706c1\" data-element_type=\"widget\" data-e-type=\"widget\" data-widget_type=\"image.default\">\n\t\t\t\t<div class=\"elementor-widget-container\">\n\t\t\t\t\t\t\t\t\t\t\t\t\t\t\t<img loading=\"lazy\" decoding=\"async\" width=\"81\" height=\"81\" src=\"https:\/\/inside-toulouse.com\/wp-content\/uploads\/2024\/06\/GRAPHIQUE-BLANC.svg\" class=\"attachment-large size-large wp-image-230\" alt=\"\" \/>\t\t\t\t\t\t\t\t\t\t\t\t\t\t\t<\/div>\n\t\t\t\t<\/div>\n\t\t\t\t<\/div>\n\t\t<div class=\"elementor-element elementor-element-6897ff25 e-con-full e-flex e-con e-child\" data-id=\"6897ff25\" data-element_type=\"container\" data-e-type=\"container\">\n\t\t\t\t<div class=\"elementor-element elementor-element-2848fc9e elementor-widget elementor-widget-text-editor\" data-id=\"2848fc9e\" data-element_type=\"widget\" data-e-type=\"widget\" data-widget_type=\"text-editor.default\">\n\t\t\t\t<div class=\"elementor-widget-container\">\n\t\t\t\t\t\t\t\t\t<p>Du Lundi au Vendredi<br \/>09h00 \u00e0 19h00<br \/>(18h00 le vendredi)<\/p>\t\t\t\t\t\t\t\t<\/div>\n\t\t\t\t<\/div>\n\t\t\t\t<\/div>\n\t\t<div class=\"elementor-element elementor-element-499bb7a7 e-con-full e-flex e-con e-child\" data-id=\"499bb7a7\" data-element_type=\"container\" data-e-type=\"container\">\n\t\t\t\t<div class=\"elementor-element elementor-element-5655cba7 elementor-widget elementor-widget-text-editor\" data-id=\"5655cba7\" data-element_type=\"widget\" data-e-type=\"widget\" data-widget_type=\"text-editor.default\">\n\t\t\t\t<div class=\"elementor-widget-container\">\n\t\t\t\t\t\t\t\t\t<p>4 bis all\u00e9e de Longueterre<br \/>31850 Montrab\u00e9<br \/>05 34 67 12 89<\/p>\t\t\t\t\t\t\t\t<\/div>\n\t\t\t\t<\/div>\n\t\t\t\t<\/div>\n\t\t<div class=\"elementor-element elementor-element-20e92fd1 e-con-full e-flex e-con e-child\" data-id=\"20e92fd1\" data-element_type=\"container\" data-e-type=\"container\">\n\t\t\t\t<div class=\"elementor-element elementor-element-455158ac elementor-widget elementor-widget-text-editor\" data-id=\"455158ac\" data-element_type=\"widget\" data-e-type=\"widget\" data-widget_type=\"text-editor.default\">\n\t\t\t\t<div class=\"elementor-widget-container\">\n\t\t\t\t\t\t\t\t\t<p><a href=\"https:\/\/inside-toulouse.com\/index.php\/demarche-rse\/\" target=\"_blank\" rel=\"noopener\">D\u00e9marche RSE<\/a><br \/><a href=\"https:\/\/inside-toulouse.com\/index.php\/mentions-legales\/\" target=\"_blank\" rel=\"noopener\">Mentions l\u00e9gales<\/a><br \/><a href=\"https:\/\/inside-toulouse.com\/index.php\/conditions-generales-de-ventes\/\" target=\"_blank\" rel=\"noopener\">CGV<\/a><\/p>\t\t\t\t\t\t\t\t<\/div>\n\t\t\t\t<\/div>\n\t\t\t\t<\/div>\n\t\t\t\t<\/div>\n\t\t<div class=\"elementor-element elementor-element-1fd3ce6f e-con-full e-flex e-con e-child\" data-id=\"1fd3ce6f\" data-element_type=\"container\" data-e-type=\"container\">\n\t\t\t\t<div class=\"elementor-element elementor-element-3adbe316 elementor-widget elementor-widget-image\" data-id=\"3adbe316\" data-element_type=\"widget\" data-e-type=\"widget\" data-widget_type=\"image.default\">\n\t\t\t\t<div class=\"elementor-widget-container\">\n\t\t\t\t\t\t\t\t\t\t\t\t\t\t\t<img decoding=\"async\" width=\"70\" height=\"32\" src=\"https:\/\/inside-toulouse.com\/wp-content\/uploads\/2024\/05\/logo-inside.svg\" class=\"attachment-large size-large wp-image-32\" alt=\"\" \/>\t\t\t\t\t\t\t\t\t\t\t\t\t\t\t<\/div>\n\t\t\t\t<\/div>\n\t\t\t\t<\/div>\n\t\t\t\t\t<\/div>\n\t\t\t\t<\/div>\n\t\t\t\t<\/div>\n\t\t","protected":false},"excerpt":{"rendered":"<p>LE STUDIO DESIGN GRAPHIQUE DESIGN D&#8217;ESPACE L&#8217;EQUIPE STM X INSIDE CONTACT Designgraphique Secret des Sens Secret des sens est un centre de d\u00e9tente et de soins sur-mesure qui invite \u00e0 la d\u00e9tente et la s\u00e9r\u00e9nit\u00e9. Sa propri\u00e9taire Anabell mets un point d\u2019honneur \u00e0 mettre en avant la qualit\u00e9 et la diversit\u00e9 des soins qu\u2019elle propose [&hellip;]<\/p>\n","protected":false},"author":1,"featured_media":0,"parent":0,"menu_order":0,"comment_status":"closed","ping_status":"closed","template":"","meta":{"footnotes":""},"class_list":["post-795","page","type-page","status-publish","hentry"],"jetpack-related-posts":[],"jetpack_sharing_enabled":true,"_links":{"self":[{"href":"https:\/\/inside-toulouse.com\/index.php\/wp-json\/wp\/v2\/pages\/795","targetHints":{"allow":["GET"]}}],"collection":[{"href":"https:\/\/inside-toulouse.com\/index.php\/wp-json\/wp\/v2\/pages"}],"about":[{"href":"https:\/\/inside-toulouse.com\/index.php\/wp-json\/wp\/v2\/types\/page"}],"author":[{"embeddable":true,"href":"https:\/\/inside-toulouse.com\/index.php\/wp-json\/wp\/v2\/users\/1"}],"replies":[{"embeddable":true,"href":"https:\/\/inside-toulouse.com\/index.php\/wp-json\/wp\/v2\/comments?post=795"}],"version-history":[{"count":34,"href":"https:\/\/inside-toulouse.com\/index.php\/wp-json\/wp\/v2\/pages\/795\/revisions"}],"predecessor-version":[{"id":1399,"href":"https:\/\/inside-toulouse.com\/index.php\/wp-json\/wp\/v2\/pages\/795\/revisions\/1399"}],"wp:attachment":[{"href":"https:\/\/inside-toulouse.com\/index.php\/wp-json\/wp\/v2\/media?parent=795"}],"curies":[{"name":"wp","href":"https:\/\/api.w.org\/{rel}","templated":true}]}}