{"id":438,"date":"2024-06-20T17:03:24","date_gmt":"2024-06-20T15:03:24","guid":{"rendered":"https:\/\/inside-toulouse.com\/?page_id=438"},"modified":"2024-06-28T15:00:41","modified_gmt":"2024-06-28T13:00:41","slug":"demarche-rse","status":"publish","type":"page","link":"https:\/\/inside-toulouse.com\/index.php\/demarche-rse\/","title":{"rendered":"D\u00e9marche RSE"},"content":{"rendered":"\t\t<div data-elementor-type=\"wp-page\" data-elementor-id=\"438\" class=\"elementor elementor-438\">\n\t\t\t\t<div class=\"elementor-element elementor-element-5a8ed275 e-con-full e-flex e-con e-parent\" data-id=\"5a8ed275\" data-element_type=\"container\" data-e-type=\"container\" data-settings=\"{&quot;background_background&quot;:&quot;classic&quot;}\">\n\t\t<div class=\"elementor-element elementor-element-7e7adaba e-con-full e-flex e-con e-child\" data-id=\"7e7adaba\" data-element_type=\"container\" data-e-type=\"container\">\n\t\t\t\t<div class=\"elementor-element elementor-element-5b5f9693 elementor-widget elementor-widget-image\" data-id=\"5b5f9693\" data-element_type=\"widget\" data-e-type=\"widget\" data-widget_type=\"image.default\">\n\t\t\t\t<div class=\"elementor-widget-container\">\n\t\t\t\t\t\t\t\t\t\t\t\t\t\t\t\t<a href=\"https:\/\/inside-toulouse.com\/\">\n\t\t\t\t\t\t\t<img decoding=\"async\" width=\"70\" height=\"32\" src=\"https:\/\/inside-toulouse.com\/wp-content\/uploads\/2024\/05\/logo-inside.svg\" class=\"attachment-large size-large wp-image-32\" alt=\"\" \/>\t\t\t\t\t\t\t\t<\/a>\n\t\t\t\t\t\t\t\t\t\t\t\t\t\t\t<\/div>\n\t\t\t\t<\/div>\n\t\t\t\t<\/div>\n\t\t<div class=\"elementor-element elementor-element-28ec754b e-con-full e-flex e-con e-child\" data-id=\"28ec754b\" data-element_type=\"container\" data-e-type=\"container\">\n\t\t\t\t<div class=\"elementor-element elementor-element-5516874f elementor-widget elementor-widget-heading\" data-id=\"5516874f\" data-element_type=\"widget\" data-e-type=\"widget\" data-widget_type=\"heading.default\">\n\t\t\t\t<div class=\"elementor-widget-container\">\n\t\t\t\t\t<h2 class=\"elementor-heading-title elementor-size-default\"><a href=\"http:\/\/www.inside-toulouse.com#studio\">LE STUDIO<\/a><\/h2>\t\t\t\t<\/div>\n\t\t\t\t<\/div>\n\t\t\t\t<div class=\"elementor-element elementor-element-6e78822d elementor-widget elementor-widget-heading\" data-id=\"6e78822d\" data-element_type=\"widget\" data-e-type=\"widget\" data-widget_type=\"heading.default\">\n\t\t\t\t<div class=\"elementor-widget-container\">\n\t\t\t\t\t<h2 class=\"elementor-heading-title elementor-size-default\"><a href=\"http:\/\/www.inside-toulouse.com#design-graphique\">DESIGN GRAPHIQUE<\/a><\/h2>\t\t\t\t<\/div>\n\t\t\t\t<\/div>\n\t\t\t\t<div class=\"elementor-element elementor-element-608d1036 elementor-widget elementor-widget-heading\" data-id=\"608d1036\" data-element_type=\"widget\" data-e-type=\"widget\" data-widget_type=\"heading.default\">\n\t\t\t\t<div class=\"elementor-widget-container\">\n\t\t\t\t\t<h2 class=\"elementor-heading-title elementor-size-default\"><a href=\"http:\/\/www.inside-toulouse.com#design-espace\">DESIGN D'ESPACE<\/a><\/h2>\t\t\t\t<\/div>\n\t\t\t\t<\/div>\n\t\t\t\t<div class=\"elementor-element elementor-element-74fb1650 elementor-widget elementor-widget-heading\" data-id=\"74fb1650\" data-element_type=\"widget\" data-e-type=\"widget\" data-widget_type=\"heading.default\">\n\t\t\t\t<div class=\"elementor-widget-container\">\n\t\t\t\t\t<h2 class=\"elementor-heading-title elementor-size-default\"><a href=\"http:\/\/www.inside-toulouse.com#equipe\">L'EQUIPE<\/a><\/h2>\t\t\t\t<\/div>\n\t\t\t\t<\/div>\n\t\t\t\t<div class=\"elementor-element elementor-element-581c2548 elementor-widget elementor-widget-heading\" data-id=\"581c2548\" data-element_type=\"widget\" data-e-type=\"widget\" data-widget_type=\"heading.default\">\n\t\t\t\t<div class=\"elementor-widget-container\">\n\t\t\t\t\t<h2 class=\"elementor-heading-title elementor-size-default\"><a href=\"http:\/\/www.inside-toulouse.com#stmxinside\">STM X INSIDE<\/a><\/h2>\t\t\t\t<\/div>\n\t\t\t\t<\/div>\n\t\t\t\t<div class=\"elementor-element elementor-element-56438733 elementor-widget elementor-widget-heading\" data-id=\"56438733\" data-element_type=\"widget\" data-e-type=\"widget\" data-widget_type=\"heading.default\">\n\t\t\t\t<div class=\"elementor-widget-container\">\n\t\t\t\t\t<h2 class=\"elementor-heading-title elementor-size-default\"><a href=\"http:\/\/www.inside-toulouse.com#contact\">CONTACT<\/a><\/h2>\t\t\t\t<\/div>\n\t\t\t\t<\/div>\n\t\t\t\t<\/div>\n\t\t<div class=\"elementor-element elementor-element-7a578d9b e-con-full e-flex e-con e-child\" data-id=\"7a578d9b\" data-element_type=\"container\" data-e-type=\"container\">\n\t\t\t\t<div class=\"elementor-element elementor-element-48d5d03a elementor-widget elementor-widget-image\" data-id=\"48d5d03a\" data-element_type=\"widget\" data-e-type=\"widget\" data-widget_type=\"image.default\">\n\t\t\t\t<div class=\"elementor-widget-container\">\n\t\t\t\t\t\t\t\t\t\t\t\t\t\t\t\t<a href=\"https:\/\/stm31.com\" target=\"_blank\">\n\t\t\t\t\t\t\t<img decoding=\"async\" width=\"31\" height=\"31\" src=\"https:\/\/inside-toulouse.com\/wp-content\/uploads\/2024\/06\/STM.svg\" class=\"attachment-large size-large wp-image-272\" alt=\"\" \/>\t\t\t\t\t\t\t\t<\/a>\n\t\t\t\t\t\t\t\t\t\t\t\t\t\t\t<\/div>\n\t\t\t\t<\/div>\n\t\t\t\t<div class=\"elementor-element elementor-element-1317a539 elementor-widget elementor-widget-image\" data-id=\"1317a539\" data-element_type=\"widget\" data-e-type=\"widget\" data-widget_type=\"image.default\">\n\t\t\t\t<div class=\"elementor-widget-container\">\n\t\t\t\t\t\t\t\t\t\t\t\t\t\t\t\t<a href=\"https:\/\/www.instagram.com\/stmtoulouse\/\" target=\"_blank\">\n\t\t\t\t\t\t\t<img decoding=\"async\" width=\"31\" height=\"31\" src=\"https:\/\/inside-toulouse.com\/wp-content\/uploads\/2024\/06\/insta.svg\" class=\"attachment-large size-large wp-image-271\" alt=\"\" \/>\t\t\t\t\t\t\t\t<\/a>\n\t\t\t\t\t\t\t\t\t\t\t\t\t\t\t<\/div>\n\t\t\t\t<\/div>\n\t\t\t\t<div class=\"elementor-element elementor-element-56cb95d9 elementor-widget elementor-widget-image\" data-id=\"56cb95d9\" data-element_type=\"widget\" data-e-type=\"widget\" data-widget_type=\"image.default\">\n\t\t\t\t<div class=\"elementor-widget-container\">\n\t\t\t\t\t\t\t\t\t\t\t\t\t\t\t\t<a href=\"https:\/\/www.pinterest.fr\/stmtoulouse\/\" target=\"_blank\">\n\t\t\t\t\t\t\t<img loading=\"lazy\" decoding=\"async\" width=\"31\" height=\"31\" src=\"https:\/\/inside-toulouse.com\/wp-content\/uploads\/2024\/06\/PINTEREST.svg\" class=\"attachment-large size-large wp-image-270\" alt=\"\" \/>\t\t\t\t\t\t\t\t<\/a>\n\t\t\t\t\t\t\t\t\t\t\t\t\t\t\t<\/div>\n\t\t\t\t<\/div>\n\t\t\t\t<\/div>\n\t\t\t\t<\/div>\n\t\t<div class=\"elementor-element elementor-element-4541bbfa e-flex e-con-boxed e-con e-parent\" data-id=\"4541bbfa\" data-element_type=\"container\" data-e-type=\"container\" data-settings=\"{&quot;background_background&quot;:&quot;classic&quot;}\">\n\t\t\t\t\t<div class=\"e-con-inner\">\n\t\t\t\t<div class=\"elementor-element elementor-element-25e81821 elementor-widget elementor-widget-heading\" data-id=\"25e81821\" data-element_type=\"widget\" data-e-type=\"widget\" data-widget_type=\"heading.default\">\n\t\t\t\t<div class=\"elementor-widget-container\">\n\t\t\t\t\t<h2 class=\"elementor-heading-title elementor-size-default\">D\u00e9marche RSE<\/h2>\t\t\t\t<\/div>\n\t\t\t\t<\/div>\n\t\t\t\t<div class=\"elementor-element elementor-element-335c359a elementor-widget elementor-widget-text-editor\" data-id=\"335c359a\" data-element_type=\"widget\" data-e-type=\"widget\" data-widget_type=\"text-editor.default\">\n\t\t\t\t<div class=\"elementor-widget-container\">\n\t\t\t\t\t\t\t\t\t<p>La responsabilit\u00e9 soci\u00e9tale des entreprises (RSE) \u00e9galement appel\u00e9e responsabilit\u00e9 sociale des entreprises est d\u00e9finie par la commission europ\u00e9enne comme l&#8217;int\u00e9gration volontaire par les entreprises de pr\u00e9occupations sociales et environnementales \u00e0 leurs activit\u00e9s commerciales et leurs relations avec les parties prenantes.<\/p><p>En d&#8217;autres termes, la RSE c&#8217;est la contribution des entreprises aux enjeux du d\u00e9veloppement durable.<\/p><p>Une entreprise qui pratique la RSE va donc chercher \u00e0 avoir un impact positif sur la soci\u00e9t\u00e9 tout en \u00e9tant \u00e9conomiquement viable.<\/p>\t\t\t\t\t\t\t\t<\/div>\n\t\t\t\t<\/div>\n\t\t<div class=\"elementor-element elementor-element-2c5d34d6 e-con-full e-grid e-con e-child\" data-id=\"2c5d34d6\" data-element_type=\"container\" data-e-type=\"container\">\n\t\t\t\t<div class=\"elementor-element elementor-element-3f82668a elementor-widget elementor-widget-image\" data-id=\"3f82668a\" data-element_type=\"widget\" data-e-type=\"widget\" data-widget_type=\"image.default\">\n\t\t\t\t<div class=\"elementor-widget-container\">\n\t\t\t\t\t\t\t\t\t\t\t\t\t\t\t<img loading=\"lazy\" decoding=\"async\" width=\"683\" height=\"1024\" src=\"https:\/\/i0.wp.com\/inside-toulouse.com\/wp-content\/uploads\/2024\/06\/DEMARCHE-RSE.jpg?fit=683%2C1024&amp;ssl=1\" class=\"attachment-large size-large wp-image-414\" alt=\"\" srcset=\"https:\/\/i0.wp.com\/inside-toulouse.com\/wp-content\/uploads\/2024\/06\/DEMARCHE-RSE.jpg?w=1280&amp;ssl=1 1280w, https:\/\/i0.wp.com\/inside-toulouse.com\/wp-content\/uploads\/2024\/06\/DEMARCHE-RSE.jpg?resize=200%2C300&amp;ssl=1 200w, https:\/\/i0.wp.com\/inside-toulouse.com\/wp-content\/uploads\/2024\/06\/DEMARCHE-RSE.jpg?resize=683%2C1024&amp;ssl=1 683w, https:\/\/i0.wp.com\/inside-toulouse.com\/wp-content\/uploads\/2024\/06\/DEMARCHE-RSE.jpg?resize=768%2C1152&amp;ssl=1 768w, https:\/\/i0.wp.com\/inside-toulouse.com\/wp-content\/uploads\/2024\/06\/DEMARCHE-RSE.jpg?resize=1024%2C1536&amp;ssl=1 1024w\" sizes=\"(max-width: 683px) 100vw, 683px\" \/>\t\t\t\t\t\t\t\t\t\t\t\t\t\t\t<\/div>\n\t\t\t\t<\/div>\n\t\t\t\t<div class=\"elementor-element elementor-element-6e7cf11 elementor-widget elementor-widget-text-editor\" data-id=\"6e7cf11\" data-element_type=\"widget\" data-e-type=\"widget\" data-widget_type=\"text-editor.default\">\n\t\t\t\t<div class=\"elementor-widget-container\">\n\t\t\t\t\t\t\t\t\t<p><strong>RESPONSABILIT\u00c9 \u00c9CONOMIQUE<\/strong><br \/>STM mets toujours en avant la production et la fabrication fran\u00e7aise.<br \/>Dans ce sens, la majorit\u00e9 de nos fournisseurs sont fran\u00e7ais et nous cr\u00e9ons dans notre atelier Toulousain 99% de nos r\u00e9alisations.<br \/>Nous travaillons \u00e9galement pour et avec des entreprises locales principalement ou nationales.<\/p><p><strong>RESPONSABILIT\u00c9 SOCIALE<\/strong><br \/>STM se pr\u00e9occupe du bien-\u00eatre de ses employ\u00e9s et mets en \u0153uvre diff\u00e9rents am\u00e9nagements pour y veiller : terrasse, playzone, cuisine \u00e9quip\u00e9e, salle de sport, caf\u00e9 \u00e0 volont\u00e9.<\/p><p><strong>RESPONSABILIT\u00c9 ENVIRONNEMENTALE<\/strong><br \/>\u00c9tants conscients de l\u2019impact environnementale de notre activit\u00e9, STM multiplie les petits gestes pour la plan\u00e8te : recyclage des capsules de caf\u00e9, prises pour v\u00e9hicules \u00e9lectriques, r\u00e9utilisation des cartons, bac \u00e0 d\u00e9chets m\u00e9taliques, r\u00e9utilisation de chutes de produits, optimisation de l\u2019utilisation des camions de chantier.<\/p>\t\t\t\t\t\t\t\t<\/div>\n\t\t\t\t<\/div>\n\t\t\t\t<\/div>\n\t\t\t\t\t<\/div>\n\t\t\t\t<\/div>\n\t\t<div class=\"elementor-element elementor-element-671b6f4c e-flex e-con-boxed e-con e-parent\" data-id=\"671b6f4c\" data-element_type=\"container\" data-e-type=\"container\" data-settings=\"{&quot;background_background&quot;:&quot;gradient&quot;}\">\n\t\t\t\t\t<div class=\"e-con-inner\">\n\t\t<div class=\"elementor-element elementor-element-3e253dd7 e-con-full e-flex e-con e-child\" data-id=\"3e253dd7\" data-element_type=\"container\" data-e-type=\"container\">\n\t\t<div class=\"elementor-element elementor-element-168b7066 e-con-full e-flex e-con e-child\" data-id=\"168b7066\" data-element_type=\"container\" data-e-type=\"container\">\n\t\t\t\t<div class=\"elementor-element elementor-element-62a68fdf elementor-widget elementor-widget-image\" data-id=\"62a68fdf\" data-element_type=\"widget\" data-e-type=\"widget\" data-widget_type=\"image.default\">\n\t\t\t\t<div class=\"elementor-widget-container\">\n\t\t\t\t\t\t\t\t\t\t\t\t\t\t\t<img loading=\"lazy\" decoding=\"async\" width=\"81\" height=\"81\" src=\"https:\/\/inside-toulouse.com\/wp-content\/uploads\/2024\/06\/ESPACE-BLANC.svg\" class=\"attachment-large size-large wp-image-231\" alt=\"\" \/>\t\t\t\t\t\t\t\t\t\t\t\t\t\t\t<\/div>\n\t\t\t\t<\/div>\n\t\t\t\t<div class=\"elementor-element elementor-element-424a32a4 elementor-widget elementor-widget-image\" data-id=\"424a32a4\" data-element_type=\"widget\" data-e-type=\"widget\" data-widget_type=\"image.default\">\n\t\t\t\t<div class=\"elementor-widget-container\">\n\t\t\t\t\t\t\t\t\t\t\t\t\t\t\t<img loading=\"lazy\" decoding=\"async\" width=\"81\" height=\"81\" src=\"https:\/\/inside-toulouse.com\/wp-content\/uploads\/2024\/06\/GRAPHIQUE-BLANC.svg\" class=\"attachment-large size-large wp-image-230\" alt=\"\" \/>\t\t\t\t\t\t\t\t\t\t\t\t\t\t\t<\/div>\n\t\t\t\t<\/div>\n\t\t\t\t<\/div>\n\t\t<div class=\"elementor-element elementor-element-12248870 e-con-full e-flex e-con e-child\" data-id=\"12248870\" data-element_type=\"container\" data-e-type=\"container\">\n\t\t\t\t<div class=\"elementor-element elementor-element-57732914 elementor-widget elementor-widget-text-editor\" data-id=\"57732914\" data-element_type=\"widget\" data-e-type=\"widget\" data-widget_type=\"text-editor.default\">\n\t\t\t\t<div class=\"elementor-widget-container\">\n\t\t\t\t\t\t\t\t\t<p>Du Lundi au Vendredi<br \/>09h00 \u00e0 19h00<br \/>(18h00 le vendredi)<\/p>\t\t\t\t\t\t\t\t<\/div>\n\t\t\t\t<\/div>\n\t\t\t\t<\/div>\n\t\t<div class=\"elementor-element elementor-element-a9e7e77 e-con-full e-flex e-con e-child\" data-id=\"a9e7e77\" data-element_type=\"container\" data-e-type=\"container\">\n\t\t\t\t<div class=\"elementor-element elementor-element-5ce9751f elementor-widget elementor-widget-text-editor\" data-id=\"5ce9751f\" data-element_type=\"widget\" data-e-type=\"widget\" data-widget_type=\"text-editor.default\">\n\t\t\t\t<div class=\"elementor-widget-container\">\n\t\t\t\t\t\t\t\t\t<p>4 bis all\u00e9e de Longueterre<br \/>31850 Montrab\u00e9<br \/>05 34 67 12 89<\/p>\t\t\t\t\t\t\t\t<\/div>\n\t\t\t\t<\/div>\n\t\t\t\t<\/div>\n\t\t<div class=\"elementor-element elementor-element-160ac654 e-con-full e-flex e-con e-child\" data-id=\"160ac654\" data-element_type=\"container\" data-e-type=\"container\">\n\t\t\t\t<div class=\"elementor-element elementor-element-2663ab2e elementor-widget elementor-widget-text-editor\" data-id=\"2663ab2e\" data-element_type=\"widget\" data-e-type=\"widget\" data-widget_type=\"text-editor.default\">\n\t\t\t\t<div class=\"elementor-widget-container\">\n\t\t\t\t\t\t\t\t\t<p><a href=\"https:\/\/inside-toulouse.com\/index.php\/demarche-rse\/\" target=\"_blank\" rel=\"noopener\">D\u00e9marche RSE<\/a><br \/><a href=\"https:\/\/inside-toulouse.com\/index.php\/mentions-legales\/\" target=\"_blank\" rel=\"noopener\">Mentions l\u00e9gales<\/a><br \/><a href=\"https:\/\/inside-toulouse.com\/index.php\/conditions-generales-de-ventes\/\" target=\"_blank\" rel=\"noopener\">CGV<\/a><\/p>\t\t\t\t\t\t\t\t<\/div>\n\t\t\t\t<\/div>\n\t\t\t\t<\/div>\n\t\t\t\t<\/div>\n\t\t<div class=\"elementor-element elementor-element-180c22ac e-con-full e-flex e-con e-child\" data-id=\"180c22ac\" data-element_type=\"container\" data-e-type=\"container\">\n\t\t\t\t<div class=\"elementor-element elementor-element-2e9841f9 elementor-widget elementor-widget-image\" data-id=\"2e9841f9\" data-element_type=\"widget\" data-e-type=\"widget\" data-widget_type=\"image.default\">\n\t\t\t\t<div class=\"elementor-widget-container\">\n\t\t\t\t\t\t\t\t\t\t\t\t\t\t\t\t<a href=\"https:\/\/inside-toulouse.com\/\">\n\t\t\t\t\t\t\t<img decoding=\"async\" width=\"70\" height=\"32\" src=\"https:\/\/inside-toulouse.com\/wp-content\/uploads\/2024\/05\/logo-inside.svg\" class=\"attachment-large size-large wp-image-32\" alt=\"\" \/>\t\t\t\t\t\t\t\t<\/a>\n\t\t\t\t\t\t\t\t\t\t\t\t\t\t\t<\/div>\n\t\t\t\t<\/div>\n\t\t\t\t<\/div>\n\t\t\t\t\t<\/div>\n\t\t\t\t<\/div>\n\t\t\t\t<\/div>\n\t\t","protected":false},"excerpt":{"rendered":"<p>LE STUDIO DESIGN GRAPHIQUE DESIGN D&#8217;ESPACE L&#8217;EQUIPE STM X INSIDE CONTACT D\u00e9marche RSE La responsabilit\u00e9 soci\u00e9tale des entreprises (RSE) \u00e9galement appel\u00e9e responsabilit\u00e9 sociale des entreprises est d\u00e9finie par la commission europ\u00e9enne comme l&#8217;int\u00e9gration volontaire par les entreprises de pr\u00e9occupations sociales et environnementales \u00e0 leurs activit\u00e9s commerciales et leurs relations avec les parties prenantes. En d&#8217;autres [&hellip;]<\/p>\n","protected":false},"author":1,"featured_media":0,"parent":0,"menu_order":0,"comment_status":"closed","ping_status":"closed","template":"","meta":{"footnotes":""},"class_list":["post-438","page","type-page","status-publish","hentry"],"jetpack-related-posts":[],"jetpack_sharing_enabled":true,"_links":{"self":[{"href":"https:\/\/inside-toulouse.com\/index.php\/wp-json\/wp\/v2\/pages\/438","targetHints":{"allow":["GET"]}}],"collection":[{"href":"https:\/\/inside-toulouse.com\/index.php\/wp-json\/wp\/v2\/pages"}],"about":[{"href":"https:\/\/inside-toulouse.com\/index.php\/wp-json\/wp\/v2\/types\/page"}],"author":[{"embeddable":true,"href":"https:\/\/inside-toulouse.com\/index.php\/wp-json\/wp\/v2\/users\/1"}],"replies":[{"embeddable":true,"href":"https:\/\/inside-toulouse.com\/index.php\/wp-json\/wp\/v2\/comments?post=438"}],"version-history":[{"count":13,"href":"https:\/\/inside-toulouse.com\/index.php\/wp-json\/wp\/v2\/pages\/438\/revisions"}],"predecessor-version":[{"id":611,"href":"https:\/\/inside-toulouse.com\/index.php\/wp-json\/wp\/v2\/pages\/438\/revisions\/611"}],"wp:attachment":[{"href":"https:\/\/inside-toulouse.com\/index.php\/wp-json\/wp\/v2\/media?parent=438"}],"curies":[{"name":"wp","href":"https:\/\/api.w.org\/{rel}","templated":true}]}}