{"id":436,"date":"2024-06-20T17:02:39","date_gmt":"2024-06-20T15:02:39","guid":{"rendered":"https:\/\/inside-toulouse.com\/?page_id=436"},"modified":"2024-06-28T15:03:32","modified_gmt":"2024-06-28T13:03:32","slug":"conditions-generales-de-ventes","status":"publish","type":"page","link":"https:\/\/inside-toulouse.com\/index.php\/conditions-generales-de-ventes\/","title":{"rendered":"Conditions G\u00e9n\u00e9rales de Ventes"},"content":{"rendered":"\t\t<div data-elementor-type=\"wp-page\" data-elementor-id=\"436\" class=\"elementor elementor-436\">\n\t\t\t\t<div class=\"elementor-element elementor-element-73625542 e-con-full e-flex e-con e-parent\" data-id=\"73625542\" data-element_type=\"container\" data-e-type=\"container\" data-settings=\"{&quot;background_background&quot;:&quot;classic&quot;}\">\n\t\t<div class=\"elementor-element elementor-element-23d4020d e-con-full e-flex e-con e-child\" data-id=\"23d4020d\" data-element_type=\"container\" data-e-type=\"container\">\n\t\t\t\t<div class=\"elementor-element elementor-element-3c08f9c3 elementor-widget elementor-widget-image\" data-id=\"3c08f9c3\" data-element_type=\"widget\" data-e-type=\"widget\" data-widget_type=\"image.default\">\n\t\t\t\t<div class=\"elementor-widget-container\">\n\t\t\t\t\t\t\t\t\t\t\t\t\t\t\t\t<a href=\"https:\/\/inside-toulouse.com\/\">\n\t\t\t\t\t\t\t<img decoding=\"async\" width=\"70\" height=\"32\" src=\"https:\/\/inside-toulouse.com\/wp-content\/uploads\/2024\/05\/logo-inside.svg\" class=\"attachment-large size-large wp-image-32\" alt=\"\" \/>\t\t\t\t\t\t\t\t<\/a>\n\t\t\t\t\t\t\t\t\t\t\t\t\t\t\t<\/div>\n\t\t\t\t<\/div>\n\t\t\t\t<\/div>\n\t\t<div class=\"elementor-element elementor-element-4d9cf7c1 e-con-full e-flex e-con e-child\" data-id=\"4d9cf7c1\" data-element_type=\"container\" data-e-type=\"container\">\n\t\t\t\t<div class=\"elementor-element elementor-element-60b28121 elementor-widget elementor-widget-heading\" data-id=\"60b28121\" data-element_type=\"widget\" data-e-type=\"widget\" data-widget_type=\"heading.default\">\n\t\t\t\t<div class=\"elementor-widget-container\">\n\t\t\t\t\t<h2 class=\"elementor-heading-title elementor-size-default\"><a href=\"http:\/\/www.inside-toulouse.com#studio\">LE STUDIO<\/a><\/h2>\t\t\t\t<\/div>\n\t\t\t\t<\/div>\n\t\t\t\t<div class=\"elementor-element elementor-element-59ffaebd elementor-widget elementor-widget-heading\" data-id=\"59ffaebd\" data-element_type=\"widget\" data-e-type=\"widget\" data-widget_type=\"heading.default\">\n\t\t\t\t<div class=\"elementor-widget-container\">\n\t\t\t\t\t<h2 class=\"elementor-heading-title elementor-size-default\"><a href=\"http:\/\/www.inside-toulouse.com#design-graphique\">DESIGN GRAPHIQUE<\/a><\/h2>\t\t\t\t<\/div>\n\t\t\t\t<\/div>\n\t\t\t\t<div class=\"elementor-element elementor-element-e3d91a7 elementor-widget elementor-widget-heading\" data-id=\"e3d91a7\" data-element_type=\"widget\" data-e-type=\"widget\" data-widget_type=\"heading.default\">\n\t\t\t\t<div class=\"elementor-widget-container\">\n\t\t\t\t\t<h2 class=\"elementor-heading-title elementor-size-default\"><a href=\"http:\/\/www.inside-toulouse.com#design-espace\">DESIGN D'ESPACE<\/a><\/h2>\t\t\t\t<\/div>\n\t\t\t\t<\/div>\n\t\t\t\t<div class=\"elementor-element elementor-element-2badb476 elementor-widget elementor-widget-heading\" data-id=\"2badb476\" data-element_type=\"widget\" data-e-type=\"widget\" data-widget_type=\"heading.default\">\n\t\t\t\t<div class=\"elementor-widget-container\">\n\t\t\t\t\t<h2 class=\"elementor-heading-title elementor-size-default\"><a href=\"http:\/\/www.inside-toulouse.com#equipe\">L'EQUIPE<\/a><\/h2>\t\t\t\t<\/div>\n\t\t\t\t<\/div>\n\t\t\t\t<div class=\"elementor-element elementor-element-5fee5a0 elementor-widget elementor-widget-heading\" data-id=\"5fee5a0\" data-element_type=\"widget\" data-e-type=\"widget\" data-widget_type=\"heading.default\">\n\t\t\t\t<div class=\"elementor-widget-container\">\n\t\t\t\t\t<h2 class=\"elementor-heading-title elementor-size-default\"><a href=\"http:\/\/www.inside-toulouse.com#stmxinside\">STM X INSIDE<\/a><\/h2>\t\t\t\t<\/div>\n\t\t\t\t<\/div>\n\t\t\t\t<div class=\"elementor-element elementor-element-72779b5c elementor-widget elementor-widget-heading\" data-id=\"72779b5c\" data-element_type=\"widget\" data-e-type=\"widget\" data-widget_type=\"heading.default\">\n\t\t\t\t<div class=\"elementor-widget-container\">\n\t\t\t\t\t<h2 class=\"elementor-heading-title elementor-size-default\"><a href=\"http:\/\/www.inside-toulouse.com#contact\">CONTACT<\/a><\/h2>\t\t\t\t<\/div>\n\t\t\t\t<\/div>\n\t\t\t\t<\/div>\n\t\t<div class=\"elementor-element elementor-element-2f1f5b31 e-con-full e-flex e-con e-child\" data-id=\"2f1f5b31\" data-element_type=\"container\" data-e-type=\"container\">\n\t\t\t\t<div class=\"elementor-element elementor-element-4c545fd2 elementor-widget elementor-widget-image\" data-id=\"4c545fd2\" data-element_type=\"widget\" data-e-type=\"widget\" data-widget_type=\"image.default\">\n\t\t\t\t<div class=\"elementor-widget-container\">\n\t\t\t\t\t\t\t\t\t\t\t\t\t\t\t\t<a href=\"https:\/\/stm31.com\" target=\"_blank\">\n\t\t\t\t\t\t\t<img decoding=\"async\" width=\"31\" height=\"31\" src=\"https:\/\/inside-toulouse.com\/wp-content\/uploads\/2024\/06\/STM.svg\" class=\"attachment-large size-large wp-image-272\" alt=\"\" \/>\t\t\t\t\t\t\t\t<\/a>\n\t\t\t\t\t\t\t\t\t\t\t\t\t\t\t<\/div>\n\t\t\t\t<\/div>\n\t\t\t\t<div class=\"elementor-element elementor-element-30a7d66f elementor-widget elementor-widget-image\" data-id=\"30a7d66f\" data-element_type=\"widget\" data-e-type=\"widget\" data-widget_type=\"image.default\">\n\t\t\t\t<div class=\"elementor-widget-container\">\n\t\t\t\t\t\t\t\t\t\t\t\t\t\t\t\t<a href=\"https:\/\/www.instagram.com\/stmtoulouse\/\" target=\"_blank\">\n\t\t\t\t\t\t\t<img decoding=\"async\" width=\"31\" height=\"31\" src=\"https:\/\/inside-toulouse.com\/wp-content\/uploads\/2024\/06\/insta.svg\" class=\"attachment-large size-large wp-image-271\" alt=\"\" \/>\t\t\t\t\t\t\t\t<\/a>\n\t\t\t\t\t\t\t\t\t\t\t\t\t\t\t<\/div>\n\t\t\t\t<\/div>\n\t\t\t\t<div class=\"elementor-element elementor-element-42423951 elementor-widget elementor-widget-image\" data-id=\"42423951\" data-element_type=\"widget\" data-e-type=\"widget\" data-widget_type=\"image.default\">\n\t\t\t\t<div class=\"elementor-widget-container\">\n\t\t\t\t\t\t\t\t\t\t\t\t\t\t\t\t<a href=\"https:\/\/www.pinterest.fr\/stmtoulouse\/\" target=\"_blank\">\n\t\t\t\t\t\t\t<img loading=\"lazy\" decoding=\"async\" width=\"31\" height=\"31\" src=\"https:\/\/inside-toulouse.com\/wp-content\/uploads\/2024\/06\/PINTEREST.svg\" class=\"attachment-large size-large wp-image-270\" alt=\"\" \/>\t\t\t\t\t\t\t\t<\/a>\n\t\t\t\t\t\t\t\t\t\t\t\t\t\t\t<\/div>\n\t\t\t\t<\/div>\n\t\t\t\t<\/div>\n\t\t\t\t<\/div>\n\t\t<div class=\"elementor-element elementor-element-7a8f86d8 e-flex e-con-boxed e-con e-parent\" data-id=\"7a8f86d8\" data-element_type=\"container\" data-e-type=\"container\" data-settings=\"{&quot;background_background&quot;:&quot;classic&quot;}\">\n\t\t\t\t\t<div class=\"e-con-inner\">\n\t\t\t\t<div class=\"elementor-element elementor-element-596a0229 elementor-widget elementor-widget-heading\" data-id=\"596a0229\" data-element_type=\"widget\" data-e-type=\"widget\" data-widget_type=\"heading.default\">\n\t\t\t\t<div class=\"elementor-widget-container\">\n\t\t\t\t\t<h2 class=\"elementor-heading-title elementor-size-default\">Conditions G\u00e9n\u00e9rales de Ventes<\/h2>\t\t\t\t<\/div>\n\t\t\t\t<\/div>\n\t\t\t\t<div class=\"elementor-element elementor-element-dc0abc8 elementor-widget elementor-widget-image\" data-id=\"dc0abc8\" data-element_type=\"widget\" data-e-type=\"widget\" data-widget_type=\"image.default\">\n\t\t\t\t<div class=\"elementor-widget-container\">\n\t\t\t\t\t\t\t\t\t\t\t\t\t\t\t<img loading=\"lazy\" decoding=\"async\" width=\"800\" height=\"534\" src=\"https:\/\/i0.wp.com\/inside-toulouse.com\/wp-content\/uploads\/2024\/06\/CONDITIONS_GENERALES.jpg?fit=800%2C534&amp;ssl=1\" class=\"attachment-large size-large wp-image-413\" alt=\"\" srcset=\"https:\/\/i0.wp.com\/inside-toulouse.com\/wp-content\/uploads\/2024\/06\/CONDITIONS_GENERALES.jpg?w=1920&amp;ssl=1 1920w, https:\/\/i0.wp.com\/inside-toulouse.com\/wp-content\/uploads\/2024\/06\/CONDITIONS_GENERALES.jpg?resize=300%2C200&amp;ssl=1 300w, https:\/\/i0.wp.com\/inside-toulouse.com\/wp-content\/uploads\/2024\/06\/CONDITIONS_GENERALES.jpg?resize=1024%2C683&amp;ssl=1 1024w, https:\/\/i0.wp.com\/inside-toulouse.com\/wp-content\/uploads\/2024\/06\/CONDITIONS_GENERALES.jpg?resize=768%2C512&amp;ssl=1 768w, https:\/\/i0.wp.com\/inside-toulouse.com\/wp-content\/uploads\/2024\/06\/CONDITIONS_GENERALES.jpg?resize=1536%2C1024&amp;ssl=1 1536w, https:\/\/i0.wp.com\/inside-toulouse.com\/wp-content\/uploads\/2024\/06\/CONDITIONS_GENERALES.jpg?w=1600 1600w\" sizes=\"(max-width: 800px) 100vw, 800px\" \/>\t\t\t\t\t\t\t\t\t\t\t\t\t\t\t<\/div>\n\t\t\t\t<\/div>\n\t\t<div class=\"elementor-element elementor-element-58f595f9 e-con-full e-grid e-con e-child\" data-id=\"58f595f9\" data-element_type=\"container\" data-e-type=\"container\">\n\t\t\t\t<div class=\"elementor-element elementor-element-6fbe1060 elementor-widget elementor-widget-text-editor\" data-id=\"6fbe1060\" data-element_type=\"widget\" data-e-type=\"widget\" data-widget_type=\"text-editor.default\">\n\t\t\t\t<div class=\"elementor-widget-container\">\n\t\t\t\t\t\t\t\t\t<p><strong>PR\u00c9AMBULE<\/strong><br \/>Les Conditions G\u00e9n\u00e9rales de Vente s\u2019appliquent \u00e0 toutes les ventes effectu\u00e9es par la SARL STM.<br \/>L\u2019acceptation d\u2019un devis ou la passation d\u2019une commande entra\u00eene leur acceptation par le client nonobstant toute clause contraire dans ses propres conditions d\u2019achat ou sauf contrat particulier stipulant express\u00e9ment les points sur lesquels la SARL STM accepte une d\u00e9rogation.<br \/>Un simple accus\u00e9 de r\u00e9ception d\u2019une commande d\u2019un client n\u2019ayant pas fait l\u2019objet d\u2019une offre pr\u00e9alable, n\u2019implique pas l\u2019accord.<\/p><p><strong>Article 1 : INFORMATIONS GENERALES<\/strong><br \/>Les pr\u00e9sentes Conditions G\u00e9n\u00e9rales de Vente (CGV) r\u00e9gissent toutes les transactions commerciales effectu\u00e9es avec la SARL STM.<br \/>La SARL STM est repr\u00e9sent\u00e9e par Monsieur S\u00e9bastien MALOT et Monsieur Thomas MALOT.<br \/>Le si\u00e8ge de la SARL STM est situ\u00e9 au 4 bis all\u00e9e de Longueterre 31850 MONTRABE. Toute correspondance postale se doit d\u2019\u00eatre envoy\u00e9e \u00e0 cette adresse.<br \/>Les autres coordonn\u00e9es de la SARL STM sont les suivantes : T\u00e9l : 05 34 67 12 89 \u2013 Email : stm@stm31.com.<\/p><p><strong>Article 2 : OFFRES<\/strong><br \/>Seule une offre \u00e9crite de la SARL STM est valable et ne l\u2019engage que pour une dur\u00e9e d\u2019un mois. Les offres sont \u00e9tablies d\u2019apr\u00e8s les cours en vigueur \u00e0 la date de leurs \u00e9tablissement, tant en main d\u2019\u0153uvre, mati\u00e8res premi\u00e8res et charges. Elles sont susceptibles d\u2019\u00eatre r\u00e9vis\u00e9es en fonction des variations possibles de ces cours et charges.<br \/>Toutes les offres de la SARL STM s\u2019entendent Hors Taxes (T.V.A au taux en vigueur au moment de la livraison en sus).<\/p><p><strong>Article 3 : COMMANDES et BON A TIRER<\/strong><br \/>Les commandes ne seront valid\u00e9es qu\u2019apr\u00e8s signature du devis et du Bon \u00e0 Tirer (BAT) et r\u00e9ception d\u2019un acompte (voir Article 6 : r\u00e8glements).<br \/>Apr\u00e8s acceptation d\u2019un Bon \u00e0 tirer aucune contestation ne pourra \u00eatre admise du moment que la mise en production a \u00e9t\u00e9 lanc\u00e9e. La signature d\u2019un Bon \u00e0 Tirer et d\u2019un devis ou leur acceptation par courriel vaut acceptation sans r\u00e9serve par le client des \u00e9l\u00e9<\/p><p><strong>Article 4 : MAQUETTES, ETUDES, PROJETS, DOCUMENTS<\/strong><br \/>Les maquettes, \u00e9tudes, projets et documents \u00e9tablis demeurent la propri\u00e9t\u00e9 de la SARL STM. Ils ne peuvent \u00eatre utilis\u00e9s par le client pour tout autre projet que le n\u00f4tre. Ces maquettes, \u00e9tudes, projets et documents ne peuvent \u00eatre reproduits, ni copi\u00e9 ou ex\u00e9cut\u00e9 sans notre accord \u00e9crit.<\/p><p><strong>Article 5 : AUTORISATIONS<\/strong><br \/>La SARL STM informe les clients des autorisations d\u2019installations administratives ou priv\u00e9es (ABF, pr\u00e9fectorales, d\u00e9partementales, communales, des propri\u00e9taires, des g\u00e9rants ou syndic d\u2019immeubles\u2026) n\u00e9cessaires \u00e0 l\u2019installation de ces produits. Le client doit faire son affaire personnelle de toutes ces autorisations et en conserve l\u2019enti\u00e8re responsabilit\u00e9 en cas de non-respect. Tous les frais et taxes d\u00e9coulant de ces demandes d\u2019autorisation et d\u2019implantation restent \u00e0 la charge int\u00e9grale du client. La responsabilit\u00e9 de la SARL STM n\u2019est jamais engag\u00e9e en cas de violation des dispositions r\u00e8glementaires ou l\u00e9gislatives.<br \/>En cas de refus, de modification ou de<\/p>\t\t\t\t\t\t\t\t<\/div>\n\t\t\t\t<\/div>\n\t\t\t\t<div class=\"elementor-element elementor-element-896469f elementor-widget elementor-widget-text-editor\" data-id=\"896469f\" data-element_type=\"widget\" data-e-type=\"widget\" data-widget_type=\"text-editor.default\">\n\t\t\t\t<div class=\"elementor-widget-container\">\n\t\t\t\t\t\t\t\t\t<p>d\u00e9montage, le client ne remettre en cause ou invoquer la faute de la SARL STM, l\u2019enseigne reste pleinement due.<br \/>En outre, le client s\u2019engage \u00e0 nous garantir de toute r\u00e9clamation de porteurs de brevets d\u2019invention ou de propri\u00e9taires de marques, enseignes, dessins, mod\u00e8les, appellations et indications d\u2019origine et plus g\u00e9n\u00e9ralement, tous \u00e9l\u00e9ments prot\u00e9g\u00e9s par la propri\u00e9t\u00e9 industrielle.<\/p><p><strong>Article 6 : CONDITIONS DE PAIEMENT<\/strong><br \/>Les conditions de paiement \u00e9num\u00e9r\u00e9es ci-dessous, ne sont pas n\u00e9gociable sauf accord contraire \u00e9crit par la SARL STM.<br \/>Premi\u00e8re commande : Acompte de 40 % \u00e0 la commande et solde \u00e0 r\u00e9ception chantier.<br \/>Commande suivante : r\u00e8glement \u00e0 r\u00e9ception chantier.<br \/>Commande retir\u00e9e dans nos ateliers : r\u00e8glement \u00e0 l\u2019enl\u00e8vement<br \/>Tous r\u00e8glements devra \u00eatre effectu\u00e9 par virement ou ch\u00e8que \u00e0 l\u2019ordre de la SARL STM.<br \/>Tout remaniement, modification ou changement apport\u00e9s par le client au projet initialement valid\u00e9 alors que la production a commenc\u00e9 seront factur\u00e9s en fonction du temps et de la mati\u00e8re n\u00e9cessaire \u00e0 leur ex\u00e9cution et seront d\u00fb par le client.<\/p><p><strong>ARTICLE 7 : PRENALITES DE RETARD<\/strong><br \/>Conform\u00e9ment \u00e0 l\u2019article L.441-7 du Code du Commerce, tout retard de paiement sera major\u00e9 d\u2019un taux port\u00e9 \u00e0 1,5 fois le taux l\u00e9gal en vigueur. Les p\u00e9nalit\u00e9s de retard seront exigibles sans qu\u2019un rappel soit n\u00e9cessaire.<br \/>De conventions expresses et sauf report sollicit\u00e9 \u00e0 temps et accord\u00e9 par la SARL STM, le d\u00e9faut de paiement de nos fournitures \u00e0 l\u2019\u00e9ch\u00e9ance fix\u00e9e entra\u00eenera :<br \/>1) l\u2019exigibilit\u00e9 \u00e0 titre imm\u00e9diat de toutes les sommes restant dues <br \/>2) l\u2019exigibilit\u00e9 \u00e0 titre de dommage et int\u00e9r\u00eats et de clause p\u00e9nale d\u2019une indemnit\u00e9 \u00e9gale \u00e0 15% des sommes dues outre les int\u00e9r\u00eats l\u00e9gaux et les frais judiciaires \u00e9ventuels.<\/p><p>Article 8 : GARANTIE<br \/>Notre garantie s\u2019\u00e9tend \u00e0 tout d\u00e9faut de fabrication de notre mat\u00e9riel. Cette garantie ne peut \u00eatre appliqu\u00e9e en aucun cas pour tout bris par une tierce personne, ou perturbation atmosph\u00e9rique de ce dit mat\u00e9riel apr\u00e8s la pose ou la livraison. En cas d\u2019intervention d\u2019une tierce personne \u00e9trang\u00e8re \u00e0 la SARL STM, pendant cette dur\u00e9e de garantie, notre garantie s\u2019annule automatiquement. Toute r\u00e9clamation devra \u00eatre faite \u00e0 la r\u00e9ception de la marchandise. La SARL STM d\u00e9gage toute responsabilit\u00e9 en cas d\u2019avarie accidentelle, d\u2019un mauvaise utilisation, modification , r\u00e9paration, survoltage de nos appareils en dehors de ses services. Nos installations ne sont pas garanties antiparasites sauf conventions pr\u00e9alables et la mise \u00e0 la terre est \u00e0 la charge du client.<\/p><p><strong>Article 9 : RESERVE DE PROPRIETE<\/strong><br \/>Les marchandises livr\u00e9es restent la propri\u00e9t\u00e9 de la SARL STM jusqu\u2019\u00e0 leur paiement int\u00e9gral et sont nanties \u00e0 leur profit en cas de revente ou de transformation (Loi du 12 mai 1980 N\u00b080.335).<\/p><p><strong>Article 10 : ATTRIBUTION DE JURIDICTION<\/strong><br \/>En cas de litige ou de contestation, le Tribunal de Toulouse est seul comp\u00e9tent, m\u00eame en cas d\u2019appel en garantie de pluralit\u00e9 de d\u00e9fenseurs. <br \/>ments qui lui sont pr\u00e9sent\u00e9s. De m\u00eame la SARL STM ne pourra \u00eatre tenue pour responsable des erreurs sur la nature des travaux.<\/p>\t\t\t\t\t\t\t\t<\/div>\n\t\t\t\t<\/div>\n\t\t\t\t<\/div>\n\t\t\t\t\t<\/div>\n\t\t\t\t<\/div>\n\t\t<div class=\"elementor-element elementor-element-7889c70a e-flex e-con-boxed e-con e-parent\" data-id=\"7889c70a\" data-element_type=\"container\" data-e-type=\"container\" data-settings=\"{&quot;background_background&quot;:&quot;gradient&quot;}\">\n\t\t\t\t\t<div class=\"e-con-inner\">\n\t\t<div class=\"elementor-element elementor-element-36293de5 e-con-full e-flex e-con e-child\" data-id=\"36293de5\" data-element_type=\"container\" data-e-type=\"container\">\n\t\t<div class=\"elementor-element elementor-element-2baa8924 e-con-full e-flex e-con e-child\" data-id=\"2baa8924\" data-element_type=\"container\" data-e-type=\"container\">\n\t\t\t\t<div class=\"elementor-element elementor-element-33523c4d elementor-widget elementor-widget-image\" data-id=\"33523c4d\" data-element_type=\"widget\" data-e-type=\"widget\" data-widget_type=\"image.default\">\n\t\t\t\t<div class=\"elementor-widget-container\">\n\t\t\t\t\t\t\t\t\t\t\t\t\t\t\t<img loading=\"lazy\" decoding=\"async\" width=\"81\" height=\"81\" src=\"https:\/\/inside-toulouse.com\/wp-content\/uploads\/2024\/06\/ESPACE-BLANC.svg\" class=\"attachment-large size-large wp-image-231\" alt=\"\" \/>\t\t\t\t\t\t\t\t\t\t\t\t\t\t\t<\/div>\n\t\t\t\t<\/div>\n\t\t\t\t<div class=\"elementor-element elementor-element-55effcbc elementor-widget elementor-widget-image\" data-id=\"55effcbc\" data-element_type=\"widget\" data-e-type=\"widget\" data-widget_type=\"image.default\">\n\t\t\t\t<div class=\"elementor-widget-container\">\n\t\t\t\t\t\t\t\t\t\t\t\t\t\t\t<img loading=\"lazy\" decoding=\"async\" width=\"81\" height=\"81\" src=\"https:\/\/inside-toulouse.com\/wp-content\/uploads\/2024\/06\/GRAPHIQUE-BLANC.svg\" class=\"attachment-large size-large wp-image-230\" alt=\"\" \/>\t\t\t\t\t\t\t\t\t\t\t\t\t\t\t<\/div>\n\t\t\t\t<\/div>\n\t\t\t\t<\/div>\n\t\t<div class=\"elementor-element elementor-element-1d5ad9b e-con-full e-flex e-con e-child\" data-id=\"1d5ad9b\" data-element_type=\"container\" data-e-type=\"container\">\n\t\t\t\t<div class=\"elementor-element elementor-element-7d98a1e7 elementor-widget elementor-widget-text-editor\" data-id=\"7d98a1e7\" data-element_type=\"widget\" data-e-type=\"widget\" data-widget_type=\"text-editor.default\">\n\t\t\t\t<div class=\"elementor-widget-container\">\n\t\t\t\t\t\t\t\t\t<p>Du Lundi au Vendredi<br \/>09h00 \u00e0 19h00<br \/>(18h00 le vendredi)<\/p>\t\t\t\t\t\t\t\t<\/div>\n\t\t\t\t<\/div>\n\t\t\t\t<\/div>\n\t\t<div class=\"elementor-element elementor-element-433aaeb6 e-con-full e-flex e-con e-child\" data-id=\"433aaeb6\" data-element_type=\"container\" data-e-type=\"container\">\n\t\t\t\t<div class=\"elementor-element elementor-element-366ebeb3 elementor-widget elementor-widget-text-editor\" data-id=\"366ebeb3\" data-element_type=\"widget\" data-e-type=\"widget\" data-widget_type=\"text-editor.default\">\n\t\t\t\t<div class=\"elementor-widget-container\">\n\t\t\t\t\t\t\t\t\t<p>4 bis all\u00e9e de Longueterre<br \/>31850 Montrab\u00e9<br \/>05 34 67 12 89<\/p>\t\t\t\t\t\t\t\t<\/div>\n\t\t\t\t<\/div>\n\t\t\t\t<\/div>\n\t\t<div class=\"elementor-element elementor-element-2b9ab4b4 e-con-full e-flex e-con e-child\" data-id=\"2b9ab4b4\" data-element_type=\"container\" data-e-type=\"container\">\n\t\t\t\t<div class=\"elementor-element elementor-element-6196478f elementor-widget elementor-widget-text-editor\" data-id=\"6196478f\" data-element_type=\"widget\" data-e-type=\"widget\" data-widget_type=\"text-editor.default\">\n\t\t\t\t<div class=\"elementor-widget-container\">\n\t\t\t\t\t\t\t\t\t<p><a href=\"https:\/\/inside-toulouse.com\/index.php\/demarche-rse\/\" target=\"_blank\" rel=\"noopener\">D\u00e9marche RSE<\/a><br \/><a href=\"https:\/\/inside-toulouse.com\/index.php\/mentions-legales\/\" target=\"_blank\" rel=\"noopener\">Mentions l\u00e9gales<\/a><br \/><a href=\"https:\/\/inside-toulouse.com\/index.php\/conditions-generales-de-ventes\/\" target=\"_blank\" rel=\"noopener\">CGV<\/a><\/p>\t\t\t\t\t\t\t\t<\/div>\n\t\t\t\t<\/div>\n\t\t\t\t<\/div>\n\t\t\t\t<\/div>\n\t\t<div class=\"elementor-element elementor-element-d808e84 e-con-full e-flex e-con e-child\" data-id=\"d808e84\" data-element_type=\"container\" data-e-type=\"container\">\n\t\t\t\t<div class=\"elementor-element elementor-element-347df0ca elementor-widget elementor-widget-image\" data-id=\"347df0ca\" data-element_type=\"widget\" data-e-type=\"widget\" data-widget_type=\"image.default\">\n\t\t\t\t<div class=\"elementor-widget-container\">\n\t\t\t\t\t\t\t\t\t\t\t\t\t\t\t\t<a href=\"https:\/\/inside-toulouse.com\/\">\n\t\t\t\t\t\t\t<img decoding=\"async\" width=\"70\" height=\"32\" src=\"https:\/\/inside-toulouse.com\/wp-content\/uploads\/2024\/05\/logo-inside.svg\" class=\"attachment-large size-large wp-image-32\" alt=\"\" \/>\t\t\t\t\t\t\t\t<\/a>\n\t\t\t\t\t\t\t\t\t\t\t\t\t\t\t<\/div>\n\t\t\t\t<\/div>\n\t\t\t\t<\/div>\n\t\t\t\t\t<\/div>\n\t\t\t\t<\/div>\n\t\t\t\t<\/div>\n\t\t","protected":false},"excerpt":{"rendered":"<p>LE STUDIO DESIGN GRAPHIQUE DESIGN D&#8217;ESPACE L&#8217;EQUIPE STM X INSIDE CONTACT Conditions G\u00e9n\u00e9rales de Ventes PR\u00c9AMBULELes Conditions G\u00e9n\u00e9rales de Vente s\u2019appliquent \u00e0 toutes les ventes effectu\u00e9es par la SARL STM.L\u2019acceptation d\u2019un devis ou la passation d\u2019une commande entra\u00eene leur acceptation par le client nonobstant toute clause contraire dans ses propres conditions d\u2019achat ou sauf contrat [&hellip;]<\/p>\n","protected":false},"author":1,"featured_media":0,"parent":0,"menu_order":0,"comment_status":"closed","ping_status":"closed","template":"","meta":{"footnotes":""},"class_list":["post-436","page","type-page","status-publish","hentry"],"jetpack-related-posts":[],"jetpack_sharing_enabled":true,"_links":{"self":[{"href":"https:\/\/inside-toulouse.com\/index.php\/wp-json\/wp\/v2\/pages\/436","targetHints":{"allow":["GET"]}}],"collection":[{"href":"https:\/\/inside-toulouse.com\/index.php\/wp-json\/wp\/v2\/pages"}],"about":[{"href":"https:\/\/inside-toulouse.com\/index.php\/wp-json\/wp\/v2\/types\/page"}],"author":[{"embeddable":true,"href":"https:\/\/inside-toulouse.com\/index.php\/wp-json\/wp\/v2\/users\/1"}],"replies":[{"embeddable":true,"href":"https:\/\/inside-toulouse.com\/index.php\/wp-json\/wp\/v2\/comments?post=436"}],"version-history":[{"count":7,"href":"https:\/\/inside-toulouse.com\/index.php\/wp-json\/wp\/v2\/pages\/436\/revisions"}],"predecessor-version":[{"id":618,"href":"https:\/\/inside-toulouse.com\/index.php\/wp-json\/wp\/v2\/pages\/436\/revisions\/618"}],"wp:attachment":[{"href":"https:\/\/inside-toulouse.com\/index.php\/wp-json\/wp\/v2\/media?parent=436"}],"curies":[{"name":"wp","href":"https:\/\/api.w.org\/{rel}","templated":true}]}}