{"id":382,"date":"2024-06-20T16:22:16","date_gmt":"2024-06-20T14:22:16","guid":{"rendered":"https:\/\/inside-toulouse.com\/?page_id=382"},"modified":"2025-09-02T09:31:43","modified_gmt":"2025-09-02T07:31:43","slug":"design-graphique-projet-hortus","status":"publish","type":"page","link":"https:\/\/inside-toulouse.com\/index.php\/design-graphique-projet-hortus\/","title":{"rendered":"Design Graphique &#8211; Projet Hortus"},"content":{"rendered":"\t\t<div data-elementor-type=\"wp-page\" data-elementor-id=\"382\" class=\"elementor elementor-382\">\n\t\t\t\t<div class=\"elementor-element elementor-element-288dcdc9 e-con-full e-flex e-con e-parent\" data-id=\"288dcdc9\" data-element_type=\"container\" data-e-type=\"container\" data-settings=\"{&quot;background_background&quot;:&quot;classic&quot;}\">\n\t\t<div class=\"elementor-element elementor-element-cbc4d04 e-con-full e-flex e-con e-child\" data-id=\"cbc4d04\" data-element_type=\"container\" data-e-type=\"container\">\n\t\t\t\t<div class=\"elementor-element elementor-element-389d2c45 elementor-widget elementor-widget-image\" data-id=\"389d2c45\" data-element_type=\"widget\" data-e-type=\"widget\" data-widget_type=\"image.default\">\n\t\t\t\t<div class=\"elementor-widget-container\">\n\t\t\t\t\t\t\t\t\t\t\t\t\t\t\t\t<a href=\"https:\/\/inside-toulouse.com\/\">\n\t\t\t\t\t\t\t<img decoding=\"async\" width=\"70\" height=\"32\" src=\"https:\/\/inside-toulouse.com\/wp-content\/uploads\/2024\/05\/logo-inside.svg\" class=\"attachment-large size-large wp-image-32\" alt=\"\" \/>\t\t\t\t\t\t\t\t<\/a>\n\t\t\t\t\t\t\t\t\t\t\t\t\t\t\t<\/div>\n\t\t\t\t<\/div>\n\t\t\t\t<\/div>\n\t\t<div class=\"elementor-element elementor-element-7151f274 e-con-full e-flex e-con e-child\" data-id=\"7151f274\" data-element_type=\"container\" data-e-type=\"container\">\n\t\t\t\t<div class=\"elementor-element elementor-element-502c74f0 elementor-widget elementor-widget-heading\" data-id=\"502c74f0\" data-element_type=\"widget\" data-e-type=\"widget\" data-widget_type=\"heading.default\">\n\t\t\t\t<div class=\"elementor-widget-container\">\n\t\t\t\t\t<h2 class=\"elementor-heading-title elementor-size-default\"><a href=\"http:\/\/www.inside-toulouse.com#studio\">LE STUDIO<\/a><\/h2>\t\t\t\t<\/div>\n\t\t\t\t<\/div>\n\t\t\t\t<div class=\"elementor-element elementor-element-37f5d610 elementor-widget elementor-widget-heading\" data-id=\"37f5d610\" data-element_type=\"widget\" data-e-type=\"widget\" data-widget_type=\"heading.default\">\n\t\t\t\t<div class=\"elementor-widget-container\">\n\t\t\t\t\t<h2 class=\"elementor-heading-title elementor-size-default\"><a href=\"http:\/\/www.inside-toulouse.com#design-graphique\">DESIGN GRAPHIQUE<\/a><\/h2>\t\t\t\t<\/div>\n\t\t\t\t<\/div>\n\t\t\t\t<div class=\"elementor-element elementor-element-1a94b7f8 elementor-widget elementor-widget-heading\" data-id=\"1a94b7f8\" data-element_type=\"widget\" data-e-type=\"widget\" data-widget_type=\"heading.default\">\n\t\t\t\t<div class=\"elementor-widget-container\">\n\t\t\t\t\t<h2 class=\"elementor-heading-title elementor-size-default\"><a href=\"http:\/\/www.inside-toulouse.com#design-espace\">DESIGN D'ESPACE<\/a><\/h2>\t\t\t\t<\/div>\n\t\t\t\t<\/div>\n\t\t\t\t<div class=\"elementor-element elementor-element-71c3feec elementor-widget elementor-widget-heading\" data-id=\"71c3feec\" data-element_type=\"widget\" data-e-type=\"widget\" data-widget_type=\"heading.default\">\n\t\t\t\t<div class=\"elementor-widget-container\">\n\t\t\t\t\t<h2 class=\"elementor-heading-title elementor-size-default\"><a href=\"http:\/\/www.inside-toulouse.com#equipe\">L'EQUIPE<\/a><\/h2>\t\t\t\t<\/div>\n\t\t\t\t<\/div>\n\t\t\t\t<div class=\"elementor-element elementor-element-d04a2e1 elementor-widget elementor-widget-heading\" data-id=\"d04a2e1\" data-element_type=\"widget\" data-e-type=\"widget\" data-widget_type=\"heading.default\">\n\t\t\t\t<div class=\"elementor-widget-container\">\n\t\t\t\t\t<h2 class=\"elementor-heading-title elementor-size-default\"><a href=\"http:\/\/www.inside-toulouse.com#stmxinside\">STM X INSIDE<\/a><\/h2>\t\t\t\t<\/div>\n\t\t\t\t<\/div>\n\t\t\t\t<div class=\"elementor-element elementor-element-4b4b97e6 elementor-widget elementor-widget-heading\" data-id=\"4b4b97e6\" data-element_type=\"widget\" data-e-type=\"widget\" data-widget_type=\"heading.default\">\n\t\t\t\t<div class=\"elementor-widget-container\">\n\t\t\t\t\t<h2 class=\"elementor-heading-title elementor-size-default\"><a href=\"http:\/\/www.inside-toulouse.com#contact\">CONTACT<\/a><\/h2>\t\t\t\t<\/div>\n\t\t\t\t<\/div>\n\t\t\t\t<\/div>\n\t\t<div class=\"elementor-element elementor-element-2adc0762 e-con-full e-flex e-con e-child\" data-id=\"2adc0762\" data-element_type=\"container\" data-e-type=\"container\">\n\t\t\t\t<div class=\"elementor-element elementor-element-6a4beb6b elementor-widget elementor-widget-image\" data-id=\"6a4beb6b\" data-element_type=\"widget\" data-e-type=\"widget\" data-widget_type=\"image.default\">\n\t\t\t\t<div class=\"elementor-widget-container\">\n\t\t\t\t\t\t\t\t\t\t\t\t\t\t\t\t<a href=\"https:\/\/stm31.com\" target=\"_blank\">\n\t\t\t\t\t\t\t<img decoding=\"async\" width=\"31\" height=\"31\" src=\"https:\/\/inside-toulouse.com\/wp-content\/uploads\/2024\/06\/STM.svg\" class=\"attachment-large size-large wp-image-272\" alt=\"\" \/>\t\t\t\t\t\t\t\t<\/a>\n\t\t\t\t\t\t\t\t\t\t\t\t\t\t\t<\/div>\n\t\t\t\t<\/div>\n\t\t\t\t<div class=\"elementor-element elementor-element-5709ac7 elementor-widget elementor-widget-image\" data-id=\"5709ac7\" data-element_type=\"widget\" data-e-type=\"widget\" data-widget_type=\"image.default\">\n\t\t\t\t<div class=\"elementor-widget-container\">\n\t\t\t\t\t\t\t\t\t\t\t\t\t\t\t\t<a href=\"https:\/\/www.instagram.com\/stmtoulouse\/\" target=\"_blank\">\n\t\t\t\t\t\t\t<img decoding=\"async\" width=\"31\" height=\"31\" src=\"https:\/\/inside-toulouse.com\/wp-content\/uploads\/2024\/06\/insta.svg\" class=\"attachment-large size-large wp-image-271\" alt=\"\" \/>\t\t\t\t\t\t\t\t<\/a>\n\t\t\t\t\t\t\t\t\t\t\t\t\t\t\t<\/div>\n\t\t\t\t<\/div>\n\t\t\t\t<div class=\"elementor-element elementor-element-d5bf567 elementor-widget elementor-widget-image\" data-id=\"d5bf567\" data-element_type=\"widget\" data-e-type=\"widget\" data-widget_type=\"image.default\">\n\t\t\t\t<div class=\"elementor-widget-container\">\n\t\t\t\t\t\t\t\t\t\t\t\t\t\t\t\t<a href=\"https:\/\/www.pinterest.fr\/stmtoulouse\/\">\n\t\t\t\t\t\t\t<img loading=\"lazy\" decoding=\"async\" width=\"31\" height=\"31\" src=\"https:\/\/inside-toulouse.com\/wp-content\/uploads\/2024\/06\/PINTEREST.svg\" class=\"attachment-large size-large wp-image-270\" alt=\"\" \/>\t\t\t\t\t\t\t\t<\/a>\n\t\t\t\t\t\t\t\t\t\t\t\t\t\t\t<\/div>\n\t\t\t\t<\/div>\n\t\t\t\t<\/div>\n\t\t\t\t<\/div>\n\t\t<div class=\"elementor-element elementor-element-50d1021e e-con-full e-flex e-con e-parent\" data-id=\"50d1021e\" data-element_type=\"container\" data-e-type=\"container\" data-settings=\"{&quot;background_background&quot;:&quot;classic&quot;}\">\n\t\t<div class=\"elementor-element elementor-element-b0997f8 e-con-full e-flex e-con e-child\" data-id=\"b0997f8\" data-element_type=\"container\" data-e-type=\"container\">\n\t\t\t\t<div class=\"elementor-element elementor-element-1bb45462 elementor-widget elementor-widget-heading\" data-id=\"1bb45462\" data-element_type=\"widget\" data-e-type=\"widget\" data-widget_type=\"heading.default\">\n\t\t\t\t<div class=\"elementor-widget-container\">\n\t\t\t\t\t<h2 class=\"elementor-heading-title elementor-size-default\">Design<br>graphique<\/h2>\t\t\t\t<\/div>\n\t\t\t\t<\/div>\n\t\t\t\t<\/div>\n\t\t<div class=\"elementor-element elementor-element-4668f308 e-con-full e-flex e-con e-child\" data-id=\"4668f308\" data-element_type=\"container\" data-e-type=\"container\" data-settings=\"{&quot;background_background&quot;:&quot;classic&quot;}\">\n\t\t\t\t<\/div>\n\t\t\t\t<\/div>\n\t\t<div class=\"elementor-element elementor-element-425dbe6b e-con-full e-flex e-con e-parent\" data-id=\"425dbe6b\" data-element_type=\"container\" data-e-type=\"container\" data-settings=\"{&quot;background_background&quot;:&quot;gradient&quot;}\">\n\t\t\t\t<\/div>\n\t\t<div class=\"elementor-element elementor-element-428d1dbe e-con-full e-flex e-con e-parent\" data-id=\"428d1dbe\" data-element_type=\"container\" data-e-type=\"container\" data-settings=\"{&quot;background_background&quot;:&quot;classic&quot;}\">\n\t\t<div class=\"elementor-element elementor-element-fab403d e-flex e-con-boxed e-con e-child\" data-id=\"fab403d\" data-element_type=\"container\" data-e-type=\"container\">\n\t\t\t\t\t<div class=\"e-con-inner\">\n\t\t\t\t<div class=\"elementor-element elementor-element-7088815f elementor-widget elementor-widget-heading\" data-id=\"7088815f\" data-element_type=\"widget\" data-e-type=\"widget\" data-widget_type=\"heading.default\">\n\t\t\t\t<div class=\"elementor-widget-container\">\n\t\t\t\t\t<h2 class=\"elementor-heading-title elementor-size-default\">Hortus<\/h2>\t\t\t\t<\/div>\n\t\t\t\t<\/div>\n\t\t\t\t<div class=\"elementor-element elementor-element-3b7c58cf elementor-widget elementor-widget-text-editor\" data-id=\"3b7c58cf\" data-element_type=\"widget\" data-e-type=\"widget\" data-widget_type=\"text-editor.default\">\n\t\t\t\t<div class=\"elementor-widget-container\">\n\t\t\t\t\t\t\t\t\t<p>Depuis 1900, la p\u00e9pini\u00e8re Vivies cultive des plantes mais aussi des valeurs fortes : la famille, le savoir-faire et la passion du m\u00e9tier.<\/p><p>Aujourd\u2019hui, \u00e0 l&#8217;occasion de son rachat, elle devient Hortus. Une volont\u00e9 de modernit\u00e9 assum\u00e9e avec un changement de nom audacieux, tout en gardant un clin d\u2019\u0153il historique au nom Vivies. Une mani\u00e8re de respecter son h\u00e9ritage.<\/p><p>L&#8217;ambiance se veut familiale, dans la continuit\u00e9 des valeurs instaur\u00e9es depuis ses d\u00e9buts. Les plantes sont toujours cultiv\u00e9es sur place, avec le m\u00eame soin et la m\u00eame exigence, garantissant des prix ma\u00eetris\u00e9s.<\/p><p>Solidement ancr\u00e9e dans le paysage Toulousain depuis plus d\u2019un si\u00e8cle, la p\u00e9pini\u00e8re continue d\u2019\u00e9voluer, sans jamais oublier d\u2019o\u00f9 elle vient.<\/p><p>En tant que commer\u00e7ant de quartier, la proximit\u00e9 avec le client est de mise pour instaurer une v\u00e9ritable relation de confiance.<\/p>\t\t\t\t\t\t\t\t<\/div>\n\t\t\t\t<\/div>\n\t\t\t\t<div class=\"elementor-element elementor-element-34b29df6 elementor-widget elementor-widget-image\" data-id=\"34b29df6\" data-element_type=\"widget\" data-e-type=\"widget\" data-widget_type=\"image.default\">\n\t\t\t\t<div class=\"elementor-widget-container\">\n\t\t\t\t\t\t\t\t\t\t\t\t\t\t\t<img loading=\"lazy\" decoding=\"async\" width=\"800\" height=\"375\" src=\"https:\/\/i0.wp.com\/inside-toulouse.com\/wp-content\/uploads\/2025\/08\/HORTUS_1.jpg?fit=800%2C375&amp;ssl=1\" class=\"attachment-large size-large wp-image-1253\" alt=\"\" srcset=\"https:\/\/i0.wp.com\/inside-toulouse.com\/wp-content\/uploads\/2025\/08\/HORTUS_1.jpg?w=900&amp;ssl=1 900w, https:\/\/i0.wp.com\/inside-toulouse.com\/wp-content\/uploads\/2025\/08\/HORTUS_1.jpg?resize=300%2C141&amp;ssl=1 300w, https:\/\/i0.wp.com\/inside-toulouse.com\/wp-content\/uploads\/2025\/08\/HORTUS_1.jpg?resize=768%2C360&amp;ssl=1 768w\" sizes=\"(max-width: 800px) 100vw, 800px\" \/>\t\t\t\t\t\t\t\t\t\t\t\t\t\t\t<\/div>\n\t\t\t\t<\/div>\n\t\t\t\t<div class=\"elementor-element elementor-element-bb052f4 elementor-widget elementor-widget-image\" data-id=\"bb052f4\" data-element_type=\"widget\" data-e-type=\"widget\" data-widget_type=\"image.default\">\n\t\t\t\t<div class=\"elementor-widget-container\">\n\t\t\t\t\t\t\t\t\t\t\t\t\t\t\t<img loading=\"lazy\" decoding=\"async\" width=\"800\" height=\"273\" src=\"https:\/\/i0.wp.com\/inside-toulouse.com\/wp-content\/uploads\/2025\/08\/HORTUS_02.jpg?fit=800%2C273&amp;ssl=1\" class=\"attachment-large size-large wp-image-1252\" alt=\"\" srcset=\"https:\/\/i0.wp.com\/inside-toulouse.com\/wp-content\/uploads\/2025\/08\/HORTUS_02.jpg?w=1200&amp;ssl=1 1200w, https:\/\/i0.wp.com\/inside-toulouse.com\/wp-content\/uploads\/2025\/08\/HORTUS_02.jpg?resize=300%2C103&amp;ssl=1 300w, https:\/\/i0.wp.com\/inside-toulouse.com\/wp-content\/uploads\/2025\/08\/HORTUS_02.jpg?resize=1024%2C350&amp;ssl=1 1024w, https:\/\/i0.wp.com\/inside-toulouse.com\/wp-content\/uploads\/2025\/08\/HORTUS_02.jpg?resize=768%2C262&amp;ssl=1 768w\" sizes=\"(max-width: 800px) 100vw, 800px\" \/>\t\t\t\t\t\t\t\t\t\t\t\t\t\t\t<\/div>\n\t\t\t\t<\/div>\n\t\t\t\t<div class=\"elementor-element elementor-element-4dd8b9f elementor-widget elementor-widget-image\" data-id=\"4dd8b9f\" data-element_type=\"widget\" data-e-type=\"widget\" data-widget_type=\"image.default\">\n\t\t\t\t<div class=\"elementor-widget-container\">\n\t\t\t\t\t\t\t\t\t\t\t\t\t\t\t<img loading=\"lazy\" decoding=\"async\" width=\"800\" height=\"692\" src=\"https:\/\/i0.wp.com\/inside-toulouse.com\/wp-content\/uploads\/2025\/08\/HORTUS_3.jpg?fit=800%2C692&amp;ssl=1\" class=\"attachment-large size-large wp-image-1251\" alt=\"\" srcset=\"https:\/\/i0.wp.com\/inside-toulouse.com\/wp-content\/uploads\/2025\/08\/HORTUS_3.jpg?w=900&amp;ssl=1 900w, https:\/\/i0.wp.com\/inside-toulouse.com\/wp-content\/uploads\/2025\/08\/HORTUS_3.jpg?resize=300%2C259&amp;ssl=1 300w, https:\/\/i0.wp.com\/inside-toulouse.com\/wp-content\/uploads\/2025\/08\/HORTUS_3.jpg?resize=768%2C664&amp;ssl=1 768w\" sizes=\"(max-width: 800px) 100vw, 800px\" \/>\t\t\t\t\t\t\t\t\t\t\t\t\t\t\t<\/div>\n\t\t\t\t<\/div>\n\t\t\t\t<div class=\"elementor-element elementor-element-b2fab50 elementor-widget elementor-widget-image\" data-id=\"b2fab50\" data-element_type=\"widget\" data-e-type=\"widget\" data-widget_type=\"image.default\">\n\t\t\t\t<div class=\"elementor-widget-container\">\n\t\t\t\t\t\t\t\t\t\t\t\t\t\t\t<img loading=\"lazy\" decoding=\"async\" width=\"800\" height=\"211\" src=\"https:\/\/i0.wp.com\/inside-toulouse.com\/wp-content\/uploads\/2025\/08\/HORTUS_4.jpg?fit=800%2C211&amp;ssl=1\" class=\"attachment-large size-large wp-image-1250\" alt=\"\" srcset=\"https:\/\/i0.wp.com\/inside-toulouse.com\/wp-content\/uploads\/2025\/08\/HORTUS_4.jpg?w=900&amp;ssl=1 900w, https:\/\/i0.wp.com\/inside-toulouse.com\/wp-content\/uploads\/2025\/08\/HORTUS_4.jpg?resize=300%2C79&amp;ssl=1 300w, https:\/\/i0.wp.com\/inside-toulouse.com\/wp-content\/uploads\/2025\/08\/HORTUS_4.jpg?resize=768%2C202&amp;ssl=1 768w\" sizes=\"(max-width: 800px) 100vw, 800px\" \/>\t\t\t\t\t\t\t\t\t\t\t\t\t\t\t<\/div>\n\t\t\t\t<\/div>\n\t\t\t\t<div class=\"elementor-element elementor-element-8b642d1 elementor-widget elementor-widget-image\" data-id=\"8b642d1\" data-element_type=\"widget\" data-e-type=\"widget\" data-widget_type=\"image.default\">\n\t\t\t\t<div class=\"elementor-widget-container\">\n\t\t\t\t\t\t\t\t\t\t\t\t\t\t\t<img loading=\"lazy\" decoding=\"async\" width=\"800\" height=\"345\" src=\"https:\/\/i0.wp.com\/inside-toulouse.com\/wp-content\/uploads\/2025\/08\/HORTUS_5-1.jpg?fit=800%2C345&amp;ssl=1\" class=\"attachment-large size-large wp-image-1249\" alt=\"\" srcset=\"https:\/\/i0.wp.com\/inside-toulouse.com\/wp-content\/uploads\/2025\/08\/HORTUS_5-1.jpg?w=900&amp;ssl=1 900w, https:\/\/i0.wp.com\/inside-toulouse.com\/wp-content\/uploads\/2025\/08\/HORTUS_5-1.jpg?resize=300%2C129&amp;ssl=1 300w, https:\/\/i0.wp.com\/inside-toulouse.com\/wp-content\/uploads\/2025\/08\/HORTUS_5-1.jpg?resize=768%2C331&amp;ssl=1 768w\" sizes=\"(max-width: 800px) 100vw, 800px\" \/>\t\t\t\t\t\t\t\t\t\t\t\t\t\t\t<\/div>\n\t\t\t\t<\/div>\n\t\t\t\t<div class=\"elementor-element elementor-element-d3a5a7a elementor-widget elementor-widget-image\" data-id=\"d3a5a7a\" data-element_type=\"widget\" data-e-type=\"widget\" data-widget_type=\"image.default\">\n\t\t\t\t<div class=\"elementor-widget-container\">\n\t\t\t\t\t\t\t\t\t\t\t\t\t\t\t<img loading=\"lazy\" decoding=\"async\" width=\"800\" height=\"500\" src=\"https:\/\/i0.wp.com\/inside-toulouse.com\/wp-content\/uploads\/2025\/08\/HORTUS_6.jpg?fit=800%2C500&amp;ssl=1\" class=\"attachment-large size-large wp-image-1248\" alt=\"\" srcset=\"https:\/\/i0.wp.com\/inside-toulouse.com\/wp-content\/uploads\/2025\/08\/HORTUS_6.jpg?w=900&amp;ssl=1 900w, https:\/\/i0.wp.com\/inside-toulouse.com\/wp-content\/uploads\/2025\/08\/HORTUS_6.jpg?resize=300%2C187&amp;ssl=1 300w, https:\/\/i0.wp.com\/inside-toulouse.com\/wp-content\/uploads\/2025\/08\/HORTUS_6.jpg?resize=768%2C480&amp;ssl=1 768w\" sizes=\"(max-width: 800px) 100vw, 800px\" \/>\t\t\t\t\t\t\t\t\t\t\t\t\t\t\t<\/div>\n\t\t\t\t<\/div>\n\t\t\t\t\t<\/div>\n\t\t\t\t<\/div>\n\t\t\t\t<\/div>\n\t\t<div class=\"elementor-element elementor-element-3dd71bba e-flex e-con-boxed e-con e-parent\" data-id=\"3dd71bba\" data-element_type=\"container\" data-e-type=\"container\" data-settings=\"{&quot;background_background&quot;:&quot;classic&quot;}\">\n\t\t\t\t\t<div class=\"e-con-inner\">\n\t\t\t\t<div class=\"elementor-element elementor-element-15199a99 elementor-align-center elementor-widget elementor-widget-button\" data-id=\"15199a99\" data-element_type=\"widget\" data-e-type=\"widget\" data-widget_type=\"button.default\">\n\t\t\t\t<div class=\"elementor-widget-container\">\n\t\t\t\t\t\t\t\t\t<div class=\"elementor-button-wrapper\">\n\t\t\t\t\t<a class=\"elementor-button elementor-button-link elementor-size-sm elementor-animation-grow\" href=\"https:\/\/inside-toulouse.com\/\">\n\t\t\t\t\t\t<span class=\"elementor-button-content-wrapper\">\n\t\t\t\t\t\t\t\t\t<span class=\"elementor-button-text\">Retour<\/span>\n\t\t\t\t\t<\/span>\n\t\t\t\t\t<\/a>\n\t\t\t\t<\/div>\n\t\t\t\t\t\t\t\t<\/div>\n\t\t\t\t<\/div>\n\t\t\t\t\t<\/div>\n\t\t\t\t<\/div>\n\t\t<div class=\"elementor-element elementor-element-1afa8854 e-flex e-con-boxed e-con e-parent\" data-id=\"1afa8854\" data-element_type=\"container\" data-e-type=\"container\" data-settings=\"{&quot;background_background&quot;:&quot;gradient&quot;}\">\n\t\t\t\t\t<div class=\"e-con-inner\">\n\t\t<div class=\"elementor-element elementor-element-391bdbac e-con-full e-flex e-con e-child\" data-id=\"391bdbac\" data-element_type=\"container\" data-e-type=\"container\">\n\t\t<div class=\"elementor-element elementor-element-9c8dafc e-con-full e-flex e-con e-child\" data-id=\"9c8dafc\" data-element_type=\"container\" data-e-type=\"container\">\n\t\t\t\t<div class=\"elementor-element elementor-element-7cb64f29 elementor-widget elementor-widget-image\" data-id=\"7cb64f29\" data-element_type=\"widget\" data-e-type=\"widget\" data-widget_type=\"image.default\">\n\t\t\t\t<div class=\"elementor-widget-container\">\n\t\t\t\t\t\t\t\t\t\t\t\t\t\t\t<img loading=\"lazy\" decoding=\"async\" width=\"81\" height=\"81\" src=\"https:\/\/inside-toulouse.com\/wp-content\/uploads\/2024\/06\/ESPACE-BLANC.svg\" class=\"attachment-large size-large wp-image-231\" alt=\"\" \/>\t\t\t\t\t\t\t\t\t\t\t\t\t\t\t<\/div>\n\t\t\t\t<\/div>\n\t\t\t\t<div class=\"elementor-element elementor-element-23a382de elementor-widget elementor-widget-image\" data-id=\"23a382de\" data-element_type=\"widget\" data-e-type=\"widget\" data-widget_type=\"image.default\">\n\t\t\t\t<div class=\"elementor-widget-container\">\n\t\t\t\t\t\t\t\t\t\t\t\t\t\t\t<img loading=\"lazy\" decoding=\"async\" width=\"81\" height=\"81\" src=\"https:\/\/inside-toulouse.com\/wp-content\/uploads\/2024\/06\/GRAPHIQUE-BLANC.svg\" class=\"attachment-large size-large wp-image-230\" alt=\"\" \/>\t\t\t\t\t\t\t\t\t\t\t\t\t\t\t<\/div>\n\t\t\t\t<\/div>\n\t\t\t\t<\/div>\n\t\t<div class=\"elementor-element elementor-element-7de19ddd e-con-full e-flex e-con e-child\" data-id=\"7de19ddd\" data-element_type=\"container\" data-e-type=\"container\">\n\t\t\t\t<div class=\"elementor-element elementor-element-36c97310 elementor-widget elementor-widget-text-editor\" data-id=\"36c97310\" data-element_type=\"widget\" data-e-type=\"widget\" data-widget_type=\"text-editor.default\">\n\t\t\t\t<div class=\"elementor-widget-container\">\n\t\t\t\t\t\t\t\t\t<p>Du Lundi au Vendredi<br \/>09h00 \u00e0 19h00<br \/>(18h00 le vendredi)<\/p>\t\t\t\t\t\t\t\t<\/div>\n\t\t\t\t<\/div>\n\t\t\t\t<\/div>\n\t\t<div class=\"elementor-element elementor-element-4b2902bc e-con-full e-flex e-con e-child\" data-id=\"4b2902bc\" data-element_type=\"container\" data-e-type=\"container\">\n\t\t\t\t<div class=\"elementor-element elementor-element-1aca0105 elementor-widget elementor-widget-text-editor\" data-id=\"1aca0105\" data-element_type=\"widget\" data-e-type=\"widget\" data-widget_type=\"text-editor.default\">\n\t\t\t\t<div class=\"elementor-widget-container\">\n\t\t\t\t\t\t\t\t\t<p>4 bis all\u00e9e de Longueterre<br \/>31850 Montrab\u00e9<br \/>05 34 67 12 89<\/p>\t\t\t\t\t\t\t\t<\/div>\n\t\t\t\t<\/div>\n\t\t\t\t<\/div>\n\t\t<div class=\"elementor-element elementor-element-711f0173 e-con-full e-flex e-con e-child\" data-id=\"711f0173\" data-element_type=\"container\" data-e-type=\"container\">\n\t\t\t\t<div class=\"elementor-element elementor-element-801a636 elementor-widget elementor-widget-text-editor\" data-id=\"801a636\" data-element_type=\"widget\" data-e-type=\"widget\" data-widget_type=\"text-editor.default\">\n\t\t\t\t<div class=\"elementor-widget-container\">\n\t\t\t\t\t\t\t\t\t<p><a href=\"https:\/\/inside-toulouse.com\/index.php\/demarche-rse\/\" target=\"_blank\" rel=\"noopener\">D\u00e9marche RSE<\/a><br \/><a href=\"https:\/\/inside-toulouse.com\/index.php\/mentions-legales\/\" target=\"_blank\" rel=\"noopener\">Mentions l\u00e9gales<\/a><br \/><a href=\"https:\/\/inside-toulouse.com\/index.php\/conditions-generales-de-ventes\/\" target=\"_blank\" rel=\"noopener\">CGV<\/a><\/p>\t\t\t\t\t\t\t\t<\/div>\n\t\t\t\t<\/div>\n\t\t\t\t<\/div>\n\t\t\t\t<\/div>\n\t\t<div class=\"elementor-element elementor-element-2704111f e-con-full e-flex e-con e-child\" data-id=\"2704111f\" data-element_type=\"container\" data-e-type=\"container\">\n\t\t\t\t<div class=\"elementor-element elementor-element-573b2212 elementor-widget elementor-widget-image\" data-id=\"573b2212\" data-element_type=\"widget\" data-e-type=\"widget\" data-widget_type=\"image.default\">\n\t\t\t\t<div class=\"elementor-widget-container\">\n\t\t\t\t\t\t\t\t\t\t\t\t\t\t\t\t<a href=\"https:\/\/inside-toulouse.com\/\">\n\t\t\t\t\t\t\t<img decoding=\"async\" width=\"70\" height=\"32\" src=\"https:\/\/inside-toulouse.com\/wp-content\/uploads\/2024\/05\/logo-inside.svg\" class=\"attachment-large size-large wp-image-32\" alt=\"\" \/>\t\t\t\t\t\t\t\t<\/a>\n\t\t\t\t\t\t\t\t\t\t\t\t\t\t\t<\/div>\n\t\t\t\t<\/div>\n\t\t\t\t<\/div>\n\t\t\t\t\t<\/div>\n\t\t\t\t<\/div>\n\t\t\t\t<\/div>\n\t\t","protected":false},"excerpt":{"rendered":"<p>LE STUDIO DESIGN GRAPHIQUE DESIGN D&#8217;ESPACE L&#8217;EQUIPE STM X INSIDE CONTACT Designgraphique Hortus Depuis 1900, la p\u00e9pini\u00e8re Vivies cultive des plantes mais aussi des valeurs fortes : la famille, le savoir-faire et la passion du m\u00e9tier. Aujourd\u2019hui, \u00e0 l&#8217;occasion de son rachat, elle devient Hortus. Une volont\u00e9 de modernit\u00e9 assum\u00e9e avec un changement de nom [&hellip;]<\/p>\n","protected":false},"author":1,"featured_media":0,"parent":0,"menu_order":0,"comment_status":"closed","ping_status":"closed","template":"","meta":{"footnotes":""},"class_list":["post-382","page","type-page","status-publish","hentry"],"jetpack-related-posts":[],"jetpack_sharing_enabled":true,"_links":{"self":[{"href":"https:\/\/inside-toulouse.com\/index.php\/wp-json\/wp\/v2\/pages\/382","targetHints":{"allow":["GET"]}}],"collection":[{"href":"https:\/\/inside-toulouse.com\/index.php\/wp-json\/wp\/v2\/pages"}],"about":[{"href":"https:\/\/inside-toulouse.com\/index.php\/wp-json\/wp\/v2\/types\/page"}],"author":[{"embeddable":true,"href":"https:\/\/inside-toulouse.com\/index.php\/wp-json\/wp\/v2\/users\/1"}],"replies":[{"embeddable":true,"href":"https:\/\/inside-toulouse.com\/index.php\/wp-json\/wp\/v2\/comments?post=382"}],"version-history":[{"count":42,"href":"https:\/\/inside-toulouse.com\/index.php\/wp-json\/wp\/v2\/pages\/382\/revisions"}],"predecessor-version":[{"id":1421,"href":"https:\/\/inside-toulouse.com\/index.php\/wp-json\/wp\/v2\/pages\/382\/revisions\/1421"}],"wp:attachment":[{"href":"https:\/\/inside-toulouse.com\/index.php\/wp-json\/wp\/v2\/media?parent=382"}],"curies":[{"name":"wp","href":"https:\/\/api.w.org\/{rel}","templated":true}]}}