{"id":1423,"date":"2025-09-02T09:35:06","date_gmt":"2025-09-02T07:35:06","guid":{"rendered":"https:\/\/inside-toulouse.com\/?page_id=1423"},"modified":"2025-09-15T14:42:22","modified_gmt":"2025-09-15T12:42:22","slug":"design-graphique-projet-azalee","status":"publish","type":"page","link":"https:\/\/inside-toulouse.com\/index.php\/design-graphique-projet-azalee\/","title":{"rendered":"Design Graphique \u2013 Projet Azal\u00e9e"},"content":{"rendered":"\t\t<div data-elementor-type=\"wp-page\" data-elementor-id=\"1423\" class=\"elementor elementor-1423\">\n\t\t\t\t<div class=\"elementor-element elementor-element-1d6e3fbe e-con-full e-flex e-con e-parent\" data-id=\"1d6e3fbe\" data-element_type=\"container\" data-e-type=\"container\" data-settings=\"{&quot;background_background&quot;:&quot;classic&quot;}\">\n\t\t<div class=\"elementor-element elementor-element-7d0fe25c e-con-full e-flex e-con e-child\" data-id=\"7d0fe25c\" data-element_type=\"container\" data-e-type=\"container\">\n\t\t\t\t<div class=\"elementor-element elementor-element-562263c2 elementor-widget elementor-widget-image\" data-id=\"562263c2\" data-element_type=\"widget\" data-e-type=\"widget\" data-widget_type=\"image.default\">\n\t\t\t\t<div class=\"elementor-widget-container\">\n\t\t\t\t\t\t\t\t\t\t\t\t\t\t\t\t<a href=\"https:\/\/inside-toulouse.com\/\">\n\t\t\t\t\t\t\t<img decoding=\"async\" width=\"70\" height=\"32\" src=\"https:\/\/inside-toulouse.com\/wp-content\/uploads\/2024\/05\/logo-inside.svg\" class=\"attachment-large size-large wp-image-32\" alt=\"\" \/>\t\t\t\t\t\t\t\t<\/a>\n\t\t\t\t\t\t\t\t\t\t\t\t\t\t\t<\/div>\n\t\t\t\t<\/div>\n\t\t\t\t<\/div>\n\t\t<div class=\"elementor-element elementor-element-2f95c1a6 e-con-full e-flex e-con e-child\" data-id=\"2f95c1a6\" data-element_type=\"container\" data-e-type=\"container\">\n\t\t\t\t<div class=\"elementor-element elementor-element-79b900af elementor-widget elementor-widget-heading\" data-id=\"79b900af\" data-element_type=\"widget\" data-e-type=\"widget\" data-widget_type=\"heading.default\">\n\t\t\t\t<div class=\"elementor-widget-container\">\n\t\t\t\t\t<h2 class=\"elementor-heading-title elementor-size-default\"><a href=\"http:\/\/www.inside-toulouse.com#studio\">LE STUDIO<\/a><\/h2>\t\t\t\t<\/div>\n\t\t\t\t<\/div>\n\t\t\t\t<div class=\"elementor-element elementor-element-54eae413 elementor-widget elementor-widget-heading\" data-id=\"54eae413\" data-element_type=\"widget\" data-e-type=\"widget\" data-widget_type=\"heading.default\">\n\t\t\t\t<div class=\"elementor-widget-container\">\n\t\t\t\t\t<h2 class=\"elementor-heading-title elementor-size-default\"><a href=\"http:\/\/www.inside-toulouse.com#design-graphique\">DESIGN GRAPHIQUE<\/a><\/h2>\t\t\t\t<\/div>\n\t\t\t\t<\/div>\n\t\t\t\t<div class=\"elementor-element elementor-element-440ad8ad elementor-widget elementor-widget-heading\" data-id=\"440ad8ad\" data-element_type=\"widget\" data-e-type=\"widget\" data-widget_type=\"heading.default\">\n\t\t\t\t<div class=\"elementor-widget-container\">\n\t\t\t\t\t<h2 class=\"elementor-heading-title elementor-size-default\"><a href=\"http:\/\/www.inside-toulouse.com#design-espace\">DESIGN D'ESPACE<\/a><\/h2>\t\t\t\t<\/div>\n\t\t\t\t<\/div>\n\t\t\t\t<div class=\"elementor-element elementor-element-70eba72c elementor-widget elementor-widget-heading\" data-id=\"70eba72c\" data-element_type=\"widget\" data-e-type=\"widget\" data-widget_type=\"heading.default\">\n\t\t\t\t<div class=\"elementor-widget-container\">\n\t\t\t\t\t<h2 class=\"elementor-heading-title elementor-size-default\"><a href=\"http:\/\/www.inside-toulouse.com#equipe\">L'EQUIPE<\/a><\/h2>\t\t\t\t<\/div>\n\t\t\t\t<\/div>\n\t\t\t\t<div class=\"elementor-element elementor-element-6645785c elementor-widget elementor-widget-heading\" data-id=\"6645785c\" data-element_type=\"widget\" data-e-type=\"widget\" data-widget_type=\"heading.default\">\n\t\t\t\t<div class=\"elementor-widget-container\">\n\t\t\t\t\t<h2 class=\"elementor-heading-title elementor-size-default\"><a href=\"http:\/\/www.inside-toulouse.com#stmxinside\">STM X INSIDE<\/a><\/h2>\t\t\t\t<\/div>\n\t\t\t\t<\/div>\n\t\t\t\t<div class=\"elementor-element elementor-element-2683cb1e elementor-widget elementor-widget-heading\" data-id=\"2683cb1e\" data-element_type=\"widget\" data-e-type=\"widget\" data-widget_type=\"heading.default\">\n\t\t\t\t<div class=\"elementor-widget-container\">\n\t\t\t\t\t<h2 class=\"elementor-heading-title elementor-size-default\"><a href=\"http:\/\/www.inside-toulouse.com#contact\">CONTACT<\/a><\/h2>\t\t\t\t<\/div>\n\t\t\t\t<\/div>\n\t\t\t\t<\/div>\n\t\t<div class=\"elementor-element elementor-element-48c13edc e-con-full e-flex e-con e-child\" data-id=\"48c13edc\" data-element_type=\"container\" data-e-type=\"container\">\n\t\t\t\t<div class=\"elementor-element elementor-element-6fc2641a elementor-widget elementor-widget-image\" data-id=\"6fc2641a\" data-element_type=\"widget\" data-e-type=\"widget\" data-widget_type=\"image.default\">\n\t\t\t\t<div class=\"elementor-widget-container\">\n\t\t\t\t\t\t\t\t\t\t\t\t\t\t\t\t<a href=\"https:\/\/stm31.com\" target=\"_blank\">\n\t\t\t\t\t\t\t<img decoding=\"async\" width=\"31\" height=\"31\" src=\"https:\/\/inside-toulouse.com\/wp-content\/uploads\/2024\/06\/STM.svg\" class=\"attachment-large size-large wp-image-272\" alt=\"\" \/>\t\t\t\t\t\t\t\t<\/a>\n\t\t\t\t\t\t\t\t\t\t\t\t\t\t\t<\/div>\n\t\t\t\t<\/div>\n\t\t\t\t<div class=\"elementor-element elementor-element-4eedad36 elementor-widget elementor-widget-image\" data-id=\"4eedad36\" data-element_type=\"widget\" data-e-type=\"widget\" data-widget_type=\"image.default\">\n\t\t\t\t<div class=\"elementor-widget-container\">\n\t\t\t\t\t\t\t\t\t\t\t\t\t\t\t\t<a href=\"https:\/\/www.instagram.com\/stmtoulouse\/\" target=\"_blank\">\n\t\t\t\t\t\t\t<img decoding=\"async\" width=\"31\" height=\"31\" src=\"https:\/\/inside-toulouse.com\/wp-content\/uploads\/2024\/06\/insta.svg\" class=\"attachment-large size-large wp-image-271\" alt=\"\" \/>\t\t\t\t\t\t\t\t<\/a>\n\t\t\t\t\t\t\t\t\t\t\t\t\t\t\t<\/div>\n\t\t\t\t<\/div>\n\t\t\t\t<div class=\"elementor-element elementor-element-b0d08e6 elementor-widget elementor-widget-image\" data-id=\"b0d08e6\" data-element_type=\"widget\" data-e-type=\"widget\" data-widget_type=\"image.default\">\n\t\t\t\t<div class=\"elementor-widget-container\">\n\t\t\t\t\t\t\t\t\t\t\t\t\t\t\t\t<a href=\"https:\/\/www.pinterest.fr\/stmtoulouse\/\">\n\t\t\t\t\t\t\t<img loading=\"lazy\" decoding=\"async\" width=\"31\" height=\"31\" src=\"https:\/\/inside-toulouse.com\/wp-content\/uploads\/2024\/06\/PINTEREST.svg\" class=\"attachment-large size-large wp-image-270\" alt=\"\" \/>\t\t\t\t\t\t\t\t<\/a>\n\t\t\t\t\t\t\t\t\t\t\t\t\t\t\t<\/div>\n\t\t\t\t<\/div>\n\t\t\t\t<\/div>\n\t\t\t\t<\/div>\n\t\t<div class=\"elementor-element elementor-element-385b2a23 e-con-full e-flex e-con e-parent\" data-id=\"385b2a23\" data-element_type=\"container\" data-e-type=\"container\" data-settings=\"{&quot;background_background&quot;:&quot;classic&quot;}\">\n\t\t<div class=\"elementor-element elementor-element-2c0abf7b e-con-full e-flex e-con e-child\" data-id=\"2c0abf7b\" data-element_type=\"container\" data-e-type=\"container\">\n\t\t\t\t<div class=\"elementor-element elementor-element-1be94a9d elementor-widget elementor-widget-heading\" data-id=\"1be94a9d\" data-element_type=\"widget\" data-e-type=\"widget\" data-widget_type=\"heading.default\">\n\t\t\t\t<div class=\"elementor-widget-container\">\n\t\t\t\t\t<h2 class=\"elementor-heading-title elementor-size-default\">Design<br>graphique<\/h2>\t\t\t\t<\/div>\n\t\t\t\t<\/div>\n\t\t\t\t<\/div>\n\t\t<div class=\"elementor-element elementor-element-3766fd9e e-con-full e-flex e-con e-child\" data-id=\"3766fd9e\" data-element_type=\"container\" data-e-type=\"container\" data-settings=\"{&quot;background_background&quot;:&quot;classic&quot;}\">\n\t\t\t\t<\/div>\n\t\t\t\t<\/div>\n\t\t<div class=\"elementor-element elementor-element-792c5c14 e-con-full e-flex e-con e-parent\" data-id=\"792c5c14\" data-element_type=\"container\" data-e-type=\"container\" data-settings=\"{&quot;background_background&quot;:&quot;gradient&quot;}\">\n\t\t\t\t<\/div>\n\t\t<div class=\"elementor-element elementor-element-786cf45 e-con-full e-flex e-con e-parent\" data-id=\"786cf45\" data-element_type=\"container\" data-e-type=\"container\" data-settings=\"{&quot;background_background&quot;:&quot;classic&quot;}\">\n\t\t<div class=\"elementor-element elementor-element-690676a e-flex e-con-boxed e-con e-child\" data-id=\"690676a\" data-element_type=\"container\" data-e-type=\"container\">\n\t\t\t\t\t<div class=\"e-con-inner\">\n\t\t\t\t<div class=\"elementor-element elementor-element-3182e57f elementor-widget elementor-widget-heading\" data-id=\"3182e57f\" data-element_type=\"widget\" data-e-type=\"widget\" data-widget_type=\"heading.default\">\n\t\t\t\t<div class=\"elementor-widget-container\">\n\t\t\t\t\t<h2 class=\"elementor-heading-title elementor-size-default\">Azal\u00e9e<\/h2>\t\t\t\t<\/div>\n\t\t\t\t<\/div>\n\t\t\t\t<div class=\"elementor-element elementor-element-7870f6f7 elementor-widget elementor-widget-text-editor\" data-id=\"7870f6f7\" data-element_type=\"widget\" data-e-type=\"widget\" data-widget_type=\"text-editor.default\">\n\t\t\t\t<div class=\"elementor-widget-container\">\n\t\t\t\t\t\t\t\t\t<p>Azal\u00e9e est une entreprise sp\u00e9cialis\u00e9e dans le service \u00e0 domicile.<\/p>\n<p>Entretien du domicile, garde d\u2019enfants et aide aux personnes fragilis\u00e9es, elle vous accompagne \u00e0 chaque \u00e2ge de la vie.<\/p>\n<p>L\u2019\u00e9quipe d\u2019Azal\u00e9e met l\u2019accent sur la proximit\u00e9 ainsi que la bienveillance de ses employ\u00e9s envers les particuliers chez qui ils interviennent.<br>\u00c0 travers leurs contacts r\u00e9guliers, une v\u00e9ritable relation de confiance se met en place.<\/p>\n<p>L\u2019excellence est le mot d\u2019ordre \u00e0 la r\u00e9alisation de chaque mission. Cela permet une satisfaction constante des services d\u2019Azal\u00e9e.<\/p>\n<p>Chaque mission est r\u00e9alis\u00e9e dans le respect d\u2019autrui pour garantir le bien-\u00eatre de chacun<br>tout au long de l\u2019accompagnement.<\/p><p><br><\/p>\t\t\t\t\t\t\t\t<\/div>\n\t\t\t\t<\/div>\n\t\t\t\t<div class=\"elementor-element elementor-element-63fdc1ed elementor-widget elementor-widget-image\" data-id=\"63fdc1ed\" data-element_type=\"widget\" data-e-type=\"widget\" data-widget_type=\"image.default\">\n\t\t\t\t<div class=\"elementor-widget-container\">\n\t\t\t\t\t\t\t\t\t\t\t\t\t\t\t<img loading=\"lazy\" decoding=\"async\" width=\"800\" height=\"395\" src=\"https:\/\/i0.wp.com\/inside-toulouse.com\/wp-content\/uploads\/2025\/09\/AZALEE_1.jpg?fit=800%2C395&amp;ssl=1\" class=\"attachment-large size-large wp-image-1425\" alt=\"\" srcset=\"https:\/\/i0.wp.com\/inside-toulouse.com\/wp-content\/uploads\/2025\/09\/AZALEE_1.jpg?w=900&amp;ssl=1 900w, https:\/\/i0.wp.com\/inside-toulouse.com\/wp-content\/uploads\/2025\/09\/AZALEE_1.jpg?resize=300%2C148&amp;ssl=1 300w, https:\/\/i0.wp.com\/inside-toulouse.com\/wp-content\/uploads\/2025\/09\/AZALEE_1.jpg?resize=768%2C379&amp;ssl=1 768w\" sizes=\"(max-width: 800px) 100vw, 800px\" \/>\t\t\t\t\t\t\t\t\t\t\t\t\t\t\t<\/div>\n\t\t\t\t<\/div>\n\t\t\t\t<div class=\"elementor-element elementor-element-c82ac2f elementor-widget elementor-widget-image\" data-id=\"c82ac2f\" data-element_type=\"widget\" data-e-type=\"widget\" data-widget_type=\"image.default\">\n\t\t\t\t<div class=\"elementor-widget-container\">\n\t\t\t\t\t\t\t\t\t\t\t\t\t\t\t<img loading=\"lazy\" decoding=\"async\" width=\"800\" height=\"247\" src=\"https:\/\/i0.wp.com\/inside-toulouse.com\/wp-content\/uploads\/2025\/09\/AZALEE_2.jpg?fit=800%2C247&amp;ssl=1\" class=\"attachment-large size-large wp-image-1426\" alt=\"\" srcset=\"https:\/\/i0.wp.com\/inside-toulouse.com\/wp-content\/uploads\/2025\/09\/AZALEE_2.jpg?w=900&amp;ssl=1 900w, https:\/\/i0.wp.com\/inside-toulouse.com\/wp-content\/uploads\/2025\/09\/AZALEE_2.jpg?resize=300%2C93&amp;ssl=1 300w, https:\/\/i0.wp.com\/inside-toulouse.com\/wp-content\/uploads\/2025\/09\/AZALEE_2.jpg?resize=768%2C237&amp;ssl=1 768w\" sizes=\"(max-width: 800px) 100vw, 800px\" \/>\t\t\t\t\t\t\t\t\t\t\t\t\t\t\t<\/div>\n\t\t\t\t<\/div>\n\t\t\t\t<div class=\"elementor-element elementor-element-d725f8e elementor-widget elementor-widget-image\" data-id=\"d725f8e\" data-element_type=\"widget\" data-e-type=\"widget\" data-widget_type=\"image.default\">\n\t\t\t\t<div class=\"elementor-widget-container\">\n\t\t\t\t\t\t\t\t\t\t\t\t\t\t\t<img loading=\"lazy\" decoding=\"async\" width=\"800\" height=\"419\" src=\"https:\/\/i0.wp.com\/inside-toulouse.com\/wp-content\/uploads\/2025\/09\/AZALEE_3.jpg?fit=800%2C419&amp;ssl=1\" class=\"attachment-large size-large wp-image-1427\" alt=\"\" srcset=\"https:\/\/i0.wp.com\/inside-toulouse.com\/wp-content\/uploads\/2025\/09\/AZALEE_3.jpg?w=900&amp;ssl=1 900w, https:\/\/i0.wp.com\/inside-toulouse.com\/wp-content\/uploads\/2025\/09\/AZALEE_3.jpg?resize=300%2C157&amp;ssl=1 300w, https:\/\/i0.wp.com\/inside-toulouse.com\/wp-content\/uploads\/2025\/09\/AZALEE_3.jpg?resize=768%2C402&amp;ssl=1 768w\" sizes=\"(max-width: 800px) 100vw, 800px\" \/>\t\t\t\t\t\t\t\t\t\t\t\t\t\t\t<\/div>\n\t\t\t\t<\/div>\n\t\t\t\t<div class=\"elementor-element elementor-element-74dc378 elementor-widget elementor-widget-image\" data-id=\"74dc378\" data-element_type=\"widget\" data-e-type=\"widget\" data-widget_type=\"image.default\">\n\t\t\t\t<div class=\"elementor-widget-container\">\n\t\t\t\t\t\t\t\t\t\t\t\t\t\t\t<img loading=\"lazy\" decoding=\"async\" width=\"800\" height=\"264\" src=\"https:\/\/i0.wp.com\/inside-toulouse.com\/wp-content\/uploads\/2025\/09\/AZALEE_4.jpg?fit=800%2C264&amp;ssl=1\" class=\"attachment-large size-large wp-image-1428\" alt=\"\" srcset=\"https:\/\/i0.wp.com\/inside-toulouse.com\/wp-content\/uploads\/2025\/09\/AZALEE_4.jpg?w=900&amp;ssl=1 900w, https:\/\/i0.wp.com\/inside-toulouse.com\/wp-content\/uploads\/2025\/09\/AZALEE_4.jpg?resize=300%2C99&amp;ssl=1 300w, https:\/\/i0.wp.com\/inside-toulouse.com\/wp-content\/uploads\/2025\/09\/AZALEE_4.jpg?resize=768%2C253&amp;ssl=1 768w\" sizes=\"(max-width: 800px) 100vw, 800px\" \/>\t\t\t\t\t\t\t\t\t\t\t\t\t\t\t<\/div>\n\t\t\t\t<\/div>\n\t\t\t\t<div class=\"elementor-element elementor-element-4bd9043 elementor-widget elementor-widget-image\" data-id=\"4bd9043\" data-element_type=\"widget\" data-e-type=\"widget\" data-widget_type=\"image.default\">\n\t\t\t\t<div class=\"elementor-widget-container\">\n\t\t\t\t\t\t\t\t\t\t\t\t\t\t\t<img loading=\"lazy\" decoding=\"async\" width=\"800\" height=\"473\" src=\"https:\/\/i0.wp.com\/inside-toulouse.com\/wp-content\/uploads\/2025\/09\/AZALEE_5.jpg?fit=800%2C473&amp;ssl=1\" class=\"attachment-large size-large wp-image-1429\" alt=\"\" srcset=\"https:\/\/i0.wp.com\/inside-toulouse.com\/wp-content\/uploads\/2025\/09\/AZALEE_5.jpg?w=900&amp;ssl=1 900w, https:\/\/i0.wp.com\/inside-toulouse.com\/wp-content\/uploads\/2025\/09\/AZALEE_5.jpg?resize=300%2C177&amp;ssl=1 300w, https:\/\/i0.wp.com\/inside-toulouse.com\/wp-content\/uploads\/2025\/09\/AZALEE_5.jpg?resize=768%2C454&amp;ssl=1 768w\" sizes=\"(max-width: 800px) 100vw, 800px\" \/>\t\t\t\t\t\t\t\t\t\t\t\t\t\t\t<\/div>\n\t\t\t\t<\/div>\n\t\t\t\t<div class=\"elementor-element elementor-element-ecdf02b elementor-widget elementor-widget-image\" data-id=\"ecdf02b\" data-element_type=\"widget\" data-e-type=\"widget\" data-widget_type=\"image.default\">\n\t\t\t\t<div class=\"elementor-widget-container\">\n\t\t\t\t\t\t\t\t\t\t\t\t\t\t\t<img loading=\"lazy\" decoding=\"async\" width=\"800\" height=\"395\" src=\"https:\/\/i0.wp.com\/inside-toulouse.com\/wp-content\/uploads\/2025\/09\/AZALEE_6.jpg?fit=800%2C395&amp;ssl=1\" class=\"attachment-large size-large wp-image-1430\" alt=\"\" srcset=\"https:\/\/i0.wp.com\/inside-toulouse.com\/wp-content\/uploads\/2025\/09\/AZALEE_6.jpg?w=900&amp;ssl=1 900w, https:\/\/i0.wp.com\/inside-toulouse.com\/wp-content\/uploads\/2025\/09\/AZALEE_6.jpg?resize=300%2C148&amp;ssl=1 300w, https:\/\/i0.wp.com\/inside-toulouse.com\/wp-content\/uploads\/2025\/09\/AZALEE_6.jpg?resize=768%2C379&amp;ssl=1 768w\" sizes=\"(max-width: 800px) 100vw, 800px\" \/>\t\t\t\t\t\t\t\t\t\t\t\t\t\t\t<\/div>\n\t\t\t\t<\/div>\n\t\t\t\t<div class=\"elementor-element elementor-element-c2f7c6a elementor-widget elementor-widget-image\" data-id=\"c2f7c6a\" data-element_type=\"widget\" data-e-type=\"widget\" data-widget_type=\"image.default\">\n\t\t\t\t<div class=\"elementor-widget-container\">\n\t\t\t\t\t\t\t\t\t\t\t\t\t\t\t<img loading=\"lazy\" decoding=\"async\" width=\"800\" height=\"260\" src=\"https:\/\/i0.wp.com\/inside-toulouse.com\/wp-content\/uploads\/2025\/09\/AZALEE_7.jpg?fit=800%2C260&amp;ssl=1\" class=\"attachment-large size-large wp-image-1431\" alt=\"\" srcset=\"https:\/\/i0.wp.com\/inside-toulouse.com\/wp-content\/uploads\/2025\/09\/AZALEE_7.jpg?w=900&amp;ssl=1 900w, https:\/\/i0.wp.com\/inside-toulouse.com\/wp-content\/uploads\/2025\/09\/AZALEE_7.jpg?resize=300%2C98&amp;ssl=1 300w, https:\/\/i0.wp.com\/inside-toulouse.com\/wp-content\/uploads\/2025\/09\/AZALEE_7.jpg?resize=768%2C250&amp;ssl=1 768w\" sizes=\"(max-width: 800px) 100vw, 800px\" \/>\t\t\t\t\t\t\t\t\t\t\t\t\t\t\t<\/div>\n\t\t\t\t<\/div>\n\t\t\t\t<div class=\"elementor-element elementor-element-8caafe5 elementor-widget elementor-widget-image\" data-id=\"8caafe5\" data-element_type=\"widget\" data-e-type=\"widget\" data-widget_type=\"image.default\">\n\t\t\t\t<div class=\"elementor-widget-container\">\n\t\t\t\t\t\t\t\t\t\t\t\t\t\t\t<img loading=\"lazy\" decoding=\"async\" width=\"800\" height=\"417\" src=\"https:\/\/i0.wp.com\/inside-toulouse.com\/wp-content\/uploads\/2025\/09\/AZALEE_80.jpg?fit=800%2C417&amp;ssl=1\" class=\"attachment-large size-large wp-image-1433\" alt=\"\" srcset=\"https:\/\/i0.wp.com\/inside-toulouse.com\/wp-content\/uploads\/2025\/09\/AZALEE_80.jpg?w=900&amp;ssl=1 900w, https:\/\/i0.wp.com\/inside-toulouse.com\/wp-content\/uploads\/2025\/09\/AZALEE_80.jpg?resize=300%2C156&amp;ssl=1 300w, https:\/\/i0.wp.com\/inside-toulouse.com\/wp-content\/uploads\/2025\/09\/AZALEE_80.jpg?resize=768%2C400&amp;ssl=1 768w\" sizes=\"(max-width: 800px) 100vw, 800px\" \/>\t\t\t\t\t\t\t\t\t\t\t\t\t\t\t<\/div>\n\t\t\t\t<\/div>\n\t\t\t\t\t<\/div>\n\t\t\t\t<\/div>\n\t\t\t\t<\/div>\n\t\t<div class=\"elementor-element elementor-element-4ecf082 e-flex e-con-boxed e-con e-parent\" data-id=\"4ecf082\" data-element_type=\"container\" data-e-type=\"container\" data-settings=\"{&quot;background_background&quot;:&quot;classic&quot;}\">\n\t\t\t\t\t<div class=\"e-con-inner\">\n\t\t\t\t<div class=\"elementor-element elementor-element-ca29912 elementor-align-center elementor-widget elementor-widget-button\" data-id=\"ca29912\" data-element_type=\"widget\" data-e-type=\"widget\" data-widget_type=\"button.default\">\n\t\t\t\t<div class=\"elementor-widget-container\">\n\t\t\t\t\t\t\t\t\t<div class=\"elementor-button-wrapper\">\n\t\t\t\t\t<a class=\"elementor-button elementor-button-link elementor-size-sm elementor-animation-grow\" href=\"https:\/\/inside-toulouse.com\/\">\n\t\t\t\t\t\t<span class=\"elementor-button-content-wrapper\">\n\t\t\t\t\t\t\t\t\t<span class=\"elementor-button-text\">Retour<\/span>\n\t\t\t\t\t<\/span>\n\t\t\t\t\t<\/a>\n\t\t\t\t<\/div>\n\t\t\t\t\t\t\t\t<\/div>\n\t\t\t\t<\/div>\n\t\t\t\t\t<\/div>\n\t\t\t\t<\/div>\n\t\t<div class=\"elementor-element elementor-element-53f39de1 e-flex e-con-boxed e-con e-parent\" data-id=\"53f39de1\" data-element_type=\"container\" data-e-type=\"container\" data-settings=\"{&quot;background_background&quot;:&quot;gradient&quot;}\">\n\t\t\t\t\t<div class=\"e-con-inner\">\n\t\t<div class=\"elementor-element elementor-element-78ce3749 e-con-full e-flex e-con e-child\" data-id=\"78ce3749\" data-element_type=\"container\" data-e-type=\"container\">\n\t\t<div class=\"elementor-element elementor-element-7b417f67 e-con-full e-flex e-con e-child\" data-id=\"7b417f67\" data-element_type=\"container\" data-e-type=\"container\">\n\t\t\t\t<div class=\"elementor-element elementor-element-2a5a9acb elementor-widget elementor-widget-image\" data-id=\"2a5a9acb\" data-element_type=\"widget\" data-e-type=\"widget\" data-widget_type=\"image.default\">\n\t\t\t\t<div class=\"elementor-widget-container\">\n\t\t\t\t\t\t\t\t\t\t\t\t\t\t\t<img loading=\"lazy\" decoding=\"async\" width=\"81\" height=\"81\" src=\"https:\/\/inside-toulouse.com\/wp-content\/uploads\/2024\/06\/ESPACE-BLANC.svg\" class=\"attachment-large size-large wp-image-231\" alt=\"\" \/>\t\t\t\t\t\t\t\t\t\t\t\t\t\t\t<\/div>\n\t\t\t\t<\/div>\n\t\t\t\t<div class=\"elementor-element elementor-element-7bca6617 elementor-widget elementor-widget-image\" data-id=\"7bca6617\" data-element_type=\"widget\" data-e-type=\"widget\" data-widget_type=\"image.default\">\n\t\t\t\t<div class=\"elementor-widget-container\">\n\t\t\t\t\t\t\t\t\t\t\t\t\t\t\t<img loading=\"lazy\" decoding=\"async\" width=\"81\" height=\"81\" src=\"https:\/\/inside-toulouse.com\/wp-content\/uploads\/2024\/06\/GRAPHIQUE-BLANC.svg\" class=\"attachment-large size-large wp-image-230\" alt=\"\" \/>\t\t\t\t\t\t\t\t\t\t\t\t\t\t\t<\/div>\n\t\t\t\t<\/div>\n\t\t\t\t<\/div>\n\t\t<div class=\"elementor-element elementor-element-68dbb7e e-con-full e-flex e-con e-child\" data-id=\"68dbb7e\" data-element_type=\"container\" data-e-type=\"container\">\n\t\t\t\t<div class=\"elementor-element elementor-element-50ab4380 elementor-widget elementor-widget-text-editor\" data-id=\"50ab4380\" data-element_type=\"widget\" data-e-type=\"widget\" data-widget_type=\"text-editor.default\">\n\t\t\t\t<div class=\"elementor-widget-container\">\n\t\t\t\t\t\t\t\t\t<p>Du Lundi au Vendredi<br \/>09h00 \u00e0 19h00<br \/>(18h00 le vendredi)<\/p>\t\t\t\t\t\t\t\t<\/div>\n\t\t\t\t<\/div>\n\t\t\t\t<\/div>\n\t\t<div class=\"elementor-element elementor-element-7deb376f e-con-full e-flex e-con e-child\" data-id=\"7deb376f\" data-element_type=\"container\" data-e-type=\"container\">\n\t\t\t\t<div class=\"elementor-element elementor-element-aea9476 elementor-widget elementor-widget-text-editor\" data-id=\"aea9476\" data-element_type=\"widget\" data-e-type=\"widget\" data-widget_type=\"text-editor.default\">\n\t\t\t\t<div class=\"elementor-widget-container\">\n\t\t\t\t\t\t\t\t\t<p>4 bis all\u00e9e de Longueterre<br \/>31850 Montrab\u00e9<br \/>05 34 67 12 89<\/p>\t\t\t\t\t\t\t\t<\/div>\n\t\t\t\t<\/div>\n\t\t\t\t<\/div>\n\t\t<div class=\"elementor-element elementor-element-57b3774e e-con-full e-flex e-con e-child\" data-id=\"57b3774e\" data-element_type=\"container\" data-e-type=\"container\">\n\t\t\t\t<div class=\"elementor-element elementor-element-4845d159 elementor-widget elementor-widget-text-editor\" data-id=\"4845d159\" data-element_type=\"widget\" data-e-type=\"widget\" data-widget_type=\"text-editor.default\">\n\t\t\t\t<div class=\"elementor-widget-container\">\n\t\t\t\t\t\t\t\t\t<p><a href=\"https:\/\/inside-toulouse.com\/index.php\/demarche-rse\/\" target=\"_blank\" rel=\"noopener\">D\u00e9marche RSE<\/a><br \/><a href=\"https:\/\/inside-toulouse.com\/index.php\/mentions-legales\/\" target=\"_blank\" rel=\"noopener\">Mentions l\u00e9gales<\/a><br \/><a href=\"https:\/\/inside-toulouse.com\/index.php\/conditions-generales-de-ventes\/\" target=\"_blank\" rel=\"noopener\">CGV<\/a><\/p>\t\t\t\t\t\t\t\t<\/div>\n\t\t\t\t<\/div>\n\t\t\t\t<\/div>\n\t\t\t\t<\/div>\n\t\t<div class=\"elementor-element elementor-element-5f175593 e-con-full e-flex e-con e-child\" data-id=\"5f175593\" data-element_type=\"container\" data-e-type=\"container\">\n\t\t\t\t<div class=\"elementor-element elementor-element-59686d75 elementor-widget elementor-widget-image\" data-id=\"59686d75\" data-element_type=\"widget\" data-e-type=\"widget\" data-widget_type=\"image.default\">\n\t\t\t\t<div class=\"elementor-widget-container\">\n\t\t\t\t\t\t\t\t\t\t\t\t\t\t\t\t<a href=\"https:\/\/inside-toulouse.com\/\">\n\t\t\t\t\t\t\t<img decoding=\"async\" width=\"70\" height=\"32\" src=\"https:\/\/inside-toulouse.com\/wp-content\/uploads\/2024\/05\/logo-inside.svg\" class=\"attachment-large size-large wp-image-32\" alt=\"\" \/>\t\t\t\t\t\t\t\t<\/a>\n\t\t\t\t\t\t\t\t\t\t\t\t\t\t\t<\/div>\n\t\t\t\t<\/div>\n\t\t\t\t<\/div>\n\t\t\t\t\t<\/div>\n\t\t\t\t<\/div>\n\t\t\t\t<\/div>\n\t\t","protected":false},"excerpt":{"rendered":"<p>LE STUDIO DESIGN GRAPHIQUE DESIGN D&#8217;ESPACE L&#8217;EQUIPE STM X INSIDE CONTACT Designgraphique Azal\u00e9e Azal\u00e9e est une entreprise sp\u00e9cialis\u00e9e dans le service \u00e0 domicile. Entretien du domicile, garde d\u2019enfants et aide aux personnes fragilis\u00e9es, elle vous accompagne \u00e0 chaque \u00e2ge de la vie. L\u2019\u00e9quipe d\u2019Azal\u00e9e met l\u2019accent sur la proximit\u00e9 ainsi que la bienveillance de ses [&hellip;]<\/p>\n","protected":false},"author":1,"featured_media":0,"parent":0,"menu_order":0,"comment_status":"closed","ping_status":"closed","template":"","meta":{"footnotes":""},"class_list":["post-1423","page","type-page","status-publish","hentry"],"jetpack-related-posts":[],"jetpack_sharing_enabled":true,"_links":{"self":[{"href":"https:\/\/inside-toulouse.com\/index.php\/wp-json\/wp\/v2\/pages\/1423","targetHints":{"allow":["GET"]}}],"collection":[{"href":"https:\/\/inside-toulouse.com\/index.php\/wp-json\/wp\/v2\/pages"}],"about":[{"href":"https:\/\/inside-toulouse.com\/index.php\/wp-json\/wp\/v2\/types\/page"}],"author":[{"embeddable":true,"href":"https:\/\/inside-toulouse.com\/index.php\/wp-json\/wp\/v2\/users\/1"}],"replies":[{"embeddable":true,"href":"https:\/\/inside-toulouse.com\/index.php\/wp-json\/wp\/v2\/comments?post=1423"}],"version-history":[{"count":7,"href":"https:\/\/inside-toulouse.com\/index.php\/wp-json\/wp\/v2\/pages\/1423\/revisions"}],"predecessor-version":[{"id":1464,"href":"https:\/\/inside-toulouse.com\/index.php\/wp-json\/wp\/v2\/pages\/1423\/revisions\/1464"}],"wp:attachment":[{"href":"https:\/\/inside-toulouse.com\/index.php\/wp-json\/wp\/v2\/media?parent=1423"}],"curies":[{"name":"wp","href":"https:\/\/api.w.org\/{rel}","templated":true}]}}