{"id":1410,"date":"2025-09-02T09:27:47","date_gmt":"2025-09-02T07:27:47","guid":{"rendered":"https:\/\/inside-toulouse.com\/?page_id=1410"},"modified":"2025-09-02T09:29:39","modified_gmt":"2025-09-02T07:29:39","slug":"design-graphique-projet-lostal-de-la-vape","status":"publish","type":"page","link":"https:\/\/inside-toulouse.com\/index.php\/design-graphique-projet-lostal-de-la-vape\/","title":{"rendered":"Design Graphique \u2013 Projet L&#8217;Ostal de la Vape"},"content":{"rendered":"\t\t<div data-elementor-type=\"wp-page\" data-elementor-id=\"1410\" class=\"elementor elementor-1410\">\n\t\t\t\t<div class=\"elementor-element elementor-element-6c89f044 e-con-full e-flex e-con e-parent\" data-id=\"6c89f044\" data-element_type=\"container\" data-e-type=\"container\" data-settings=\"{&quot;background_background&quot;:&quot;classic&quot;}\">\n\t\t<div class=\"elementor-element elementor-element-52eb7899 e-con-full e-flex e-con e-child\" data-id=\"52eb7899\" data-element_type=\"container\" data-e-type=\"container\">\n\t\t\t\t<div class=\"elementor-element elementor-element-3b9833ac elementor-widget elementor-widget-image\" data-id=\"3b9833ac\" data-element_type=\"widget\" data-e-type=\"widget\" data-widget_type=\"image.default\">\n\t\t\t\t<div class=\"elementor-widget-container\">\n\t\t\t\t\t\t\t\t\t\t\t\t\t\t\t\t<a href=\"https:\/\/inside-toulouse.com\/\">\n\t\t\t\t\t\t\t<img decoding=\"async\" width=\"70\" height=\"32\" src=\"https:\/\/inside-toulouse.com\/wp-content\/uploads\/2024\/05\/logo-inside.svg\" class=\"attachment-large size-large wp-image-32\" alt=\"\" \/>\t\t\t\t\t\t\t\t<\/a>\n\t\t\t\t\t\t\t\t\t\t\t\t\t\t\t<\/div>\n\t\t\t\t<\/div>\n\t\t\t\t<\/div>\n\t\t<div class=\"elementor-element elementor-element-37a666cc e-con-full e-flex e-con e-child\" data-id=\"37a666cc\" data-element_type=\"container\" data-e-type=\"container\">\n\t\t\t\t<div class=\"elementor-element elementor-element-5f02c264 elementor-widget elementor-widget-heading\" data-id=\"5f02c264\" data-element_type=\"widget\" data-e-type=\"widget\" data-widget_type=\"heading.default\">\n\t\t\t\t<div class=\"elementor-widget-container\">\n\t\t\t\t\t<h2 class=\"elementor-heading-title elementor-size-default\"><a href=\"http:\/\/www.inside-toulouse.com#studio\">LE STUDIO<\/a><\/h2>\t\t\t\t<\/div>\n\t\t\t\t<\/div>\n\t\t\t\t<div class=\"elementor-element elementor-element-66301cf2 elementor-widget elementor-widget-heading\" data-id=\"66301cf2\" data-element_type=\"widget\" data-e-type=\"widget\" data-widget_type=\"heading.default\">\n\t\t\t\t<div class=\"elementor-widget-container\">\n\t\t\t\t\t<h2 class=\"elementor-heading-title elementor-size-default\"><a href=\"http:\/\/www.inside-toulouse.com#design-graphique\">DESIGN GRAPHIQUE<\/a><\/h2>\t\t\t\t<\/div>\n\t\t\t\t<\/div>\n\t\t\t\t<div class=\"elementor-element elementor-element-fa172bc elementor-widget elementor-widget-heading\" data-id=\"fa172bc\" data-element_type=\"widget\" data-e-type=\"widget\" data-widget_type=\"heading.default\">\n\t\t\t\t<div class=\"elementor-widget-container\">\n\t\t\t\t\t<h2 class=\"elementor-heading-title elementor-size-default\"><a href=\"http:\/\/www.inside-toulouse.com#design-espace\">DESIGN D'ESPACE<\/a><\/h2>\t\t\t\t<\/div>\n\t\t\t\t<\/div>\n\t\t\t\t<div class=\"elementor-element elementor-element-2fe3b557 elementor-widget elementor-widget-heading\" data-id=\"2fe3b557\" data-element_type=\"widget\" data-e-type=\"widget\" data-widget_type=\"heading.default\">\n\t\t\t\t<div class=\"elementor-widget-container\">\n\t\t\t\t\t<h2 class=\"elementor-heading-title elementor-size-default\"><a href=\"http:\/\/www.inside-toulouse.com#equipe\">L'EQUIPE<\/a><\/h2>\t\t\t\t<\/div>\n\t\t\t\t<\/div>\n\t\t\t\t<div class=\"elementor-element elementor-element-26b33aae elementor-widget elementor-widget-heading\" data-id=\"26b33aae\" data-element_type=\"widget\" data-e-type=\"widget\" data-widget_type=\"heading.default\">\n\t\t\t\t<div class=\"elementor-widget-container\">\n\t\t\t\t\t<h2 class=\"elementor-heading-title elementor-size-default\"><a href=\"http:\/\/www.inside-toulouse.com#stmxinside\">STM X INSIDE<\/a><\/h2>\t\t\t\t<\/div>\n\t\t\t\t<\/div>\n\t\t\t\t<div class=\"elementor-element elementor-element-e545346 elementor-widget elementor-widget-heading\" data-id=\"e545346\" data-element_type=\"widget\" data-e-type=\"widget\" data-widget_type=\"heading.default\">\n\t\t\t\t<div class=\"elementor-widget-container\">\n\t\t\t\t\t<h2 class=\"elementor-heading-title elementor-size-default\"><a href=\"http:\/\/www.inside-toulouse.com#contact\">CONTACT<\/a><\/h2>\t\t\t\t<\/div>\n\t\t\t\t<\/div>\n\t\t\t\t<\/div>\n\t\t<div class=\"elementor-element elementor-element-3a634e2 e-con-full e-flex e-con e-child\" data-id=\"3a634e2\" data-element_type=\"container\" data-e-type=\"container\">\n\t\t\t\t<div class=\"elementor-element elementor-element-75bcfb71 elementor-widget elementor-widget-image\" data-id=\"75bcfb71\" data-element_type=\"widget\" data-e-type=\"widget\" data-widget_type=\"image.default\">\n\t\t\t\t<div class=\"elementor-widget-container\">\n\t\t\t\t\t\t\t\t\t\t\t\t\t\t\t\t<a href=\"https:\/\/stm31.com\" target=\"_blank\">\n\t\t\t\t\t\t\t<img decoding=\"async\" width=\"31\" height=\"31\" src=\"https:\/\/inside-toulouse.com\/wp-content\/uploads\/2024\/06\/STM.svg\" class=\"attachment-large size-large wp-image-272\" alt=\"\" \/>\t\t\t\t\t\t\t\t<\/a>\n\t\t\t\t\t\t\t\t\t\t\t\t\t\t\t<\/div>\n\t\t\t\t<\/div>\n\t\t\t\t<div class=\"elementor-element elementor-element-6b6d4b74 elementor-widget elementor-widget-image\" data-id=\"6b6d4b74\" data-element_type=\"widget\" data-e-type=\"widget\" data-widget_type=\"image.default\">\n\t\t\t\t<div class=\"elementor-widget-container\">\n\t\t\t\t\t\t\t\t\t\t\t\t\t\t\t\t<a href=\"https:\/\/www.instagram.com\/stmtoulouse\/\" target=\"_blank\">\n\t\t\t\t\t\t\t<img decoding=\"async\" width=\"31\" height=\"31\" src=\"https:\/\/inside-toulouse.com\/wp-content\/uploads\/2024\/06\/insta.svg\" class=\"attachment-large size-large wp-image-271\" alt=\"\" \/>\t\t\t\t\t\t\t\t<\/a>\n\t\t\t\t\t\t\t\t\t\t\t\t\t\t\t<\/div>\n\t\t\t\t<\/div>\n\t\t\t\t<div class=\"elementor-element elementor-element-504affbd elementor-widget elementor-widget-image\" data-id=\"504affbd\" data-element_type=\"widget\" data-e-type=\"widget\" data-widget_type=\"image.default\">\n\t\t\t\t<div class=\"elementor-widget-container\">\n\t\t\t\t\t\t\t\t\t\t\t\t\t\t\t\t<a href=\"https:\/\/www.pinterest.fr\/stmtoulouse\/\">\n\t\t\t\t\t\t\t<img loading=\"lazy\" decoding=\"async\" width=\"31\" height=\"31\" src=\"https:\/\/inside-toulouse.com\/wp-content\/uploads\/2024\/06\/PINTEREST.svg\" class=\"attachment-large size-large wp-image-270\" alt=\"\" \/>\t\t\t\t\t\t\t\t<\/a>\n\t\t\t\t\t\t\t\t\t\t\t\t\t\t\t<\/div>\n\t\t\t\t<\/div>\n\t\t\t\t<\/div>\n\t\t\t\t<\/div>\n\t\t<div class=\"elementor-element elementor-element-10efe8e1 e-con-full e-flex e-con e-parent\" data-id=\"10efe8e1\" data-element_type=\"container\" data-e-type=\"container\" data-settings=\"{&quot;background_background&quot;:&quot;classic&quot;}\">\n\t\t<div class=\"elementor-element elementor-element-39702155 e-con-full e-flex e-con e-child\" data-id=\"39702155\" data-element_type=\"container\" data-e-type=\"container\">\n\t\t\t\t<div class=\"elementor-element elementor-element-7b0d4cf2 elementor-widget elementor-widget-heading\" data-id=\"7b0d4cf2\" data-element_type=\"widget\" data-e-type=\"widget\" data-widget_type=\"heading.default\">\n\t\t\t\t<div class=\"elementor-widget-container\">\n\t\t\t\t\t<h2 class=\"elementor-heading-title elementor-size-default\">Design<br>graphique<\/h2>\t\t\t\t<\/div>\n\t\t\t\t<\/div>\n\t\t\t\t<\/div>\n\t\t<div class=\"elementor-element elementor-element-2a2db254 e-con-full e-flex e-con e-child\" data-id=\"2a2db254\" data-element_type=\"container\" data-e-type=\"container\" data-settings=\"{&quot;background_background&quot;:&quot;classic&quot;}\">\n\t\t\t\t<\/div>\n\t\t\t\t<\/div>\n\t\t<div class=\"elementor-element elementor-element-59896c e-con-full e-flex e-con e-parent\" data-id=\"59896c\" data-element_type=\"container\" data-e-type=\"container\" data-settings=\"{&quot;background_background&quot;:&quot;gradient&quot;}\">\n\t\t\t\t<\/div>\n\t\t<div class=\"elementor-element elementor-element-18c25290 e-con-full e-flex e-con e-parent\" data-id=\"18c25290\" data-element_type=\"container\" data-e-type=\"container\" data-settings=\"{&quot;background_background&quot;:&quot;classic&quot;}\">\n\t\t<div class=\"elementor-element elementor-element-3f6f4fd5 e-flex e-con-boxed e-con e-child\" data-id=\"3f6f4fd5\" data-element_type=\"container\" data-e-type=\"container\">\n\t\t\t\t\t<div class=\"e-con-inner\">\n\t\t\t\t<div class=\"elementor-element elementor-element-769700b9 elementor-widget elementor-widget-heading\" data-id=\"769700b9\" data-element_type=\"widget\" data-e-type=\"widget\" data-widget_type=\"heading.default\">\n\t\t\t\t<div class=\"elementor-widget-container\">\n\t\t\t\t\t<h2 class=\"elementor-heading-title elementor-size-default\">L'Ostal de la Vape<\/h2>\t\t\t\t<\/div>\n\t\t\t\t<\/div>\n\t\t\t\t<div class=\"elementor-element elementor-element-60824ee elementor-widget elementor-widget-text-editor\" data-id=\"60824ee\" data-element_type=\"widget\" data-e-type=\"widget\" data-widget_type=\"text-editor.default\">\n\t\t\t\t<div class=\"elementor-widget-container\">\n\t\t\t\t\t\t\t\t\tL\u2019Ostal de la Vape est un v\u00e9ritable alli\u00e9 contre l\u2019arr\u00eat du tabac. Plus qu\u2019une boutique de cigarettes \u00e9lectroniques, c\u2019est un v\u00e9ritable accompagnement qui est propos\u00e9 avec un suivit r\u00e9gulier. L\u2019\u00e9change, la convivialit\u00e9, le partage, 3 notions qui sont au c\u0153ur de leur processus d\u2019arr\u00eat du tabac.\n\nQui de mieux pour vous accompagner que l\u2019ours des Pyr\u00e9n\u00e9es, cette mascotte rassurante et r\u00e9confortante ?\t\t\t\t\t\t\t\t<\/div>\n\t\t\t\t<\/div>\n\t\t\t\t<div class=\"elementor-element elementor-element-1efa1009 elementor-widget elementor-widget-image\" data-id=\"1efa1009\" data-element_type=\"widget\" data-e-type=\"widget\" data-widget_type=\"image.default\">\n\t\t\t\t<div class=\"elementor-widget-container\">\n\t\t\t\t\t\t\t\t\t\t\t\t\t\t\t<img loading=\"lazy\" decoding=\"async\" width=\"800\" height=\"393\" src=\"https:\/\/i0.wp.com\/inside-toulouse.com\/wp-content\/uploads\/2025\/09\/OSTAL_DE_LA_VAPE_1.jpg?fit=800%2C393&amp;ssl=1\" class=\"attachment-large size-large wp-image-1412\" alt=\"\" srcset=\"https:\/\/i0.wp.com\/inside-toulouse.com\/wp-content\/uploads\/2025\/09\/OSTAL_DE_LA_VAPE_1.jpg?w=900&amp;ssl=1 900w, https:\/\/i0.wp.com\/inside-toulouse.com\/wp-content\/uploads\/2025\/09\/OSTAL_DE_LA_VAPE_1.jpg?resize=300%2C147&amp;ssl=1 300w, https:\/\/i0.wp.com\/inside-toulouse.com\/wp-content\/uploads\/2025\/09\/OSTAL_DE_LA_VAPE_1.jpg?resize=768%2C377&amp;ssl=1 768w\" sizes=\"(max-width: 800px) 100vw, 800px\" \/>\t\t\t\t\t\t\t\t\t\t\t\t\t\t\t<\/div>\n\t\t\t\t<\/div>\n\t\t\t\t<div class=\"elementor-element elementor-element-c857c32 elementor-widget elementor-widget-image\" data-id=\"c857c32\" data-element_type=\"widget\" data-e-type=\"widget\" data-widget_type=\"image.default\">\n\t\t\t\t<div class=\"elementor-widget-container\">\n\t\t\t\t\t\t\t\t\t\t\t\t\t\t\t<img loading=\"lazy\" decoding=\"async\" width=\"800\" height=\"531\" src=\"https:\/\/i0.wp.com\/inside-toulouse.com\/wp-content\/uploads\/2025\/09\/OSTAL_DE_LA_VAPE_2.jpg?fit=800%2C531&amp;ssl=1\" class=\"attachment-large size-large wp-image-1413\" alt=\"\" srcset=\"https:\/\/i0.wp.com\/inside-toulouse.com\/wp-content\/uploads\/2025\/09\/OSTAL_DE_LA_VAPE_2.jpg?w=900&amp;ssl=1 900w, https:\/\/i0.wp.com\/inside-toulouse.com\/wp-content\/uploads\/2025\/09\/OSTAL_DE_LA_VAPE_2.jpg?resize=300%2C199&amp;ssl=1 300w, https:\/\/i0.wp.com\/inside-toulouse.com\/wp-content\/uploads\/2025\/09\/OSTAL_DE_LA_VAPE_2.jpg?resize=768%2C509&amp;ssl=1 768w\" sizes=\"(max-width: 800px) 100vw, 800px\" \/>\t\t\t\t\t\t\t\t\t\t\t\t\t\t\t<\/div>\n\t\t\t\t<\/div>\n\t\t\t\t<div class=\"elementor-element elementor-element-6d3fd86 elementor-widget elementor-widget-image\" data-id=\"6d3fd86\" data-element_type=\"widget\" data-e-type=\"widget\" data-widget_type=\"image.default\">\n\t\t\t\t<div class=\"elementor-widget-container\">\n\t\t\t\t\t\t\t\t\t\t\t\t\t\t\t<img loading=\"lazy\" decoding=\"async\" width=\"800\" height=\"531\" src=\"https:\/\/i0.wp.com\/inside-toulouse.com\/wp-content\/uploads\/2025\/09\/OSTAL_DE_LA_VAPE_3.jpg?fit=800%2C531&amp;ssl=1\" class=\"attachment-large size-large wp-image-1414\" alt=\"\" srcset=\"https:\/\/i0.wp.com\/inside-toulouse.com\/wp-content\/uploads\/2025\/09\/OSTAL_DE_LA_VAPE_3.jpg?w=900&amp;ssl=1 900w, https:\/\/i0.wp.com\/inside-toulouse.com\/wp-content\/uploads\/2025\/09\/OSTAL_DE_LA_VAPE_3.jpg?resize=300%2C199&amp;ssl=1 300w, https:\/\/i0.wp.com\/inside-toulouse.com\/wp-content\/uploads\/2025\/09\/OSTAL_DE_LA_VAPE_3.jpg?resize=768%2C509&amp;ssl=1 768w\" sizes=\"(max-width: 800px) 100vw, 800px\" \/>\t\t\t\t\t\t\t\t\t\t\t\t\t\t\t<\/div>\n\t\t\t\t<\/div>\n\t\t\t\t<div class=\"elementor-element elementor-element-9b2daa6 elementor-widget elementor-widget-image\" data-id=\"9b2daa6\" data-element_type=\"widget\" data-e-type=\"widget\" data-widget_type=\"image.default\">\n\t\t\t\t<div class=\"elementor-widget-container\">\n\t\t\t\t\t\t\t\t\t\t\t\t\t\t\t<img loading=\"lazy\" decoding=\"async\" width=\"800\" height=\"800\" src=\"https:\/\/i0.wp.com\/inside-toulouse.com\/wp-content\/uploads\/2025\/09\/OSTAL_DE_LA_VAPE_4.jpg?fit=800%2C800&amp;ssl=1\" class=\"attachment-large size-large wp-image-1415\" alt=\"\" srcset=\"https:\/\/i0.wp.com\/inside-toulouse.com\/wp-content\/uploads\/2025\/09\/OSTAL_DE_LA_VAPE_4.jpg?w=900&amp;ssl=1 900w, https:\/\/i0.wp.com\/inside-toulouse.com\/wp-content\/uploads\/2025\/09\/OSTAL_DE_LA_VAPE_4.jpg?resize=300%2C300&amp;ssl=1 300w, https:\/\/i0.wp.com\/inside-toulouse.com\/wp-content\/uploads\/2025\/09\/OSTAL_DE_LA_VAPE_4.jpg?resize=150%2C150&amp;ssl=1 150w, https:\/\/i0.wp.com\/inside-toulouse.com\/wp-content\/uploads\/2025\/09\/OSTAL_DE_LA_VAPE_4.jpg?resize=768%2C768&amp;ssl=1 768w\" sizes=\"(max-width: 800px) 100vw, 800px\" \/>\t\t\t\t\t\t\t\t\t\t\t\t\t\t\t<\/div>\n\t\t\t\t<\/div>\n\t\t\t\t<div class=\"elementor-element elementor-element-370d5e4 elementor-widget elementor-widget-image\" data-id=\"370d5e4\" data-element_type=\"widget\" data-e-type=\"widget\" data-widget_type=\"image.default\">\n\t\t\t\t<div class=\"elementor-widget-container\">\n\t\t\t\t\t\t\t\t\t\t\t\t\t\t\t<img loading=\"lazy\" decoding=\"async\" width=\"800\" height=\"459\" src=\"https:\/\/i0.wp.com\/inside-toulouse.com\/wp-content\/uploads\/2025\/09\/OSTAL_DE_LA_VAPE_5.jpg?fit=800%2C459&amp;ssl=1\" class=\"attachment-large size-large wp-image-1416\" alt=\"\" srcset=\"https:\/\/i0.wp.com\/inside-toulouse.com\/wp-content\/uploads\/2025\/09\/OSTAL_DE_LA_VAPE_5.jpg?w=900&amp;ssl=1 900w, https:\/\/i0.wp.com\/inside-toulouse.com\/wp-content\/uploads\/2025\/09\/OSTAL_DE_LA_VAPE_5.jpg?resize=300%2C172&amp;ssl=1 300w, https:\/\/i0.wp.com\/inside-toulouse.com\/wp-content\/uploads\/2025\/09\/OSTAL_DE_LA_VAPE_5.jpg?resize=768%2C440&amp;ssl=1 768w\" sizes=\"(max-width: 800px) 100vw, 800px\" \/>\t\t\t\t\t\t\t\t\t\t\t\t\t\t\t<\/div>\n\t\t\t\t<\/div>\n\t\t\t\t\t<\/div>\n\t\t\t\t<\/div>\n\t\t\t\t<\/div>\n\t\t<div class=\"elementor-element elementor-element-2fc76e1b e-flex e-con-boxed e-con e-parent\" data-id=\"2fc76e1b\" data-element_type=\"container\" data-e-type=\"container\" data-settings=\"{&quot;background_background&quot;:&quot;classic&quot;}\">\n\t\t\t\t\t<div class=\"e-con-inner\">\n\t\t\t\t<div class=\"elementor-element elementor-element-368fae6f elementor-align-center elementor-widget elementor-widget-button\" data-id=\"368fae6f\" data-element_type=\"widget\" data-e-type=\"widget\" data-widget_type=\"button.default\">\n\t\t\t\t<div class=\"elementor-widget-container\">\n\t\t\t\t\t\t\t\t\t<div class=\"elementor-button-wrapper\">\n\t\t\t\t\t<a class=\"elementor-button elementor-button-link elementor-size-sm elementor-animation-grow\" href=\"https:\/\/inside-toulouse.com\/\">\n\t\t\t\t\t\t<span class=\"elementor-button-content-wrapper\">\n\t\t\t\t\t\t\t\t\t<span class=\"elementor-button-text\">Retour<\/span>\n\t\t\t\t\t<\/span>\n\t\t\t\t\t<\/a>\n\t\t\t\t<\/div>\n\t\t\t\t\t\t\t\t<\/div>\n\t\t\t\t<\/div>\n\t\t\t\t\t<\/div>\n\t\t\t\t<\/div>\n\t\t<div class=\"elementor-element elementor-element-6a762c77 e-flex e-con-boxed e-con e-parent\" data-id=\"6a762c77\" data-element_type=\"container\" data-e-type=\"container\" data-settings=\"{&quot;background_background&quot;:&quot;gradient&quot;}\">\n\t\t\t\t\t<div class=\"e-con-inner\">\n\t\t<div class=\"elementor-element elementor-element-488e2e1d e-con-full e-flex e-con e-child\" data-id=\"488e2e1d\" data-element_type=\"container\" data-e-type=\"container\">\n\t\t<div class=\"elementor-element elementor-element-67884573 e-con-full e-flex e-con e-child\" data-id=\"67884573\" data-element_type=\"container\" data-e-type=\"container\">\n\t\t\t\t<div class=\"elementor-element elementor-element-46f14f36 elementor-widget elementor-widget-image\" data-id=\"46f14f36\" data-element_type=\"widget\" data-e-type=\"widget\" data-widget_type=\"image.default\">\n\t\t\t\t<div class=\"elementor-widget-container\">\n\t\t\t\t\t\t\t\t\t\t\t\t\t\t\t<img loading=\"lazy\" decoding=\"async\" width=\"81\" height=\"81\" src=\"https:\/\/inside-toulouse.com\/wp-content\/uploads\/2024\/06\/ESPACE-BLANC.svg\" class=\"attachment-large size-large wp-image-231\" alt=\"\" \/>\t\t\t\t\t\t\t\t\t\t\t\t\t\t\t<\/div>\n\t\t\t\t<\/div>\n\t\t\t\t<div class=\"elementor-element elementor-element-2a04aa74 elementor-widget elementor-widget-image\" data-id=\"2a04aa74\" data-element_type=\"widget\" data-e-type=\"widget\" data-widget_type=\"image.default\">\n\t\t\t\t<div class=\"elementor-widget-container\">\n\t\t\t\t\t\t\t\t\t\t\t\t\t\t\t<img loading=\"lazy\" decoding=\"async\" width=\"81\" height=\"81\" src=\"https:\/\/inside-toulouse.com\/wp-content\/uploads\/2024\/06\/GRAPHIQUE-BLANC.svg\" class=\"attachment-large size-large wp-image-230\" alt=\"\" \/>\t\t\t\t\t\t\t\t\t\t\t\t\t\t\t<\/div>\n\t\t\t\t<\/div>\n\t\t\t\t<\/div>\n\t\t<div class=\"elementor-element elementor-element-3cf707e3 e-con-full e-flex e-con e-child\" data-id=\"3cf707e3\" data-element_type=\"container\" data-e-type=\"container\">\n\t\t\t\t<div class=\"elementor-element elementor-element-6a9fec3c elementor-widget elementor-widget-text-editor\" data-id=\"6a9fec3c\" data-element_type=\"widget\" data-e-type=\"widget\" data-widget_type=\"text-editor.default\">\n\t\t\t\t<div class=\"elementor-widget-container\">\n\t\t\t\t\t\t\t\t\t<p>Du Lundi au Vendredi<br \/>09h00 \u00e0 19h00<br \/>(18h00 le vendredi)<\/p>\t\t\t\t\t\t\t\t<\/div>\n\t\t\t\t<\/div>\n\t\t\t\t<\/div>\n\t\t<div class=\"elementor-element elementor-element-3e0e4214 e-con-full e-flex e-con e-child\" data-id=\"3e0e4214\" data-element_type=\"container\" data-e-type=\"container\">\n\t\t\t\t<div class=\"elementor-element elementor-element-4a9f2c67 elementor-widget elementor-widget-text-editor\" data-id=\"4a9f2c67\" data-element_type=\"widget\" data-e-type=\"widget\" data-widget_type=\"text-editor.default\">\n\t\t\t\t<div class=\"elementor-widget-container\">\n\t\t\t\t\t\t\t\t\t<p>4 bis all\u00e9e de Longueterre<br \/>31850 Montrab\u00e9<br \/>05 34 67 12 89<\/p>\t\t\t\t\t\t\t\t<\/div>\n\t\t\t\t<\/div>\n\t\t\t\t<\/div>\n\t\t<div class=\"elementor-element elementor-element-126faf91 e-con-full e-flex e-con e-child\" data-id=\"126faf91\" data-element_type=\"container\" data-e-type=\"container\">\n\t\t\t\t<div class=\"elementor-element elementor-element-7129da0c elementor-widget elementor-widget-text-editor\" data-id=\"7129da0c\" data-element_type=\"widget\" data-e-type=\"widget\" data-widget_type=\"text-editor.default\">\n\t\t\t\t<div class=\"elementor-widget-container\">\n\t\t\t\t\t\t\t\t\t<p><a href=\"https:\/\/inside-toulouse.com\/index.php\/demarche-rse\/\" target=\"_blank\" rel=\"noopener\">D\u00e9marche RSE<\/a><br \/><a href=\"https:\/\/inside-toulouse.com\/index.php\/mentions-legales\/\" target=\"_blank\" rel=\"noopener\">Mentions l\u00e9gales<\/a><br \/><a href=\"https:\/\/inside-toulouse.com\/index.php\/conditions-generales-de-ventes\/\" target=\"_blank\" rel=\"noopener\">CGV<\/a><\/p>\t\t\t\t\t\t\t\t<\/div>\n\t\t\t\t<\/div>\n\t\t\t\t<\/div>\n\t\t\t\t<\/div>\n\t\t<div class=\"elementor-element elementor-element-879fa9a e-con-full e-flex e-con e-child\" data-id=\"879fa9a\" data-element_type=\"container\" data-e-type=\"container\">\n\t\t\t\t<div class=\"elementor-element elementor-element-26d32f56 elementor-widget elementor-widget-image\" data-id=\"26d32f56\" data-element_type=\"widget\" data-e-type=\"widget\" data-widget_type=\"image.default\">\n\t\t\t\t<div class=\"elementor-widget-container\">\n\t\t\t\t\t\t\t\t\t\t\t\t\t\t\t\t<a href=\"https:\/\/inside-toulouse.com\/\">\n\t\t\t\t\t\t\t<img decoding=\"async\" width=\"70\" height=\"32\" src=\"https:\/\/inside-toulouse.com\/wp-content\/uploads\/2024\/05\/logo-inside.svg\" class=\"attachment-large size-large wp-image-32\" alt=\"\" \/>\t\t\t\t\t\t\t\t<\/a>\n\t\t\t\t\t\t\t\t\t\t\t\t\t\t\t<\/div>\n\t\t\t\t<\/div>\n\t\t\t\t<\/div>\n\t\t\t\t\t<\/div>\n\t\t\t\t<\/div>\n\t\t\t\t<\/div>\n\t\t","protected":false},"excerpt":{"rendered":"<p>LE STUDIO DESIGN GRAPHIQUE DESIGN D&#8217;ESPACE L&#8217;EQUIPE STM X INSIDE CONTACT Designgraphique L&#8217;Ostal de la Vape L\u2019Ostal de la Vape est un v\u00e9ritable alli\u00e9 contre l\u2019arr\u00eat du tabac. Plus qu\u2019une boutique de cigarettes \u00e9lectroniques, c\u2019est un v\u00e9ritable accompagnement qui est propos\u00e9 avec un suivit r\u00e9gulier. L\u2019\u00e9change, la convivialit\u00e9, le partage, 3 notions qui sont au [&hellip;]<\/p>\n","protected":false},"author":1,"featured_media":0,"parent":0,"menu_order":0,"comment_status":"closed","ping_status":"closed","template":"","meta":{"footnotes":""},"class_list":["post-1410","page","type-page","status-publish","hentry"],"jetpack-related-posts":[],"jetpack_sharing_enabled":true,"_links":{"self":[{"href":"https:\/\/inside-toulouse.com\/index.php\/wp-json\/wp\/v2\/pages\/1410","targetHints":{"allow":["GET"]}}],"collection":[{"href":"https:\/\/inside-toulouse.com\/index.php\/wp-json\/wp\/v2\/pages"}],"about":[{"href":"https:\/\/inside-toulouse.com\/index.php\/wp-json\/wp\/v2\/types\/page"}],"author":[{"embeddable":true,"href":"https:\/\/inside-toulouse.com\/index.php\/wp-json\/wp\/v2\/users\/1"}],"replies":[{"embeddable":true,"href":"https:\/\/inside-toulouse.com\/index.php\/wp-json\/wp\/v2\/comments?post=1410"}],"version-history":[{"count":4,"href":"https:\/\/inside-toulouse.com\/index.php\/wp-json\/wp\/v2\/pages\/1410\/revisions"}],"predecessor-version":[{"id":1419,"href":"https:\/\/inside-toulouse.com\/index.php\/wp-json\/wp\/v2\/pages\/1410\/revisions\/1419"}],"wp:attachment":[{"href":"https:\/\/inside-toulouse.com\/index.php\/wp-json\/wp\/v2\/media?parent=1410"}],"curies":[{"name":"wp","href":"https:\/\/api.w.org\/{rel}","templated":true}]}}