{"id":1008,"date":"2024-08-05T11:20:26","date_gmt":"2024-08-05T09:20:26","guid":{"rendered":"https:\/\/inside-toulouse.com\/?page_id=1008"},"modified":"2024-08-05T12:45:20","modified_gmt":"2024-08-05T10:45:20","slug":"design-despace-claustras-sur-mesure","status":"publish","type":"page","link":"https:\/\/inside-toulouse.com\/index.php\/design-despace-claustras-sur-mesure\/","title":{"rendered":"Design d\u2019Espace \u2013 Claustras sur mesure"},"content":{"rendered":"\t\t<div data-elementor-type=\"wp-page\" data-elementor-id=\"1008\" class=\"elementor elementor-1008\">\n\t\t\t\t<div class=\"elementor-element elementor-element-2fa4c648 e-con-full e-flex e-con e-parent\" data-id=\"2fa4c648\" data-element_type=\"container\" data-e-type=\"container\" data-settings=\"{&quot;background_background&quot;:&quot;classic&quot;}\">\n\t\t<div class=\"elementor-element elementor-element-5a894312 e-con-full e-flex e-con e-child\" data-id=\"5a894312\" data-element_type=\"container\" data-e-type=\"container\">\n\t\t\t\t<div class=\"elementor-element elementor-element-2482a9da elementor-widget elementor-widget-image\" data-id=\"2482a9da\" data-element_type=\"widget\" data-e-type=\"widget\" data-widget_type=\"image.default\">\n\t\t\t\t<div class=\"elementor-widget-container\">\n\t\t\t\t\t\t\t\t\t\t\t\t\t\t\t\t<a href=\"https:\/\/inside-toulouse.com\/\">\n\t\t\t\t\t\t\t<img decoding=\"async\" width=\"70\" height=\"32\" src=\"https:\/\/inside-toulouse.com\/wp-content\/uploads\/2024\/05\/logo-inside.svg\" class=\"attachment-large size-large wp-image-32\" alt=\"\" \/>\t\t\t\t\t\t\t\t<\/a>\n\t\t\t\t\t\t\t\t\t\t\t\t\t\t\t<\/div>\n\t\t\t\t<\/div>\n\t\t\t\t<\/div>\n\t\t<div class=\"elementor-element elementor-element-41850109 e-con-full e-flex e-con e-child\" data-id=\"41850109\" data-element_type=\"container\" data-e-type=\"container\">\n\t\t\t\t<div class=\"elementor-element elementor-element-4df4e9f4 elementor-widget elementor-widget-heading\" data-id=\"4df4e9f4\" data-element_type=\"widget\" data-e-type=\"widget\" data-widget_type=\"heading.default\">\n\t\t\t\t<div class=\"elementor-widget-container\">\n\t\t\t\t\t<h2 class=\"elementor-heading-title elementor-size-default\"><a href=\"https:\/\/inside-toulouse.com\/#studio\">LE STUDIO<\/a><\/h2>\t\t\t\t<\/div>\n\t\t\t\t<\/div>\n\t\t\t\t<div class=\"elementor-element elementor-element-51b32179 elementor-widget elementor-widget-heading\" data-id=\"51b32179\" data-element_type=\"widget\" data-e-type=\"widget\" data-widget_type=\"heading.default\">\n\t\t\t\t<div class=\"elementor-widget-container\">\n\t\t\t\t\t<h2 class=\"elementor-heading-title elementor-size-default\"><a href=\"https:\/\/inside-toulouse.com\/#design-graphique\">DESIGN GRAPHIQUE<\/a><\/h2>\t\t\t\t<\/div>\n\t\t\t\t<\/div>\n\t\t\t\t<div class=\"elementor-element elementor-element-509e3c01 elementor-widget elementor-widget-heading\" data-id=\"509e3c01\" data-element_type=\"widget\" data-e-type=\"widget\" data-widget_type=\"heading.default\">\n\t\t\t\t<div class=\"elementor-widget-container\">\n\t\t\t\t\t<h2 class=\"elementor-heading-title elementor-size-default\"><a href=\"https:\/\/inside-toulouse.com\/#design-espace\">DESIGN D'ESPACE<\/a><\/h2>\t\t\t\t<\/div>\n\t\t\t\t<\/div>\n\t\t\t\t<div class=\"elementor-element elementor-element-7075b1e elementor-widget elementor-widget-heading\" data-id=\"7075b1e\" data-element_type=\"widget\" data-e-type=\"widget\" data-widget_type=\"heading.default\">\n\t\t\t\t<div class=\"elementor-widget-container\">\n\t\t\t\t\t<h2 class=\"elementor-heading-title elementor-size-default\"><a href=\"https:\/\/inside-toulouse.com\/#equipe\">L'EQUIPE<\/a><\/h2>\t\t\t\t<\/div>\n\t\t\t\t<\/div>\n\t\t\t\t<div class=\"elementor-element elementor-element-20307caf elementor-widget elementor-widget-heading\" data-id=\"20307caf\" data-element_type=\"widget\" data-e-type=\"widget\" data-widget_type=\"heading.default\">\n\t\t\t\t<div class=\"elementor-widget-container\">\n\t\t\t\t\t<h2 class=\"elementor-heading-title elementor-size-default\"><a href=\"https:\/\/inside-toulouse.com\/#stmxinside\">STM X INSIDE<\/a><\/h2>\t\t\t\t<\/div>\n\t\t\t\t<\/div>\n\t\t\t\t<div class=\"elementor-element elementor-element-58a60dd1 elementor-widget elementor-widget-heading\" data-id=\"58a60dd1\" data-element_type=\"widget\" data-e-type=\"widget\" data-widget_type=\"heading.default\">\n\t\t\t\t<div class=\"elementor-widget-container\">\n\t\t\t\t\t<h2 class=\"elementor-heading-title elementor-size-default\"><a href=\"https:\/\/inside-toulouse.com\/#contact\">CONTACT<\/a><\/h2>\t\t\t\t<\/div>\n\t\t\t\t<\/div>\n\t\t\t\t<\/div>\n\t\t<div class=\"elementor-element elementor-element-3f4dc153 e-con-full e-flex e-con e-child\" data-id=\"3f4dc153\" data-element_type=\"container\" data-e-type=\"container\">\n\t\t\t\t<div class=\"elementor-element elementor-element-721d373d elementor-widget elementor-widget-image\" data-id=\"721d373d\" data-element_type=\"widget\" data-e-type=\"widget\" data-widget_type=\"image.default\">\n\t\t\t\t<div class=\"elementor-widget-container\">\n\t\t\t\t\t\t\t\t\t\t\t\t\t\t\t\t<a href=\"https:\/\/stm31.com\" target=\"_blank\">\n\t\t\t\t\t\t\t<img decoding=\"async\" width=\"31\" height=\"31\" src=\"https:\/\/inside-toulouse.com\/wp-content\/uploads\/2024\/06\/STM.svg\" class=\"attachment-large size-large wp-image-272\" alt=\"\" \/>\t\t\t\t\t\t\t\t<\/a>\n\t\t\t\t\t\t\t\t\t\t\t\t\t\t\t<\/div>\n\t\t\t\t<\/div>\n\t\t\t\t<div class=\"elementor-element elementor-element-120b0fba elementor-widget elementor-widget-image\" data-id=\"120b0fba\" data-element_type=\"widget\" data-e-type=\"widget\" data-widget_type=\"image.default\">\n\t\t\t\t<div class=\"elementor-widget-container\">\n\t\t\t\t\t\t\t\t\t\t\t\t\t\t\t\t<a href=\"https:\/\/www.instagram.com\/stmtoulouse\/\" target=\"_blank\">\n\t\t\t\t\t\t\t<img decoding=\"async\" width=\"31\" height=\"31\" src=\"https:\/\/inside-toulouse.com\/wp-content\/uploads\/2024\/06\/insta.svg\" class=\"attachment-large size-large wp-image-271\" alt=\"\" \/>\t\t\t\t\t\t\t\t<\/a>\n\t\t\t\t\t\t\t\t\t\t\t\t\t\t\t<\/div>\n\t\t\t\t<\/div>\n\t\t\t\t<div class=\"elementor-element elementor-element-48c815ad elementor-widget elementor-widget-image\" data-id=\"48c815ad\" data-element_type=\"widget\" data-e-type=\"widget\" data-widget_type=\"image.default\">\n\t\t\t\t<div class=\"elementor-widget-container\">\n\t\t\t\t\t\t\t\t\t\t\t\t\t\t\t\t<a href=\"https:\/\/www.pinterest.fr\/stmtoulouse\/\">\n\t\t\t\t\t\t\t<img loading=\"lazy\" decoding=\"async\" width=\"31\" height=\"31\" src=\"https:\/\/inside-toulouse.com\/wp-content\/uploads\/2024\/06\/PINTEREST.svg\" class=\"attachment-large size-large wp-image-270\" alt=\"\" \/>\t\t\t\t\t\t\t\t<\/a>\n\t\t\t\t\t\t\t\t\t\t\t\t\t\t\t<\/div>\n\t\t\t\t<\/div>\n\t\t\t\t<\/div>\n\t\t\t\t<\/div>\n\t\t<div class=\"elementor-element elementor-element-778a46fd e-con-full e-flex e-con e-parent\" data-id=\"778a46fd\" data-element_type=\"container\" data-e-type=\"container\" data-settings=\"{&quot;background_background&quot;:&quot;classic&quot;}\">\n\t\t<div class=\"elementor-element elementor-element-624ad59b e-con-full e-flex e-con e-child\" data-id=\"624ad59b\" data-element_type=\"container\" data-e-type=\"container\">\n\t\t\t\t<div class=\"elementor-element elementor-element-65315c4d elementor-widget elementor-widget-heading\" data-id=\"65315c4d\" data-element_type=\"widget\" data-e-type=\"widget\" data-widget_type=\"heading.default\">\n\t\t\t\t<div class=\"elementor-widget-container\">\n\t\t\t\t\t<h2 class=\"elementor-heading-title elementor-size-default\">Design<br>d'espace<\/h2>\t\t\t\t<\/div>\n\t\t\t\t<\/div>\n\t\t\t\t<\/div>\n\t\t<div class=\"elementor-element elementor-element-332addad e-con-full e-flex e-con e-child\" data-id=\"332addad\" data-element_type=\"container\" data-e-type=\"container\" data-settings=\"{&quot;background_background&quot;:&quot;classic&quot;}\">\n\t\t\t\t<\/div>\n\t\t\t\t<\/div>\n\t\t<div class=\"elementor-element elementor-element-6064e305 e-con-full e-flex e-con e-parent\" data-id=\"6064e305\" data-element_type=\"container\" data-e-type=\"container\" data-settings=\"{&quot;background_background&quot;:&quot;gradient&quot;}\">\n\t\t\t\t<\/div>\n\t\t<div class=\"elementor-element elementor-element-103b6ad0 e-con-full e-flex e-con e-parent\" data-id=\"103b6ad0\" data-element_type=\"container\" data-e-type=\"container\" data-settings=\"{&quot;background_background&quot;:&quot;classic&quot;}\">\n\t\t<div class=\"elementor-element elementor-element-74a4c325 e-flex e-con-boxed e-con e-child\" data-id=\"74a4c325\" data-element_type=\"container\" data-e-type=\"container\">\n\t\t\t\t\t<div class=\"e-con-inner\">\n\t\t\t\t<div class=\"elementor-element elementor-element-1c651a00 elementor-widget elementor-widget-heading\" data-id=\"1c651a00\" data-element_type=\"widget\" data-e-type=\"widget\" data-widget_type=\"heading.default\">\n\t\t\t\t<div class=\"elementor-widget-container\">\n\t\t\t\t\t<h2 class=\"elementor-heading-title elementor-size-default\">Claustras sur mesure<\/h2>\t\t\t\t<\/div>\n\t\t\t\t<\/div>\n\t\t\t\t<div class=\"elementor-element elementor-element-5de6af17 elementor-widget elementor-widget-text-editor\" data-id=\"5de6af17\" data-element_type=\"widget\" data-e-type=\"widget\" data-widget_type=\"text-editor.default\">\n\t\t\t\t<div class=\"elementor-widget-container\">\n\t\t\t\t\t\t\t\t\t<p>La cr\u00e9ation de claustras en bois sur mesure est d\u00e9sormais r\u00e9volutionn\u00e9e par l&#8217;utilisation de logiciels de conception 3D. Cette technologie permet de r\u00e9aliser des designs 100% personnalis\u00e9s, adapt\u00e9s aux go\u00fbts et besoins sp\u00e9cifiques de chaque client. Gr\u00e2ce \u00e0 la mod\u00e9lisation 3D, notre \u00e9quipe de design peut offrir une visualisation pr\u00e9cise du produit final et son int\u00e9gration. Chaque d\u00e9tail, des motifs aux finitions, est optimis\u00e9 pour une esth\u00e9tique parfaite et une utilisation efficace des mat\u00e9riaux, r\u00e9duisant ainsi le gaspillage et les co\u00fbts.<\/p>\t\t\t\t\t\t\t\t<\/div>\n\t\t\t\t<\/div>\n\t\t<div class=\"elementor-element elementor-element-1e2befd2 e-grid e-con-full e-con e-child\" data-id=\"1e2befd2\" data-element_type=\"container\" data-e-type=\"container\" data-settings=\"{&quot;background_background&quot;:&quot;classic&quot;}\">\n\t\t\t\t<div class=\"elementor-element elementor-element-4e339bb7 elementor-widget elementor-widget-image\" data-id=\"4e339bb7\" data-element_type=\"widget\" data-e-type=\"widget\" data-widget_type=\"image.default\">\n\t\t\t\t<div class=\"elementor-widget-container\">\n\t\t\t\t\t\t\t\t\t\t\t\t\t\t\t<img loading=\"lazy\" decoding=\"async\" width=\"800\" height=\"450\" src=\"https:\/\/i0.wp.com\/inside-toulouse.com\/wp-content\/uploads\/2024\/08\/CLAUSTRA-1.png?fit=800%2C450&amp;ssl=1\" class=\"attachment-large size-large wp-image-1016\" alt=\"\" srcset=\"https:\/\/i0.wp.com\/inside-toulouse.com\/wp-content\/uploads\/2024\/08\/CLAUSTRA-1.png?w=1920&amp;ssl=1 1920w, https:\/\/i0.wp.com\/inside-toulouse.com\/wp-content\/uploads\/2024\/08\/CLAUSTRA-1.png?resize=300%2C169&amp;ssl=1 300w, https:\/\/i0.wp.com\/inside-toulouse.com\/wp-content\/uploads\/2024\/08\/CLAUSTRA-1.png?resize=1024%2C576&amp;ssl=1 1024w, https:\/\/i0.wp.com\/inside-toulouse.com\/wp-content\/uploads\/2024\/08\/CLAUSTRA-1.png?resize=768%2C432&amp;ssl=1 768w, https:\/\/i0.wp.com\/inside-toulouse.com\/wp-content\/uploads\/2024\/08\/CLAUSTRA-1.png?resize=1536%2C864&amp;ssl=1 1536w, https:\/\/i0.wp.com\/inside-toulouse.com\/wp-content\/uploads\/2024\/08\/CLAUSTRA-1.png?w=1600 1600w\" sizes=\"(max-width: 800px) 100vw, 800px\" \/>\t\t\t\t\t\t\t\t\t\t\t\t\t\t\t<\/div>\n\t\t\t\t<\/div>\n\t\t\t\t<\/div>\n\t\t<div class=\"elementor-element elementor-element-2d6c21c3 e-grid e-con-full e-con e-child\" data-id=\"2d6c21c3\" data-element_type=\"container\" data-e-type=\"container\" data-settings=\"{&quot;background_background&quot;:&quot;classic&quot;}\">\n\t\t\t\t<div class=\"elementor-element elementor-element-7f3d5305 elementor-widget elementor-widget-image\" data-id=\"7f3d5305\" data-element_type=\"widget\" data-e-type=\"widget\" data-widget_type=\"image.default\">\n\t\t\t\t<div class=\"elementor-widget-container\">\n\t\t\t\t\t\t\t\t\t\t\t\t\t\t\t<img loading=\"lazy\" decoding=\"async\" width=\"800\" height=\"800\" src=\"https:\/\/i0.wp.com\/inside-toulouse.com\/wp-content\/uploads\/2024\/08\/CLAUSTRA-2.png?fit=800%2C800&amp;ssl=1\" class=\"attachment-large size-large wp-image-1015\" alt=\"\" srcset=\"https:\/\/i0.wp.com\/inside-toulouse.com\/wp-content\/uploads\/2024\/08\/CLAUSTRA-2.png?w=1920&amp;ssl=1 1920w, https:\/\/i0.wp.com\/inside-toulouse.com\/wp-content\/uploads\/2024\/08\/CLAUSTRA-2.png?resize=300%2C300&amp;ssl=1 300w, https:\/\/i0.wp.com\/inside-toulouse.com\/wp-content\/uploads\/2024\/08\/CLAUSTRA-2.png?resize=1024%2C1024&amp;ssl=1 1024w, https:\/\/i0.wp.com\/inside-toulouse.com\/wp-content\/uploads\/2024\/08\/CLAUSTRA-2.png?resize=150%2C150&amp;ssl=1 150w, https:\/\/i0.wp.com\/inside-toulouse.com\/wp-content\/uploads\/2024\/08\/CLAUSTRA-2.png?resize=768%2C768&amp;ssl=1 768w, https:\/\/i0.wp.com\/inside-toulouse.com\/wp-content\/uploads\/2024\/08\/CLAUSTRA-2.png?resize=1536%2C1536&amp;ssl=1 1536w, https:\/\/i0.wp.com\/inside-toulouse.com\/wp-content\/uploads\/2024\/08\/CLAUSTRA-2.png?w=1600 1600w\" sizes=\"(max-width: 800px) 100vw, 800px\" \/>\t\t\t\t\t\t\t\t\t\t\t\t\t\t\t<\/div>\n\t\t\t\t<\/div>\n\t\t\t\t<div class=\"elementor-element elementor-element-24ff81b9 elementor-widget elementor-widget-image\" data-id=\"24ff81b9\" data-element_type=\"widget\" data-e-type=\"widget\" data-widget_type=\"image.default\">\n\t\t\t\t<div class=\"elementor-widget-container\">\n\t\t\t\t\t\t\t\t\t\t\t\t\t\t\t<img loading=\"lazy\" decoding=\"async\" width=\"800\" height=\"800\" src=\"https:\/\/i0.wp.com\/inside-toulouse.com\/wp-content\/uploads\/2024\/08\/CLAUSTRA-3.png?fit=800%2C800&amp;ssl=1\" class=\"attachment-large size-large wp-image-1014\" alt=\"\" srcset=\"https:\/\/i0.wp.com\/inside-toulouse.com\/wp-content\/uploads\/2024\/08\/CLAUSTRA-3.png?w=1920&amp;ssl=1 1920w, https:\/\/i0.wp.com\/inside-toulouse.com\/wp-content\/uploads\/2024\/08\/CLAUSTRA-3.png?resize=300%2C300&amp;ssl=1 300w, https:\/\/i0.wp.com\/inside-toulouse.com\/wp-content\/uploads\/2024\/08\/CLAUSTRA-3.png?resize=1024%2C1024&amp;ssl=1 1024w, https:\/\/i0.wp.com\/inside-toulouse.com\/wp-content\/uploads\/2024\/08\/CLAUSTRA-3.png?resize=150%2C150&amp;ssl=1 150w, https:\/\/i0.wp.com\/inside-toulouse.com\/wp-content\/uploads\/2024\/08\/CLAUSTRA-3.png?resize=768%2C768&amp;ssl=1 768w, https:\/\/i0.wp.com\/inside-toulouse.com\/wp-content\/uploads\/2024\/08\/CLAUSTRA-3.png?resize=1536%2C1536&amp;ssl=1 1536w, https:\/\/i0.wp.com\/inside-toulouse.com\/wp-content\/uploads\/2024\/08\/CLAUSTRA-3.png?w=1600 1600w\" sizes=\"(max-width: 800px) 100vw, 800px\" \/>\t\t\t\t\t\t\t\t\t\t\t\t\t\t\t<\/div>\n\t\t\t\t<\/div>\n\t\t\t\t<\/div>\n\t\t<div class=\"elementor-element elementor-element-48c1f094 e-grid e-con-full e-con e-child\" data-id=\"48c1f094\" data-element_type=\"container\" data-e-type=\"container\" data-settings=\"{&quot;background_background&quot;:&quot;classic&quot;}\">\n\t\t\t\t<div class=\"elementor-element elementor-element-1e9443d8 elementor-widget elementor-widget-image\" data-id=\"1e9443d8\" data-element_type=\"widget\" data-e-type=\"widget\" data-widget_type=\"image.default\">\n\t\t\t\t<div class=\"elementor-widget-container\">\n\t\t\t\t\t\t\t\t\t\t\t\t\t\t\t<img loading=\"lazy\" decoding=\"async\" width=\"800\" height=\"800\" src=\"https:\/\/i0.wp.com\/inside-toulouse.com\/wp-content\/uploads\/2024\/08\/POLY2.png?fit=800%2C800&amp;ssl=1\" class=\"attachment-large size-large wp-image-1024\" alt=\"\" srcset=\"https:\/\/i0.wp.com\/inside-toulouse.com\/wp-content\/uploads\/2024\/08\/POLY2.png?w=1920&amp;ssl=1 1920w, https:\/\/i0.wp.com\/inside-toulouse.com\/wp-content\/uploads\/2024\/08\/POLY2.png?resize=300%2C300&amp;ssl=1 300w, https:\/\/i0.wp.com\/inside-toulouse.com\/wp-content\/uploads\/2024\/08\/POLY2.png?resize=1024%2C1024&amp;ssl=1 1024w, https:\/\/i0.wp.com\/inside-toulouse.com\/wp-content\/uploads\/2024\/08\/POLY2.png?resize=150%2C150&amp;ssl=1 150w, https:\/\/i0.wp.com\/inside-toulouse.com\/wp-content\/uploads\/2024\/08\/POLY2.png?resize=768%2C768&amp;ssl=1 768w, https:\/\/i0.wp.com\/inside-toulouse.com\/wp-content\/uploads\/2024\/08\/POLY2.png?resize=1536%2C1536&amp;ssl=1 1536w, https:\/\/i0.wp.com\/inside-toulouse.com\/wp-content\/uploads\/2024\/08\/POLY2.png?w=1600 1600w\" sizes=\"(max-width: 800px) 100vw, 800px\" \/>\t\t\t\t\t\t\t\t\t\t\t\t\t\t\t<\/div>\n\t\t\t\t<\/div>\n\t\t\t\t<div class=\"elementor-element elementor-element-35800fad elementor-widget elementor-widget-image\" data-id=\"35800fad\" data-element_type=\"widget\" data-e-type=\"widget\" data-widget_type=\"image.default\">\n\t\t\t\t<div class=\"elementor-widget-container\">\n\t\t\t\t\t\t\t\t\t\t\t\t\t\t\t<img loading=\"lazy\" decoding=\"async\" width=\"800\" height=\"800\" src=\"https:\/\/i0.wp.com\/inside-toulouse.com\/wp-content\/uploads\/2024\/08\/ANGLE2.png?fit=800%2C800&amp;ssl=1\" class=\"attachment-large size-large wp-image-1021\" alt=\"\" srcset=\"https:\/\/i0.wp.com\/inside-toulouse.com\/wp-content\/uploads\/2024\/08\/ANGLE2.png?w=1920&amp;ssl=1 1920w, https:\/\/i0.wp.com\/inside-toulouse.com\/wp-content\/uploads\/2024\/08\/ANGLE2.png?resize=300%2C300&amp;ssl=1 300w, https:\/\/i0.wp.com\/inside-toulouse.com\/wp-content\/uploads\/2024\/08\/ANGLE2.png?resize=1024%2C1024&amp;ssl=1 1024w, https:\/\/i0.wp.com\/inside-toulouse.com\/wp-content\/uploads\/2024\/08\/ANGLE2.png?resize=150%2C150&amp;ssl=1 150w, https:\/\/i0.wp.com\/inside-toulouse.com\/wp-content\/uploads\/2024\/08\/ANGLE2.png?resize=768%2C768&amp;ssl=1 768w, https:\/\/i0.wp.com\/inside-toulouse.com\/wp-content\/uploads\/2024\/08\/ANGLE2.png?resize=1536%2C1536&amp;ssl=1 1536w, https:\/\/i0.wp.com\/inside-toulouse.com\/wp-content\/uploads\/2024\/08\/ANGLE2.png?w=1600 1600w\" sizes=\"(max-width: 800px) 100vw, 800px\" \/>\t\t\t\t\t\t\t\t\t\t\t\t\t\t\t<\/div>\n\t\t\t\t<\/div>\n\t\t\t\t<div class=\"elementor-element elementor-element-6081367 elementor-widget elementor-widget-image\" data-id=\"6081367\" data-element_type=\"widget\" data-e-type=\"widget\" data-widget_type=\"image.default\">\n\t\t\t\t<div class=\"elementor-widget-container\">\n\t\t\t\t\t\t\t\t\t\t\t\t\t\t\t<img loading=\"lazy\" decoding=\"async\" width=\"800\" height=\"800\" src=\"https:\/\/i0.wp.com\/inside-toulouse.com\/wp-content\/uploads\/2024\/08\/BASE2.png?fit=800%2C800&amp;ssl=1\" class=\"attachment-large size-large wp-image-1018\" alt=\"\" srcset=\"https:\/\/i0.wp.com\/inside-toulouse.com\/wp-content\/uploads\/2024\/08\/BASE2.png?w=1920&amp;ssl=1 1920w, https:\/\/i0.wp.com\/inside-toulouse.com\/wp-content\/uploads\/2024\/08\/BASE2.png?resize=300%2C300&amp;ssl=1 300w, https:\/\/i0.wp.com\/inside-toulouse.com\/wp-content\/uploads\/2024\/08\/BASE2.png?resize=1024%2C1024&amp;ssl=1 1024w, https:\/\/i0.wp.com\/inside-toulouse.com\/wp-content\/uploads\/2024\/08\/BASE2.png?resize=150%2C150&amp;ssl=1 150w, https:\/\/i0.wp.com\/inside-toulouse.com\/wp-content\/uploads\/2024\/08\/BASE2.png?resize=768%2C768&amp;ssl=1 768w, https:\/\/i0.wp.com\/inside-toulouse.com\/wp-content\/uploads\/2024\/08\/BASE2.png?resize=1536%2C1536&amp;ssl=1 1536w, https:\/\/i0.wp.com\/inside-toulouse.com\/wp-content\/uploads\/2024\/08\/BASE2.png?w=1600 1600w\" sizes=\"(max-width: 800px) 100vw, 800px\" \/>\t\t\t\t\t\t\t\t\t\t\t\t\t\t\t<\/div>\n\t\t\t\t<\/div>\n\t\t\t\t<\/div>\n\t\t\t\t\t<\/div>\n\t\t\t\t<\/div>\n\t\t\t\t<\/div>\n\t\t<div class=\"elementor-element elementor-element-15003075 e-flex e-con-boxed e-con e-parent\" data-id=\"15003075\" data-element_type=\"container\" data-e-type=\"container\" data-settings=\"{&quot;background_background&quot;:&quot;classic&quot;}\">\n\t\t\t\t\t<div class=\"e-con-inner\">\n\t\t\t\t<div class=\"elementor-element elementor-element-23e1b8be elementor-align-center elementor-widget elementor-widget-button\" data-id=\"23e1b8be\" data-element_type=\"widget\" data-e-type=\"widget\" data-widget_type=\"button.default\">\n\t\t\t\t<div class=\"elementor-widget-container\">\n\t\t\t\t\t\t\t\t\t<div class=\"elementor-button-wrapper\">\n\t\t\t\t\t<a class=\"elementor-button elementor-button-link elementor-size-sm elementor-animation-grow\" href=\"https:\/\/inside-toulouse.com\/\">\n\t\t\t\t\t\t<span class=\"elementor-button-content-wrapper\">\n\t\t\t\t\t\t\t\t\t<span class=\"elementor-button-text\">Retour<\/span>\n\t\t\t\t\t<\/span>\n\t\t\t\t\t<\/a>\n\t\t\t\t<\/div>\n\t\t\t\t\t\t\t\t<\/div>\n\t\t\t\t<\/div>\n\t\t\t\t\t<\/div>\n\t\t\t\t<\/div>\n\t\t<div class=\"elementor-element elementor-element-3d28112f e-flex e-con-boxed e-con e-parent\" data-id=\"3d28112f\" data-element_type=\"container\" data-e-type=\"container\" data-settings=\"{&quot;background_background&quot;:&quot;gradient&quot;}\">\n\t\t\t\t\t<div class=\"e-con-inner\">\n\t\t<div class=\"elementor-element elementor-element-30e0bd58 e-con-full e-flex e-con e-child\" data-id=\"30e0bd58\" data-element_type=\"container\" data-e-type=\"container\">\n\t\t<div class=\"elementor-element elementor-element-4e4a34da e-con-full e-flex e-con e-child\" data-id=\"4e4a34da\" data-element_type=\"container\" data-e-type=\"container\">\n\t\t\t\t<div class=\"elementor-element elementor-element-3bd4da87 elementor-widget elementor-widget-image\" data-id=\"3bd4da87\" data-element_type=\"widget\" data-e-type=\"widget\" data-widget_type=\"image.default\">\n\t\t\t\t<div class=\"elementor-widget-container\">\n\t\t\t\t\t\t\t\t\t\t\t\t\t\t\t<img loading=\"lazy\" decoding=\"async\" width=\"81\" height=\"81\" src=\"https:\/\/inside-toulouse.com\/wp-content\/uploads\/2024\/06\/ESPACE-BLANC.svg\" class=\"attachment-large size-large wp-image-231\" alt=\"\" \/>\t\t\t\t\t\t\t\t\t\t\t\t\t\t\t<\/div>\n\t\t\t\t<\/div>\n\t\t\t\t<div class=\"elementor-element elementor-element-83119f4 elementor-widget elementor-widget-image\" data-id=\"83119f4\" data-element_type=\"widget\" data-e-type=\"widget\" data-widget_type=\"image.default\">\n\t\t\t\t<div class=\"elementor-widget-container\">\n\t\t\t\t\t\t\t\t\t\t\t\t\t\t\t<img loading=\"lazy\" decoding=\"async\" width=\"81\" height=\"81\" src=\"https:\/\/inside-toulouse.com\/wp-content\/uploads\/2024\/06\/GRAPHIQUE-BLANC.svg\" class=\"attachment-large size-large wp-image-230\" alt=\"\" \/>\t\t\t\t\t\t\t\t\t\t\t\t\t\t\t<\/div>\n\t\t\t\t<\/div>\n\t\t\t\t<\/div>\n\t\t<div class=\"elementor-element elementor-element-3909e149 e-con-full e-flex e-con e-child\" data-id=\"3909e149\" data-element_type=\"container\" data-e-type=\"container\">\n\t\t\t\t<div class=\"elementor-element elementor-element-5db95c70 elementor-widget elementor-widget-text-editor\" data-id=\"5db95c70\" data-element_type=\"widget\" data-e-type=\"widget\" data-widget_type=\"text-editor.default\">\n\t\t\t\t<div class=\"elementor-widget-container\">\n\t\t\t\t\t\t\t\t\t<p>Du Lundi au Vendredi<br \/>09h00 \u00e0 19h00<br \/>(18h00 le vendredi)<\/p>\t\t\t\t\t\t\t\t<\/div>\n\t\t\t\t<\/div>\n\t\t\t\t<\/div>\n\t\t<div class=\"elementor-element elementor-element-17c0854d e-con-full e-flex e-con e-child\" data-id=\"17c0854d\" data-element_type=\"container\" data-e-type=\"container\">\n\t\t\t\t<div class=\"elementor-element elementor-element-38587dc6 elementor-widget elementor-widget-text-editor\" data-id=\"38587dc6\" data-element_type=\"widget\" data-e-type=\"widget\" data-widget_type=\"text-editor.default\">\n\t\t\t\t<div class=\"elementor-widget-container\">\n\t\t\t\t\t\t\t\t\t<p>4 bis all\u00e9e de Longueterre<br \/>31850 Montrab\u00e9<br \/>05 34 67 12 89<\/p>\t\t\t\t\t\t\t\t<\/div>\n\t\t\t\t<\/div>\n\t\t\t\t<\/div>\n\t\t<div class=\"elementor-element elementor-element-38e847b1 e-con-full e-flex e-con e-child\" data-id=\"38e847b1\" data-element_type=\"container\" data-e-type=\"container\">\n\t\t\t\t<div class=\"elementor-element elementor-element-1f79925f elementor-widget elementor-widget-text-editor\" data-id=\"1f79925f\" data-element_type=\"widget\" data-e-type=\"widget\" data-widget_type=\"text-editor.default\">\n\t\t\t\t<div class=\"elementor-widget-container\">\n\t\t\t\t\t\t\t\t\t<p><a href=\"#\">D\u00e9marche RSE<\/a><br \/><a href=\"#\">Mentions l\u00e9gales<\/a><br \/><a href=\"#\">CGV<\/a><\/p>\t\t\t\t\t\t\t\t<\/div>\n\t\t\t\t<\/div>\n\t\t\t\t<\/div>\n\t\t\t\t<\/div>\n\t\t<div class=\"elementor-element elementor-element-773b8e89 e-con-full e-flex e-con e-child\" data-id=\"773b8e89\" data-element_type=\"container\" data-e-type=\"container\">\n\t\t\t\t<div class=\"elementor-element elementor-element-618abfe3 elementor-widget elementor-widget-image\" data-id=\"618abfe3\" data-element_type=\"widget\" data-e-type=\"widget\" data-widget_type=\"image.default\">\n\t\t\t\t<div class=\"elementor-widget-container\">\n\t\t\t\t\t\t\t\t\t\t\t\t\t\t\t<img decoding=\"async\" width=\"70\" height=\"32\" src=\"https:\/\/inside-toulouse.com\/wp-content\/uploads\/2024\/05\/logo-inside.svg\" class=\"attachment-large size-large wp-image-32\" alt=\"\" \/>\t\t\t\t\t\t\t\t\t\t\t\t\t\t\t<\/div>\n\t\t\t\t<\/div>\n\t\t\t\t<\/div>\n\t\t\t\t\t<\/div>\n\t\t\t\t<\/div>\n\t\t\t\t<\/div>\n\t\t","protected":false},"excerpt":{"rendered":"<p>LE STUDIO DESIGN GRAPHIQUE DESIGN D&#8217;ESPACE L&#8217;EQUIPE STM X INSIDE CONTACT Designd&#8217;espace Claustras sur mesure La cr\u00e9ation de claustras en bois sur mesure est d\u00e9sormais r\u00e9volutionn\u00e9e par l&#8217;utilisation de logiciels de conception 3D. Cette technologie permet de r\u00e9aliser des designs 100% personnalis\u00e9s, adapt\u00e9s aux go\u00fbts et besoins sp\u00e9cifiques de chaque client. Gr\u00e2ce \u00e0 la mod\u00e9lisation [&hellip;]<\/p>\n","protected":false},"author":1,"featured_media":0,"parent":0,"menu_order":0,"comment_status":"closed","ping_status":"closed","template":"","meta":{"footnotes":""},"class_list":["post-1008","page","type-page","status-publish","hentry"],"jetpack-related-posts":[],"jetpack_sharing_enabled":true,"_links":{"self":[{"href":"https:\/\/inside-toulouse.com\/index.php\/wp-json\/wp\/v2\/pages\/1008","targetHints":{"allow":["GET"]}}],"collection":[{"href":"https:\/\/inside-toulouse.com\/index.php\/wp-json\/wp\/v2\/pages"}],"about":[{"href":"https:\/\/inside-toulouse.com\/index.php\/wp-json\/wp\/v2\/types\/page"}],"author":[{"embeddable":true,"href":"https:\/\/inside-toulouse.com\/index.php\/wp-json\/wp\/v2\/users\/1"}],"replies":[{"embeddable":true,"href":"https:\/\/inside-toulouse.com\/index.php\/wp-json\/wp\/v2\/comments?post=1008"}],"version-history":[{"count":25,"href":"https:\/\/inside-toulouse.com\/index.php\/wp-json\/wp\/v2\/pages\/1008\/revisions"}],"predecessor-version":[{"id":1102,"href":"https:\/\/inside-toulouse.com\/index.php\/wp-json\/wp\/v2\/pages\/1008\/revisions\/1102"}],"wp:attachment":[{"href":"https:\/\/inside-toulouse.com\/index.php\/wp-json\/wp\/v2\/media?parent=1008"}],"curies":[{"name":"wp","href":"https:\/\/api.w.org\/{rel}","templated":true}]}}